{"id":5496,"date":"2022-02-18T10:44:43","date_gmt":"2022-02-18T09:44:43","guid":{"rendered":"https:\/\/forestschools.eu\/price-list\/"},"modified":"2022-03-16T15:29:37","modified_gmt":"2022-03-16T14:29:37","slug":"arlista","status":"publish","type":"page","link":"https:\/\/forestschools.eu\/hu\/arlista\/","title":{"rendered":"\u00c1rlista"},"content":{"rendered":"<p><a href=\"https:\/\/forestschools.eu\/wp-content\/uploads\/2022\/03\/cennik-hu-scaled.jpg\"><img loading=\"lazy\" decoding=\"async\" class=\"alignnone size-full wp-image-5497\" src=\"https:\/\/forestschools.eu\/wp-content\/uploads\/2022\/03\/cennik-hu-scaled.jpg\" alt=\"\" width=\"1821\" height=\"2560\" srcset=\"https:\/\/forestschools.eu\/wp-content\/uploads\/2022\/03\/cennik-hu-scaled.jpg 1821w, https:\/\/forestschools.eu\/wp-content\/uploads\/2022\/03\/cennik-hu-213x300.jpg 213w, https:\/\/forestschools.eu\/wp-content\/uploads\/2022\/03\/cennik-hu-729x1024.jpg 729w, https:\/\/forestschools.eu\/wp-content\/uploads\/2022\/03\/cennik-hu-768x1080.jpg 768w, https:\/\/forestschools.eu\/wp-content\/uploads\/2022\/03\/cennik-hu-1093x1536.jpg 1093w, https:\/\/forestschools.eu\/wp-content\/uploads\/2022\/03\/cennik-hu-1457x2048.jpg 1457w, https:\/\/forestschools.eu\/wp-content\/uploads\/2022\/03\/cennik-hu-242x340.jpg 242w, https:\/\/forestschools.eu\/wp-content\/uploads\/2022\/03\/cennik-hu-1157x1627.jpg 1157w\" sizes=\"auto, (max-width: 1821px) 100vw, 1821px\" \/><\/a><\/p>\n","protected":false},"excerpt":{"rendered":"","protected":false},"author":2,"featured_media":0,"parent":0,"menu_order":0,"comment_status":"closed","ping_status":"closed","template":"","meta":{"_acf_changed":false,"inline_featured_image":false,"footnotes":""},"class_list":["post-5496","page","type-page","status-publish","hentry"],"acf":[],"yoast_head":"<!-- This site is optimized with the Yoast SEO plugin v27.4 - https:\/\/yoast.com\/product\/yoast-seo-wordpress\/ -->\n<title>\u00c1rlista - Forestschools.eu<\/title>\n<meta name=\"robots\" content=\"index, follow, max-snippet:-1, max-image-preview:large, max-video-preview:-1\" \/>\n<link rel=\"canonical\" href=\"https:\/\/forestschools.eu\/hu\/arlista\/\" \/>\n<meta property=\"og:locale\" content=\"hu_HU\" \/>\n<meta property=\"og:type\" content=\"article\" \/>\n<meta property=\"og:title\" content=\"\u00c1rlista - Forestschools.eu\" \/>\n<meta property=\"og:url\" content=\"https:\/\/forestschools.eu\/hu\/arlista\/\" \/>\n<meta property=\"og:site_name\" content=\"Forestschools.eu\" \/>\n<meta property=\"article:publisher\" content=\"https:\/\/www.facebook.com\/LESYSRstatnypodnik\" \/>\n<meta property=\"article:modified_time\" content=\"2022-03-16T14:29:37+00:00\" \/>\n<meta property=\"og:image\" content=\"https:\/\/forestschools.eu\/wp-content\/uploads\/2022\/03\/cennik-hu-scaled.jpg\" \/>\n<meta name=\"twitter:card\" content=\"summary_large_image\" \/>\n<meta name=\"twitter:label1\" content=\"Est. reading time\" \/>\n\t<meta name=\"twitter:data1\" content=\"1 minute\" \/>\n<script type=\"application\/ld+json\" class=\"yoast-schema-graph\">{\"@context\":\"https:\\\/\\\/schema.org\",\"@graph\":[{\"@type\":\"WebPage\",\"@id\":\"https:\\\/\\\/forestschools.eu\\\/hu\\\/arlista\\\/\",\"url\":\"https:\\\/\\\/forestschools.eu\\\/hu\\\/arlista\\\/\",\"name\":\"\u00c1rlista - Forestschools.eu\",\"isPartOf\":{\"@id\":\"https:\\\/\\\/forestschools.eu\\\/hu\\\/#website\"},\"primaryImageOfPage\":{\"@id\":\"https:\\\/\\\/forestschools.eu\\\/hu\\\/arlista\\\/#primaryimage\"},\"image\":{\"@id\":\"https:\\\/\\\/forestschools.eu\\\/hu\\\/arlista\\\/#primaryimage\"},\"thumbnailUrl\":\"https:\\\/\\\/forestschools.eu\\\/wp-content\\\/uploads\\\/2022\\\/03\\\/cennik-hu-scaled.jpg\",\"datePublished\":\"2022-02-18T09:44:43+00:00\",\"dateModified\":\"2022-03-16T14:29:37+00:00\",\"breadcrumb\":{\"@id\":\"https:\\\/\\\/forestschools.eu\\\/hu\\\/arlista\\\/#breadcrumb\"},\"inLanguage\":\"hu-HU\",\"potentialAction\":[{\"@type\":\"ReadAction\",\"target\":[\"https:\\\/\\\/forestschools.eu\\\/hu\\\/arlista\\\/\"]}]},{\"@type\":\"ImageObject\",\"inLanguage\":\"hu-HU\",\"@id\":\"https:\\\/\\\/forestschools.eu\\\/hu\\\/arlista\\\/#primaryimage\",\"url\":\"https:\\\/\\\/forestschools.eu\\\/wp-content\\\/uploads\\\/2022\\\/03\\\/cennik-hu-scaled.jpg\",\"contentUrl\":\"https:\\\/\\\/forestschools.eu\\\/wp-content\\\/uploads\\\/2022\\\/03\\\/cennik-hu-scaled.jpg\"},{\"@type\":\"BreadcrumbList\",\"@id\":\"https:\\\/\\\/forestschools.eu\\\/hu\\\/arlista\\\/#breadcrumb\",\"itemListElement\":[{\"@type\":\"ListItem\",\"position\":1,\"name\":\"Home\",\"item\":\"https:\\\/\\\/forestschools.eu\\\/hu\\\/uvod\\\/\"},{\"@type\":\"ListItem\",\"position\":2,\"name\":\"\u00c1rlista\"}]},{\"@type\":\"WebSite\",\"@id\":\"https:\\\/\\\/forestschools.eu\\\/hu\\\/#website\",\"url\":\"https:\\\/\\\/forestschools.eu\\\/hu\\\/\",\"name\":\"Forestschools.eu\",\"description\":\"LESY SR, \u0161t\u00e1tny podnik organiza\u010dn\u00e1 zlo\u017eka OZ Podunajsko\",\"publisher\":{\"@id\":\"https:\\\/\\\/forestschools.eu\\\/hu\\\/#organization\"},\"potentialAction\":[{\"@type\":\"SearchAction\",\"target\":{\"@type\":\"EntryPoint\",\"urlTemplate\":\"https:\\\/\\\/forestschools.eu\\\/hu\\\/?s={search_term_string}\"},\"query-input\":{\"@type\":\"PropertyValueSpecification\",\"valueRequired\":true,\"valueName\":\"search_term_string\"}}],\"inLanguage\":\"hu-HU\"},{\"@type\":\"Organization\",\"@id\":\"https:\\\/\\\/forestschools.eu\\\/hu\\\/#organization\",\"name\":\"Forestschools.eu\",\"url\":\"https:\\\/\\\/forestschools.eu\\\/hu\\\/\",\"logo\":{\"@type\":\"ImageObject\",\"inLanguage\":\"hu-HU\",\"@id\":\"https:\\\/\\\/forestschools.eu\\\/hu\\\/#\\\/schema\\\/logo\\\/image\\\/\",\"url\":\"https:\\\/\\\/forestschools.eu\\\/wp-content\\\/uploads\\\/2020\\\/05\\\/logo.svg\",\"contentUrl\":\"https:\\\/\\\/forestschools.eu\\\/wp-content\\\/uploads\\\/2020\\\/05\\\/logo.svg\",\"caption\":\"Forestschools.eu\"},\"image\":{\"@id\":\"https:\\\/\\\/forestschools.eu\\\/hu\\\/#\\\/schema\\\/logo\\\/image\\\/\"},\"sameAs\":[\"https:\\\/\\\/www.facebook.com\\\/LESYSRstatnypodnik\"]}]}<\/script>\n<!-- \/ Yoast SEO plugin. -->","yoast_head_json":{"title":"\u00c1rlista - Forestschools.eu","robots":{"index":"index","follow":"follow","max-snippet":"max-snippet:-1","max-image-preview":"max-image-preview:large","max-video-preview":"max-video-preview:-1"},"canonical":"https:\/\/forestschools.eu\/hu\/arlista\/","og_locale":"hu_HU","og_type":"article","og_title":"\u00c1rlista - Forestschools.eu","og_url":"https:\/\/forestschools.eu\/hu\/arlista\/","og_site_name":"Forestschools.eu","article_publisher":"https:\/\/www.facebook.com\/LESYSRstatnypodnik","article_modified_time":"2022-03-16T14:29:37+00:00","og_image":[{"url":"https:\/\/forestschools.eu\/wp-content\/uploads\/2022\/03\/cennik-hu-scaled.jpg","type":"","width":"","height":""}],"twitter_card":"summary_large_image","twitter_misc":{"Est. reading time":"1 minute"},"schema":{"@context":"https:\/\/schema.org","@graph":[{"@type":"WebPage","@id":"https:\/\/forestschools.eu\/hu\/arlista\/","url":"https:\/\/forestschools.eu\/hu\/arlista\/","name":"\u00c1rlista - Forestschools.eu","isPartOf":{"@id":"https:\/\/forestschools.eu\/hu\/#website"},"primaryImageOfPage":{"@id":"https:\/\/forestschools.eu\/hu\/arlista\/#primaryimage"},"image":{"@id":"https:\/\/forestschools.eu\/hu\/arlista\/#primaryimage"},"thumbnailUrl":"https:\/\/forestschools.eu\/wp-content\/uploads\/2022\/03\/cennik-hu-scaled.jpg","datePublished":"2022-02-18T09:44:43+00:00","dateModified":"2022-03-16T14:29:37+00:00","breadcrumb":{"@id":"https:\/\/forestschools.eu\/hu\/arlista\/#breadcrumb"},"inLanguage":"hu-HU","potentialAction":[{"@type":"ReadAction","target":["https:\/\/forestschools.eu\/hu\/arlista\/"]}]},{"@type":"ImageObject","inLanguage":"hu-HU","@id":"https:\/\/forestschools.eu\/hu\/arlista\/#primaryimage","url":"https:\/\/forestschools.eu\/wp-content\/uploads\/2022\/03\/cennik-hu-scaled.jpg","contentUrl":"https:\/\/forestschools.eu\/wp-content\/uploads\/2022\/03\/cennik-hu-scaled.jpg"},{"@type":"BreadcrumbList","@id":"https:\/\/forestschools.eu\/hu\/arlista\/#breadcrumb","itemListElement":[{"@type":"ListItem","position":1,"name":"Home","item":"https:\/\/forestschools.eu\/hu\/uvod\/"},{"@type":"ListItem","position":2,"name":"\u00c1rlista"}]},{"@type":"WebSite","@id":"https:\/\/forestschools.eu\/hu\/#website","url":"https:\/\/forestschools.eu\/hu\/","name":"Forestschools.eu","description":"LESY SR, \u0161t\u00e1tny podnik organiza\u010dn\u00e1 zlo\u017eka OZ Podunajsko","publisher":{"@id":"https:\/\/forestschools.eu\/hu\/#organization"},"potentialAction":[{"@type":"SearchAction","target":{"@type":"EntryPoint","urlTemplate":"https:\/\/forestschools.eu\/hu\/?s={search_term_string}"},"query-input":{"@type":"PropertyValueSpecification","valueRequired":true,"valueName":"search_term_string"}}],"inLanguage":"hu-HU"},{"@type":"Organization","@id":"https:\/\/forestschools.eu\/hu\/#organization","name":"Forestschools.eu","url":"https:\/\/forestschools.eu\/hu\/","logo":{"@type":"ImageObject","inLanguage":"hu-HU","@id":"https:\/\/forestschools.eu\/hu\/#\/schema\/logo\/image\/","url":"https:\/\/forestschools.eu\/wp-content\/uploads\/2020\/05\/logo.svg","contentUrl":"https:\/\/forestschools.eu\/wp-content\/uploads\/2020\/05\/logo.svg","caption":"Forestschools.eu"},"image":{"@id":"https:\/\/forestschools.eu\/hu\/#\/schema\/logo\/image\/"},"sameAs":["https:\/\/www.facebook.com\/LESYSRstatnypodnik"]}]}},"_links":{"self":[{"href":"https:\/\/forestschools.eu\/hu\/wp-json\/wp\/v2\/pages\/5496","targetHints":{"allow":["GET"]}}],"collection":[{"href":"https:\/\/forestschools.eu\/hu\/wp-json\/wp\/v2\/pages"}],"about":[{"href":"https:\/\/forestschools.eu\/hu\/wp-json\/wp\/v2\/types\/page"}],"author":[{"embeddable":true,"href":"https:\/\/forestschools.eu\/hu\/wp-json\/wp\/v2\/users\/2"}],"replies":[{"embeddable":true,"href":"https:\/\/forestschools.eu\/hu\/wp-json\/wp\/v2\/comments?post=5496"}],"version-history":[{"count":1,"href":"https:\/\/forestschools.eu\/hu\/wp-json\/wp\/v2\/pages\/5496\/revisions"}],"predecessor-version":[{"id":5500,"href":"https:\/\/forestschools.eu\/hu\/wp-json\/wp\/v2\/pages\/5496\/revisions\/5500"}],"wp:attachment":[{"href":"https:\/\/forestschools.eu\/hu\/wp-json\/wp\/v2\/media?parent=5496"}],"curies":[{"name":"wp","href":"https:\/\/api.w.org\/{rel}","templated":true}]}}