{"id":3329,"date":"2021-05-28T20:58:11","date_gmt":"2021-05-28T18:58:11","guid":{"rendered":"https:\/\/forestschools.eu\/?page_id=3329"},"modified":"2022-03-18T11:04:35","modified_gmt":"2022-03-18T10:04:35","slug":"latogatoi-sorrend","status":"publish","type":"page","link":"https:\/\/forestschools.eu\/hu\/latogatoi-sorrend\/","title":{"rendered":"L\u00e1togat\u00f3i sorrend"},"content":{"rendered":"<h2 style=\"text-align: center;\"><strong>A L\u00c9VAI ERD\u00c9SZETI \u00dcZEM ERDEI ISKOLA L\u00c1TOGAT\u00d3KRA VONATKOZ\u00d3 SZAB\u00c1LYKONYVE<\/strong><\/h2>\n<p>&nbsp;<\/p>\n<h3 style=\"text-align: center;\">Preambulum<\/h3>\n<div>\n<p>Az erdei iskola l\u00e1togat\u00f3i szab\u00e1lyai az erdei iskola helyis\u00e9geiben tal\u00e1lhat\u00f3 l\u00e1togat\u00f3kra vonatkoznak. A l\u00e1togat\u00f3 saj\u00e1t \u00e9rdeke, hogy az Erdei Iskola helyis\u00e9geibe val\u00f3 bel\u00e9p\u00e9s el\u0151tt megismerkedjen ezekkel a l\u00e1togat\u00f3i szab\u00e1lyokkal, \u00e9s betartsa annak rendelkez\u00e9seit. Az Erdei Iskola helyis\u00e9geibe bel\u00e9pve minden l\u00e1togat\u00f3nak el kell fogadnia ezeket a szab\u00e1lyokat, \u00e9s annak rendelkez\u00e9sei k\u00f6telez\u0151v\u00e9 v\u00e1lnak sz\u00e1m\u00e1ra.<\/p>\n<\/div>\n<p>&nbsp;<\/p>\n<h3 style=\"text-align: center;\">I. cikk<\/h3>\n<h3 style=\"text-align: center;\">\u00dczemid\u0151<\/h3>\n<h3><\/h3>\n<p>Az Erdei Iskola (a tov\u00e1bbiakban: EI) helyis\u00e9geinek l\u00e1togat\u00e1si ideje folyamatosan friss\u00fcl a www.forestschools.eu oldalon.<\/p>\n<p>&nbsp;<\/p>\n<h3 style=\"text-align: center;\">II. cikk<\/h3>\n<h3 style=\"text-align: center;\"><span lang=\"HU\">L\u00e1togat\u00f3i szab\u00e1lyzat &#8211; bel\u00e9p\u0151d\u00edj<\/span><\/h3>\n<p>&nbsp;<\/p>\n<ol>\n<li>A bel\u00e9p\u0151 az erdei iskola \u00e9p\u00fclet\u00e9be \u00e9rv\u00e9nyes<\/li>\n<li>Az \u00e9p\u00fclet bej\u00e1rat\u00e1n\u00e1l a l\u00e1togat\u00f3 a bej\u00e1ratban k\u00f6teles jegyet v\u00e1ltani, melyet az erdei iskola munkat\u00e1rsainak k\u00e9r\u00e9s\u00e9re a teljes l\u00e1togat\u00e1s alatt b\u00e1rmikor fel kell mutatni.<\/li>\n<li>A jegy a v\u00e1s\u00e1rl\u00e1s napj\u00e1n egy bel\u00e9p\u00e9sre \u00e9rv\u00e9nyes. A megv\u00e1s\u00e1rolt jegyeket nem lehet visszav\u00e1ltani.<\/li>\n<li>A bel\u00e9p\u0151d\u00edjak \u00e9s d\u00edjak el\u0151zetes foglal\u00e1shoz k\u00f6t\u00f6ttek<\/li>\n<\/ol>\n<p>&nbsp;<\/p>\n<h3 style=\"text-align: center;\">III. cikk<\/h3>\n<h3 style=\"text-align: center;\">M\u0171k\u00f6d\u00e9si \u00e9s szervezeti biztons\u00e1g<\/h3>\n<p>&nbsp;<\/p>\n<ol>\n<li>Az EI helyis\u00e9geibe csak erdei pedag\u00f3gus t\u00e1rsas\u00e1g\u00e1ban szabad bel\u00e9pni. A csoportok nagys\u00e1ga az \u00e9p\u00fclet m\u0171k\u00f6d\u00e9si k\u00e9pess\u00e9gein alapul, tiszteletben tartja az \u00e9p\u00fclet biztons\u00e1g\u00e1t, ki\u00e1ll\u00edt\u00e1sait \u00e9s az \u00e9lm\u00e9nyszer\u0171 k\u00f6rnyezeti oktat\u00e1s k\u00e9pess\u00e9g\u00e9t<\/li>\n<li>Az egyes bel\u00e9p\u00e9sek k\u00f6z\u00f6tti intervallumot korl\u00e1tozz\u00e1k az \u00fczemeltet\u00e9si felt\u00e9telek, az \u00e9p\u00fclet biztons\u00e1ga, a gy\u0171jtem\u00e9nyek \u00e9s a l\u00e1togat\u00f3k<\/li>\n<li>A pedag\u00f3giai fel\u00fcgyelet elv\u00e9gz\u00e9s\u00e9t a program sor\u00e1n a regisztr\u00e1lt iskol\u00e1k biztos\u00edtj\u00e1k<\/li>\n<li>A program sor\u00e1n f\u00e9nyk\u00e9pdokument\u00e1ci\u00f3 k\u00e9sz\u00fcl, amelyet az EIoktat\u00e1si \u00e9s prom\u00f3ci\u00f3s tev\u00e9kenys\u00e9g\u00e9hez haszn\u00e1l fel (a regisztr\u00e1lt iskol\u00e1k a tanul\u00f3k f\u00e9nyk\u00e9peinek k\u00f6zz\u00e9t\u00e9tel\u00e9hez bebiztos\u00edtj\u00e1k a gyermek t\u00f6rv\u00e9nyes k\u00e9pviselet\u00e9nek beleegyez\u00e9s\u00e9t).<\/li>\n<li>10, max. 25 f\u0151 vehet r\u00e9szt a programokon (vagy m\u00e1s, az EI vezet\u00e9s\u00e9vel egyeztetve)<\/li>\n<li>A program hossza &#8211; a t\u00e9m\u00e1t\u00f3l, tev\u00e9kenys\u00e9g\u00e9t\u0151l \u00e9s a csoport \u00e9letkori \u00f6sszet\u00e9tel\u00e9t\u0151l f\u00fcgg\u0151en<\/li>\n<li>Cikk<\/li>\n<\/ol>\n<h3 style=\"text-align: center;\">IV. cikk<\/h3>\n<h3 style=\"text-align: center;\">A l\u00e1togat\u00f3k k\u00f6telezetts\u00e9gei<\/h3>\n<p>&nbsp;<\/p>\n<ol>\n<li>A l\u00e1togat\u00f3 k\u00f6teles a szem\u00e9lyzet utas\u00edt\u00e1sait betartani az EI-ba val\u00f3 bel\u00e9p\u00e9skor<\/li>\n<li>10 \u00e9vesn\u00e9l fiatalabb gyermek csak akkor l\u00e9phet be, ha sz\u00fcl\u0151je vagy m\u00e1s, 18 \u00e9ven fel\u00fcli feln\u0151tt k\u00eds\u00e9ret\u00e9ben van, aki felel\u0151s a viselked\u00e9s\u00e9\u00e9rt<\/li>\n<li>Csoport (iskolai kir\u00e1ndul\u00e1sok) vagy m\u00e1s m\u00f3don szervezett csoportok eset\u00e9n a tan\u00e1r a csoport\u00e9rt felel, m\u00e1s csoportokn\u00e1l a csoportvezet\u0151<\/li>\n<li>A l\u00e1togat\u00f3k naperny\u0151kkel, terjedelmes t\u00e1sk\u00e1kkal, h\u00e1tizs\u00e1kokkal vagy m\u00e1s poggy\u00e1szokkal nem l\u00e9phetnek be az EI helyis\u00e9geibe (szem\u00e9lyes t\u00e1rgyak az \u00f6lt\u00f6z\u0151ben t\u00e1rolhat\u00f3k).<\/li>\n<li>Az EI l\u00e1togat\u00f3ja k\u00f6teles \u00fagy viselkedni, hogy ne csak az eg\u00e9szs\u00e9g\u00e9t, hanem az Erdei Iskola t\u00f6bbi l\u00e1togat\u00f3j\u00e1nak \u00e9s alkalmazottainak eg\u00e9szs\u00e9g\u00e9t se vesz\u00e9lyeztesse. Akad\u00e1lymentes hozz\u00e1f\u00e9r\u00e9st biztos\u00edtanak. Az EI-ban t\u00f6rt\u00e9n\u0151 mozg\u00e1s sor\u00e1n figyelni kell a fokozott figyelemre a l\u00e9pcs\u0151n, tilos az ablakokb\u00f3l kihajolni \u00e9s a gyerekeket az ablakp\u00e1rk\u00e1nyokra emelni. A teraszon tart\u00f3zkodva tilos a v\u00e9d\u0151fal \u00e9lei f\u00f6l\u00e9 hajolni \u00e9s rajta \u00fclni. Tilos az EI helyis\u00e9geiben fel\u00fcgyelet n\u00e9lk\u00fcl spont\u00e1n mozogni, a ki\u00e1ll\u00edtott t\u00e1rgyakat meg\u00e9rinteni<\/li>\n<li>A l\u00e1togat\u00f3 k\u00f6teless\u00e9ge \u00e1tadni az EI \u00e9p\u00fclet\u00e9ben tal\u00e1lt t\u00e1rgyakat az EI vezet\u0151s\u00e9g\u00e9nek, aki azokat biztos\u00edtani fogja, majd k\u00e9s\u0151bb \u00e1tadja a tulajdonosnak.<\/li>\n<li>Az a l\u00e1togat\u00f3, aki cselekedeteivel k\u00e1rt okoz, k\u00f6teles azt teljes eg\u00e9sz\u00e9ben megfizetni. A sz\u00fcl\u0151k, a gyermek t\u00f6rv\u00e9nyes gondvisel\u0151i vagy a pedag\u00f3giai fel\u00fcgyelet teljes felel\u0151ss\u00e9ggel tartoznak a 18 \u00e9v alatti gyermekek \u00e1ltal okozott k\u00e1rok\u00e9rt. K\u00e1rosod\u00e1s eset\u00e9n \u00e1ltal\u00e1ban k\u00f6telez\u0151 \u00e9rv\u00e9ny\u0171 el\u0151\u00edr\u00e1sok \u00e9rv\u00e9nyesek<\/li>\n<li>Az EI nem felel\u0151s a l\u00e1togat\u00f3 \u00e1ltal a saj\u00e1t gondatlans\u00e1ga vagy a jelen l\u00e1togat\u00f3i szab\u00e1lyok be nem tart\u00e1sa \u00e1ltal okozott s\u00e9r\u00fcl\u00e9sek\u00e9rt.<\/li>\n<li>A l\u00e1togat\u00f3k k\u00f6telesek helyre\u00e1ll\u00edtani a programban haszn\u00e1lt \u00f6sszes elemet<\/li>\n<\/ol>\n<p>&nbsp;<\/p>\n<h3 style=\"text-align: center;\">V. cikk<\/h3>\n<h3 style=\"text-align: center;\">T\u00e1rgyv\u00e9delem, biztons\u00e1g \u00e9s gy\u0171jtem\u00e9nyek v\u00e9delme<\/h3>\n<p>&nbsp;<\/p>\n<ol>\n<li>A l\u00e1togat\u00f3k k\u00f6telesek tiszteletben tartani az EI szem\u00e9lyzet\u00e9nek utas\u00edt\u00e1sait. A l\u00e1togat\u00f3k, az objektum vagy a gy\u0171jtem\u00e9nyek biztons\u00e1ga \u00e9rdek\u00e9ben kiadott utas\u00edt\u00e1sok vagy utas\u00edt\u00e1sok ir\u00e1nti engedetlens\u00e9g eset\u00e9n a l\u00e1togat\u00f3t kiz\u00e1rj\u00e1k az objektumb\u00f3l.<\/li>\n<li>Azok a szem\u00e9lyek, akik szemmel l\u00e1that\u00f3an alkohol vagy m\u00e1s k\u00e1b\u00edt\u00f3szer hat\u00e1sa alatt \u00e1llnak, nem l\u00e9phetnek be az \u00e9p\u00fcletbe \u00e9s a ki\u00e1ll\u00edt\u00e1sokra. Azok a szem\u00e9lyek, akik l\u00e1togat\u00e1sa bizony\u00edthat\u00f3an megzavarhatja a rendet, a biztons\u00e1got \u00e9s a tisztas\u00e1got, megtagadhatj\u00e1k az EI \u00e9p\u00fclet\u00e9be val\u00f3 bel\u00e9p\u00e9st. A l\u00e1togat\u00f3k nem l\u00e9phetnek be az EI helyis\u00e9geibe nagyon koszos vagy egy\u00e9b m\u00f3don alkalmatlan ruh\u00e1ban.<\/li>\n<li>Abban a pillanatban, amikor kider\u00fcl a k\u00e1r vagy a gy\u0171jtem\u00e9nyek elveszt\u00e9se a program sor\u00e1n, az \u00e9p\u00fclet minden l\u00e1togat\u00f3ja k\u00f6teles betartani az EI szem\u00e9lyzet\u00e9nek \u00f6sszes biztons\u00e1gi utas\u00edt\u00e1s\u00e1t, valamint megv\u00e1rni a szlov\u00e1k rend\u0151rs\u00e9g \u00e9rkez\u00e9se.<\/li>\n<li>Tilos az EI tulajdon\u00e1ban l\u00e9v\u0151 t\u00e1rgyakat, annak gy\u0171jtem\u00e9ny\u00e9t \u00e9s oktat\u00e1si t\u00e1rgyait k\u00e1ros\u00edtani vagy vesz\u00e9lyeztetni az EI bels\u0151 \u00e9s k\u00fcls\u0151 ter\u00fcletein.<\/li>\n<li>Tilos az L\u0160-ben, valamint annak l\u00e9tes\u00edtm\u00e9nyeiben:\n<ul>\n<li>doh\u00e1nyozzon \u00e9s kezelni a ny\u00edlt t\u00fczet az eg\u00e9sz \u00e9p\u00fcletben<\/li>\n<li>b\u00e1rmilyen m\u00f3don k\u00e1ros\u00edtani \u00e9s le\u00e9rt\u00e9kelni a t\u00e1rgyakat (falfest\u00e9s, falakba \u00e1s\u00e1s stb.), felszerel\u00e9seket \u00e9s gy\u0171jtem\u00e9nyeket;<\/li>\n<li>vir\u00e1gokat t\u00e9pkedni, \u00e1gakat \u00e9s a ki\u00fcltetett n\u00f6v\u00e9nyeket t\u00f6rdelni<\/li>\n<li>\u00e9rinteni a szabadon l\u00e1that\u00f3 ki\u00e1ll\u00edtott t\u00e1rgyakat<\/li>\n<li>italokat, fagylaltot, r\u00e1g\u00f3gumit, \u00e9teleket, k\u00e1b\u00edt\u00f3szereket \u00e9s pszichotr\u00f3p anyagokat haszn\u00e1lni az EI \u00e9p\u00fclet\u00e9ben<\/li>\n<li>fegyvereket, pirotechnik\u00e1t \u00e9s egy\u00e9b t\u00e1rgyakat bevinni az \u00e9p\u00fcletbe, amelyek vesz\u00e9lyeztethetik az \u00e9p\u00fcletet, a gy\u0171jtem\u00e9nyeket vagy a l\u00e1togat\u00f3kat<\/li>\n<li>elhagyni a program meghat\u00e1rozott ter\u00fcleteit<\/li>\n<li>b\u00e1rmilyen m\u00f3don megzavarja a program zavartalan m\u0171k\u00f6d\u00e9s\u00e9t, nem megfelel\u0151 \u00e9s zajos viselked\u00e9ssel mely korl\u00e1tozza \u00e9s bosszantja a t\u00f6bbi l\u00e1togat\u00f3t, zajongni (besz\u00e9lget\u00e9s, zene, \u00e9nek, mobiltelefonok, t\u00e1blag\u00e9pek, laptopok, r\u00e1di\u00f3, hangsz\u00f3r\u00f3k \u00e9s hasonl\u00f3 tev\u00e9kenys\u00e9gek), valamint a l\u00e1togat\u00f3kat. Ez a magatart\u00e1s a program azonnali kiz\u00e1r\u00e1s\u00e1nak alapja<\/li>\n<li>ablakok \u00e9s ajt\u00f3t nyitni<\/li>\n<li>olyan ter\u00fcletekre l\u00e9pni, amelyeket nem a nyilv\u00e1noss\u00e1g sz\u00e1m\u00e1ra sz\u00e1nnak<\/li>\n<li>g\u00f6rkorcsoly\u00e1val bel\u00e9pni az EI \u00e9p\u00fclet\u00e9be<\/li>\n<li>korl\u00e1tozzni a t\u00f6bbi l\u00e1togat\u00f3 mozg\u00e1s\u00e1t<\/li>\n<li>kuty\u00e1val bel\u00e9pni<\/li>\n<\/ul>\n<\/li>\n<\/ol>\n<p>&nbsp;<\/p>\n<ol start=\"6\">\n<li>Indokolt esetekben az EI vezet\u00e9se megengedheti a l\u00e1togat\u00f3i szab\u00e1lyok al\u00f3li kiv\u00e9telt<\/li>\n<li>A s\u00falyos esem\u00e9nyeket (vesztes\u00e9geket, meg\u00e1llap\u00edt\u00e1sokat, s\u00e9r\u00fcl\u00e9seket stb.) jelenteni kell a k\u00eds\u00e9r\u0151 szem\u00e9lyzetnek.<\/li>\n<\/ol>\n<p>&nbsp;<\/p>\n<h3 style=\"text-align: center;\">VI. cikk<\/h3>\n<h3 style=\"text-align: center;\">A k\u00eds\u00e9r\u0151 szem\u00e9lyzet jogai \u00e9s k\u00f6telezetts\u00e9gei<\/h3>\n<p>&nbsp;<\/p>\n<ol>\n<li>A k\u00eds\u00e9r\u0151 szem\u00e9lyzet jogosult \u00e9rtes\u00edteni a l\u00e1togat\u00f3t a l\u00e1togat\u00f3i szab\u00e1lyzat megs\u00e9rt\u00e9s\u00e9r\u0151l. Abban az esetben, ha a l\u00e1togat\u00f3 int\u00e9s ellen\u00e9re ism\u00e9telten megs\u00e9rti e szab\u00e1lyok rendelkez\u00e9seit, vagy nem hajland\u00f3 betartani az EI felel\u0151s szem\u00e9lyzet\u00e9nek utas\u00edt\u00e1sait, a meghatalmazott alkalmazott kiz\u00e1rhatja az ilyen l\u00e1togat\u00f3t a programb\u00f3l a l\u00e1togat\u00f3 durva \u00e9s ism\u00e9telt megs\u00e9rt\u00e9se miatt.<\/li>\n<\/ol>\n<p>&nbsp;<\/p>\n<p>&nbsp;<\/p>\n<h3 style=\"text-align: center;\">VII. cikk<\/h3>\n<h3 style=\"text-align: center;\">L\u00e1togat\u00e1sok pedag\u00f3giai fel\u00fcgyelettel<\/h3>\n<p>&nbsp;<\/p>\n<ol>\n<li>A 18 \u00e9v alatti gyermekek szervezett iskolai csoportjainak tilos az Erdei Iskol\u00e1ba pedag\u00f3gus fel\u00fcgyelet n\u00e9lk\u00fcl bel\u00e9pni (tan\u00e1rok, oktat\u00f3k)<\/li>\n<li>A pedag\u00f3giai fel\u00fcgyelet (tan\u00e1rok \u00e9s oktat\u00f3k) a k\u00eds\u00e9r\u0151 szem\u00e9lyzet utas\u00edt\u00e1sa alapj\u00e1n k\u00f6teles a tanul\u00f3k \u00e9s serd\u00fcl\u0151 di\u00e1kok viselked\u00e9s\u00e9nek fel\u00fcgyelet\u00e9vel biztos\u00edtani a program zavartalan lebonyol\u00edt\u00e1s\u00e1t.<\/li>\n<li>K\u00edv\u00e1ns\u00e1gokat, dics\u00e9reteket, \u00e9szrev\u00e9teleket \u00e9s panaszokat a l\u00e1togat\u00f3k be\u00edrhatnak a vend\u00e9gk\u00f6nyvbe, amely az EI bej\u00e1rat\u00e1ban tal\u00e1lhat\u00f3.<\/li>\n<\/ol>\n<p>&nbsp;<\/p>\n<p>&nbsp;<\/p>\n<h3 style=\"text-align: center;\">VIII. cikk<\/h3>\n<h3 style=\"text-align: center;\">Z\u00e1r\u00f3 rendelkez\u00e9sek<\/h3>\n<p>&nbsp;<\/p>\n<ol>\n<li>Jelen l\u00e1togat\u00f3i Szab\u00e1lyzat k\u00f6telez\u0151 \u00e9rv\u00e9ny\u0171 a L\u00e9vai Erdei Iskola l\u00e1togat\u00f3i tev\u00e9kenys\u00e9g\u00e9re.<\/li>\n<li>A l\u00e1togat\u00f3i szab\u00e1lyzat azon a napon l\u00e9p hat\u00e1lyba, amikor a\u00a0Podunajsko erd\u00e9szeti \u00fczem igazgat\u00f3ja al\u00e1\u00edrja<\/li>\n<\/ol>\n<p><center><a href=\"https:\/\/forestschools.eu\/wp-content\/uploads\/2022\/02\/podpis.jpg\"><img loading=\"lazy\" decoding=\"async\" class=\"size-full wp-image-5332 aligncenter\" src=\"https:\/\/forestschools.eu\/wp-content\/uploads\/2022\/02\/podpis.jpg\" alt=\"\" width=\"600\" height=\"149\" srcset=\"https:\/\/forestschools.eu\/wp-content\/uploads\/2022\/02\/podpis.jpg 600w, https:\/\/forestschools.eu\/wp-content\/uploads\/2022\/02\/podpis-300x74.jpg 300w\" sizes=\"auto, (max-width: 600px) 100vw, 600px\" \/><\/a><\/center><\/p>\n<p style=\"text-align: center;\">L\u00e9v\u00e1n 2022. M\u00e1rcius 1-\u00e9n<\/p>\n<p style=\"text-align: center;\"><strong>Ing. Jozef Habara<\/strong><\/p>\n<div>\n<p align=\"center\">Podunajsko erd\u00e9szeti \u00fczem igazgat\u00f3ja<\/p>\n<\/div>\n","protected":false},"excerpt":{"rendered":"<p>A L\u00c9VAI ERD\u00c9SZETI \u00dcZEM ERDEI ISKOLA L\u00c1TOGAT\u00d3KRA VONATKOZ\u00d3 SZAB\u00c1LYKONYVE &nbsp; Preambulum Az erdei iskola l\u00e1togat\u00f3i&#8230;<\/p>\n","protected":false},"author":2,"featured_media":0,"parent":0,"menu_order":0,"comment_status":"closed","ping_status":"closed","template":"","meta":{"_acf_changed":false,"inline_featured_image":false,"footnotes":""},"class_list":["post-3329","page","type-page","status-publish","hentry"],"acf":[],"yoast_head":"<!-- This site is optimized with the Yoast SEO plugin v27.4 - https:\/\/yoast.com\/product\/yoast-seo-wordpress\/ -->\n<title>L\u00e1togat\u00f3i sorrend - Forestschools.eu<\/title>\n<meta name=\"robots\" content=\"index, follow, max-snippet:-1, max-image-preview:large, max-video-preview:-1\" \/>\n<link rel=\"canonical\" href=\"https:\/\/forestschools.eu\/hu\/latogatoi-sorrend\/\" \/>\n<meta property=\"og:locale\" content=\"hu_HU\" \/>\n<meta property=\"og:type\" content=\"article\" \/>\n<meta property=\"og:title\" content=\"L\u00e1togat\u00f3i sorrend - Forestschools.eu\" \/>\n<meta property=\"og:description\" content=\"A L\u00c9VAI ERD\u00c9SZETI \u00dcZEM ERDEI ISKOLA L\u00c1TOGAT\u00d3KRA VONATKOZ\u00d3 SZAB\u00c1LYKONYVE &nbsp; Preambulum Az erdei iskola l\u00e1togat\u00f3i...\" \/>\n<meta property=\"og:url\" content=\"https:\/\/forestschools.eu\/hu\/latogatoi-sorrend\/\" \/>\n<meta property=\"og:site_name\" content=\"Forestschools.eu\" \/>\n<meta property=\"article:publisher\" content=\"https:\/\/www.facebook.com\/LESYSRstatnypodnik\" \/>\n<meta property=\"article:modified_time\" content=\"2022-03-18T10:04:35+00:00\" \/>\n<meta property=\"og:image\" content=\"https:\/\/forestschools.eu\/wp-content\/uploads\/2022\/02\/podpis.jpg\" \/>\n<meta name=\"twitter:card\" content=\"summary_large_image\" \/>\n<meta name=\"twitter:label1\" content=\"Est. reading time\" \/>\n\t<meta name=\"twitter:data1\" content=\"5 minutes\" \/>\n<script type=\"application\/ld+json\" class=\"yoast-schema-graph\">{\"@context\":\"https:\\\/\\\/schema.org\",\"@graph\":[{\"@type\":\"WebPage\",\"@id\":\"https:\\\/\\\/forestschools.eu\\\/hu\\\/latogatoi-sorrend\\\/\",\"url\":\"https:\\\/\\\/forestschools.eu\\\/hu\\\/latogatoi-sorrend\\\/\",\"name\":\"L\u00e1togat\u00f3i sorrend - Forestschools.eu\",\"isPartOf\":{\"@id\":\"https:\\\/\\\/forestschools.eu\\\/hu\\\/#website\"},\"primaryImageOfPage\":{\"@id\":\"https:\\\/\\\/forestschools.eu\\\/hu\\\/latogatoi-sorrend\\\/#primaryimage\"},\"image\":{\"@id\":\"https:\\\/\\\/forestschools.eu\\\/hu\\\/latogatoi-sorrend\\\/#primaryimage\"},\"thumbnailUrl\":\"https:\\\/\\\/forestschools.eu\\\/wp-content\\\/uploads\\\/2022\\\/02\\\/podpis.jpg\",\"datePublished\":\"2021-05-28T18:58:11+00:00\",\"dateModified\":\"2022-03-18T10:04:35+00:00\",\"breadcrumb\":{\"@id\":\"https:\\\/\\\/forestschools.eu\\\/hu\\\/latogatoi-sorrend\\\/#breadcrumb\"},\"inLanguage\":\"hu-HU\",\"potentialAction\":[{\"@type\":\"ReadAction\",\"target\":[\"https:\\\/\\\/forestschools.eu\\\/hu\\\/latogatoi-sorrend\\\/\"]}]},{\"@type\":\"ImageObject\",\"inLanguage\":\"hu-HU\",\"@id\":\"https:\\\/\\\/forestschools.eu\\\/hu\\\/latogatoi-sorrend\\\/#primaryimage\",\"url\":\"https:\\\/\\\/forestschools.eu\\\/wp-content\\\/uploads\\\/2022\\\/02\\\/podpis.jpg\",\"contentUrl\":\"https:\\\/\\\/forestschools.eu\\\/wp-content\\\/uploads\\\/2022\\\/02\\\/podpis.jpg\"},{\"@type\":\"BreadcrumbList\",\"@id\":\"https:\\\/\\\/forestschools.eu\\\/hu\\\/latogatoi-sorrend\\\/#breadcrumb\",\"itemListElement\":[{\"@type\":\"ListItem\",\"position\":1,\"name\":\"Home\",\"item\":\"https:\\\/\\\/forestschools.eu\\\/hu\\\/uvod\\\/\"},{\"@type\":\"ListItem\",\"position\":2,\"name\":\"L\u00e1togat\u00f3i sorrend\"}]},{\"@type\":\"WebSite\",\"@id\":\"https:\\\/\\\/forestschools.eu\\\/hu\\\/#website\",\"url\":\"https:\\\/\\\/forestschools.eu\\\/hu\\\/\",\"name\":\"Forestschools.eu\",\"description\":\"LESY SR, \u0161t\u00e1tny podnik organiza\u010dn\u00e1 zlo\u017eka OZ Podunajsko\",\"publisher\":{\"@id\":\"https:\\\/\\\/forestschools.eu\\\/hu\\\/#organization\"},\"potentialAction\":[{\"@type\":\"SearchAction\",\"target\":{\"@type\":\"EntryPoint\",\"urlTemplate\":\"https:\\\/\\\/forestschools.eu\\\/hu\\\/?s={search_term_string}\"},\"query-input\":{\"@type\":\"PropertyValueSpecification\",\"valueRequired\":true,\"valueName\":\"search_term_string\"}}],\"inLanguage\":\"hu-HU\"},{\"@type\":\"Organization\",\"@id\":\"https:\\\/\\\/forestschools.eu\\\/hu\\\/#organization\",\"name\":\"Forestschools.eu\",\"url\":\"https:\\\/\\\/forestschools.eu\\\/hu\\\/\",\"logo\":{\"@type\":\"ImageObject\",\"inLanguage\":\"hu-HU\",\"@id\":\"https:\\\/\\\/forestschools.eu\\\/hu\\\/#\\\/schema\\\/logo\\\/image\\\/\",\"url\":\"https:\\\/\\\/forestschools.eu\\\/wp-content\\\/uploads\\\/2020\\\/05\\\/logo.svg\",\"contentUrl\":\"https:\\\/\\\/forestschools.eu\\\/wp-content\\\/uploads\\\/2020\\\/05\\\/logo.svg\",\"caption\":\"Forestschools.eu\"},\"image\":{\"@id\":\"https:\\\/\\\/forestschools.eu\\\/hu\\\/#\\\/schema\\\/logo\\\/image\\\/\"},\"sameAs\":[\"https:\\\/\\\/www.facebook.com\\\/LESYSRstatnypodnik\"]}]}<\/script>\n<!-- \/ Yoast SEO plugin. -->","yoast_head_json":{"title":"L\u00e1togat\u00f3i sorrend - Forestschools.eu","robots":{"index":"index","follow":"follow","max-snippet":"max-snippet:-1","max-image-preview":"max-image-preview:large","max-video-preview":"max-video-preview:-1"},"canonical":"https:\/\/forestschools.eu\/hu\/latogatoi-sorrend\/","og_locale":"hu_HU","og_type":"article","og_title":"L\u00e1togat\u00f3i sorrend - Forestschools.eu","og_description":"A L\u00c9VAI ERD\u00c9SZETI \u00dcZEM ERDEI ISKOLA L\u00c1TOGAT\u00d3KRA VONATKOZ\u00d3 SZAB\u00c1LYKONYVE &nbsp; Preambulum Az erdei iskola l\u00e1togat\u00f3i...","og_url":"https:\/\/forestschools.eu\/hu\/latogatoi-sorrend\/","og_site_name":"Forestschools.eu","article_publisher":"https:\/\/www.facebook.com\/LESYSRstatnypodnik","article_modified_time":"2022-03-18T10:04:35+00:00","og_image":[{"url":"https:\/\/forestschools.eu\/wp-content\/uploads\/2022\/02\/podpis.jpg","type":"","width":"","height":""}],"twitter_card":"summary_large_image","twitter_misc":{"Est. reading time":"5 minutes"},"schema":{"@context":"https:\/\/schema.org","@graph":[{"@type":"WebPage","@id":"https:\/\/forestschools.eu\/hu\/latogatoi-sorrend\/","url":"https:\/\/forestschools.eu\/hu\/latogatoi-sorrend\/","name":"L\u00e1togat\u00f3i sorrend - Forestschools.eu","isPartOf":{"@id":"https:\/\/forestschools.eu\/hu\/#website"},"primaryImageOfPage":{"@id":"https:\/\/forestschools.eu\/hu\/latogatoi-sorrend\/#primaryimage"},"image":{"@id":"https:\/\/forestschools.eu\/hu\/latogatoi-sorrend\/#primaryimage"},"thumbnailUrl":"https:\/\/forestschools.eu\/wp-content\/uploads\/2022\/02\/podpis.jpg","datePublished":"2021-05-28T18:58:11+00:00","dateModified":"2022-03-18T10:04:35+00:00","breadcrumb":{"@id":"https:\/\/forestschools.eu\/hu\/latogatoi-sorrend\/#breadcrumb"},"inLanguage":"hu-HU","potentialAction":[{"@type":"ReadAction","target":["https:\/\/forestschools.eu\/hu\/latogatoi-sorrend\/"]}]},{"@type":"ImageObject","inLanguage":"hu-HU","@id":"https:\/\/forestschools.eu\/hu\/latogatoi-sorrend\/#primaryimage","url":"https:\/\/forestschools.eu\/wp-content\/uploads\/2022\/02\/podpis.jpg","contentUrl":"https:\/\/forestschools.eu\/wp-content\/uploads\/2022\/02\/podpis.jpg"},{"@type":"BreadcrumbList","@id":"https:\/\/forestschools.eu\/hu\/latogatoi-sorrend\/#breadcrumb","itemListElement":[{"@type":"ListItem","position":1,"name":"Home","item":"https:\/\/forestschools.eu\/hu\/uvod\/"},{"@type":"ListItem","position":2,"name":"L\u00e1togat\u00f3i sorrend"}]},{"@type":"WebSite","@id":"https:\/\/forestschools.eu\/hu\/#website","url":"https:\/\/forestschools.eu\/hu\/","name":"Forestschools.eu","description":"LESY SR, \u0161t\u00e1tny podnik organiza\u010dn\u00e1 zlo\u017eka OZ Podunajsko","publisher":{"@id":"https:\/\/forestschools.eu\/hu\/#organization"},"potentialAction":[{"@type":"SearchAction","target":{"@type":"EntryPoint","urlTemplate":"https:\/\/forestschools.eu\/hu\/?s={search_term_string}"},"query-input":{"@type":"PropertyValueSpecification","valueRequired":true,"valueName":"search_term_string"}}],"inLanguage":"hu-HU"},{"@type":"Organization","@id":"https:\/\/forestschools.eu\/hu\/#organization","name":"Forestschools.eu","url":"https:\/\/forestschools.eu\/hu\/","logo":{"@type":"ImageObject","inLanguage":"hu-HU","@id":"https:\/\/forestschools.eu\/hu\/#\/schema\/logo\/image\/","url":"https:\/\/forestschools.eu\/wp-content\/uploads\/2020\/05\/logo.svg","contentUrl":"https:\/\/forestschools.eu\/wp-content\/uploads\/2020\/05\/logo.svg","caption":"Forestschools.eu"},"image":{"@id":"https:\/\/forestschools.eu\/hu\/#\/schema\/logo\/image\/"},"sameAs":["https:\/\/www.facebook.com\/LESYSRstatnypodnik"]}]}},"_links":{"self":[{"href":"https:\/\/forestschools.eu\/hu\/wp-json\/wp\/v2\/pages\/3329","targetHints":{"allow":["GET"]}}],"collection":[{"href":"https:\/\/forestschools.eu\/hu\/wp-json\/wp\/v2\/pages"}],"about":[{"href":"https:\/\/forestschools.eu\/hu\/wp-json\/wp\/v2\/types\/page"}],"author":[{"embeddable":true,"href":"https:\/\/forestschools.eu\/hu\/wp-json\/wp\/v2\/users\/2"}],"replies":[{"embeddable":true,"href":"https:\/\/forestschools.eu\/hu\/wp-json\/wp\/v2\/comments?post=3329"}],"version-history":[{"count":6,"href":"https:\/\/forestschools.eu\/hu\/wp-json\/wp\/v2\/pages\/3329\/revisions"}],"predecessor-version":[{"id":5512,"href":"https:\/\/forestschools.eu\/hu\/wp-json\/wp\/v2\/pages\/3329\/revisions\/5512"}],"wp:attachment":[{"href":"https:\/\/forestschools.eu\/hu\/wp-json\/wp\/v2\/media?parent=3329"}],"curies":[{"name":"wp","href":"https:\/\/api.w.org\/{rel}","templated":true}]}}