{"id":2421,"date":"2020-05-05T23:17:06","date_gmt":"2020-05-05T21:17:06","guid":{"rendered":"https:\/\/forestschools.eu\/programy\/lesna-skola-levice\/"},"modified":"2021-05-28T20:45:11","modified_gmt":"2021-05-28T18:45:11","slug":"levai-erdeszeti-uzem-erdei-iskolaja","status":"publish","type":"page","link":"https:\/\/forestschools.eu\/hu\/programok\/levai-erdeszeti-uzem-erdei-iskolaja\/","title":{"rendered":"L\u00e9vai erd\u00e9szeti \u00fczem erdei iskol\u00e1ja"},"content":{"rendered":"<h2><strong>Erdei iskola k\u00edn\u00e1lata:<\/strong><\/h2>\n<p><strong>Az egyes programok hozz\u00e1f\u00e9rhet\u0151s\u00e9g\u00e9t a foglal\u00e1si rendszer hat\u00e1rozza meg.<\/strong><\/p>\n<ul>\n<li>A term\u00e9szet \u00e9rz\u00e9kszerves \u00e9szlel\u00e9se, tapasztalati j\u00e1t\u00e9kok. A term\u00e9szet, az erd\u0151 egyes alkot\u00f3elemeinek megismer\u00e9s\u00e9re szolg\u00e1l\u00f3 berendez\u00e9s \u00e9s eszk\u00f6z\u00f6k rendszere. Inform\u00e1ci\u00f3 kiterjeszt\u00e9se az alapismeretekre, \u00e9lm\u00e9ny tanul\u00e1s \u00e1ltal k\u00f6zvet\u00edtve.<\/li>\n<li>Projekt oktat\u00e1s. A term\u00e9szeti t\u00f6rv\u00e9nyek innovat\u00edv ismerete, a szem\u00e9lyis\u00e9g holisztikus fejl\u0151d\u00e9se, a prezent\u00e1ci\u00f3s \u00e9s kommunik\u00e1ci\u00f3s k\u00e9szs\u00e9gek t\u00e1mogat\u00e1sa, a kreat\u00edv gondolkod\u00e1s fejleszt\u00e9se<\/li>\n<li>Vitaf\u00f3rumok a jelenlegi k\u00f6rnyezetv\u00e9delmi t\u00e9m\u00e1kr\u00f3l. Multim\u00e9dia k\u00e9szlet az oktat\u00e1si dokumentumfilmek vet\u00edt\u00e9s\u00e9hez, nyitott megbesz\u00e9l\u00e9sek a szak\u00e9rt\u0151kkel a t\u00e9m\u00e1ban<\/li>\n<li>K\u00e9zm\u0171ves foglalkoz\u00e1sok. Term\u00e9szetes anyagokkal val\u00f3 munka, az eszt\u00e9tikai felfog\u00e1s fejleszt\u00e9se, a fa felhaszn\u00e1l\u00e1sa strat\u00e9giai alapanyagk\u00e9nt<\/li>\n<li>Az oktat\u00f3helyis\u00e9g kihaszn\u00e1l\u00e1sa m\u00e1s szervezetek sz\u00e1m\u00e1ra \/iskol\u00e1z\u00e1sok, konferenci\u00e1k,\u2026 \/<\/li>\n<\/ul>\n<p>&nbsp;<\/p>\n<p><strong>Aj\u00e1nlott t\u00e9m\u00e1k:<\/strong><\/p>\n<ul>\n<li>n\u00f6v\u00e9nyek &#8211; a gy\u00f3gyn\u00f6v\u00e9nyek ismerete, a k\u00fcl\u00f6nf\u00e9le n\u00f6v\u00e9nyt\u00edpusok ismerete, el\u0151fordul\u00e1sa, felhaszn\u00e1l\u00e1sa<\/li>\n<li>\u00e1llatok &#8211; k\u00fcl\u00f6nb\u00f6z\u0151 \u00e1llatfajok (halak, madarak, eml\u0151s\u00f6k, vadak) megismer\u00e9se<\/li>\n<li>vadak &#8211; megismerj\u00fck erd\u0151ink vadjait, el\u0151fordul\u00e1s\u00e1t, \u00e9letm\u00f3dj\u00e1t, t\u00e1pl\u00e1l\u00e9k\u00e1t, t\u00e1pl\u00e1l\u00e9kl\u00e1nc\u00e1t, vadnyomait<\/li>\n<li>vad\u00e1szat &#8211; t\u00f6rt\u00e9nelem, fejleszt\u00e9s, a vad felismer\u00e9se, fegyverek megoszt\u00e1sa, vad\u00e1szati \u200b\u200bstrukt\u00far\u00e1k, vad\u00e1sztr\u00f3fe\u00e1k<\/li>\n<li>m\u00e9h\u00e9szet &#8211; a m\u00e9hek \u00e9let\u00e9nek, a m\u00e9h\u00e9sz \u00e9v\u00e9nek, a m\u00e9z k\u00e9sz\u00edt\u00e9s\u00e9nek megismer\u00e9se<\/li>\n<li>rovarok &#8211; hasznos, k\u00e1ros, erdei f\u00e1k v\u00e9delme, csapd\u00e1k bemutat\u00e1sa<\/li>\n<li>gomba &#8211; a gomb\u00e1k felismer\u00e9se, felhaszn\u00e1l\u00e1suk, ehet\u0151, nem ehet\u0151 \u00e9s m\u00e9rgez\u0151<\/li>\n<li>\u00e9lettelen term\u00e9szet, geol\u00f3gia, pedol\u00f3gia, bioklimatol\u00f3gia &#8211; \u00e9lettelen term\u00e9szet, annak r\u00e9szeinek megismer\u00e9se, annak minden r\u00e9sz\u00e9nek, a talaj t\u00edpus\u00e1nak, fontoss\u00e1g\u00e1nak, \u00e1sv\u00e1nyi anyag\u00e1nak igazol\u00e1sa<\/li>\n<li>erd\u0151 \u00e9s f\u00e1k &#8211; a t\u0171level\u0171 \u00e9s lombhullat\u00f3 f\u00e1k k\u00fcl\u00f6nb\u00f6z\u0151 t\u00edpusainak megismer\u00e9se, az erd\u0151k megoszl\u00e1sa \u200b\u200b- t\u0171level\u0171, lombhullat\u00f3, vegyes, eloszl\u00e1suk Szlov\u00e1ki\u00e1ban<\/li>\n<li>kinol\u00f3gia &#8211; k\u00fcl\u00f6nf\u00e9le kutyafajt\u00e1k megismer\u00e9se, gyakorlati felhaszn\u00e1l\u00e1suk<\/li>\n<li>erd\u00e9sz munk\u00e1ja &#8211; erd\u00e9sz munk\u00e1ja k\u00fcl\u00f6nb\u00f6z\u0151 \u00e9vszakokban, erdei f\u00e1k, erd\u00e9szeti szersz\u00e1mok<\/li>\n<li>erdei kincsek &#8211; aj\u00e1nd\u00e9kok az erd\u0151b\u0151l &#8211; k\u00fcl\u00f6nf\u00e9le gy\u00fcm\u00f6lcs\u00f6k, azok felhaszn\u00e1l\u00e1sa, hol tal\u00e1lhat\u00f3 meg<\/li>\n<li>solym\u00e1szat &#8211; a ragadoz\u00f3k k\u00fcl\u00f6nb\u00f6z\u0151 fajainak t\u00f6rt\u00e9nete, fejl\u0151d\u00e9se, ismerete<\/li>\n<li>madarak \u00e9lete &#8211; k\u00fcl\u00f6nb\u00f6z\u0151 fajok megismer\u00e9se, az \u00e9letm\u00f3d megismer\u00e9se<\/li>\n<li>kis f\u00f6ldm\u00e9r\u0151 &#8211; t\u00e9rk\u00e9pek k\u00e9sz\u00edt\u00e9se, t\u00e9rbeli \/ terepi t\u00e1jol\u00e1s<\/li>\n<li>kis turista &#8211; az erd\u0151ben val\u00f3 viselked\u00e9s alapvet\u0151 szab\u00e1lyai, a turisztikai t\u00e1bl\u00e1k megismer\u00e9se, ir\u00e1nyt\u0171 haszn\u00e1lata<\/li>\n<li>hal\u00e1szat &#8211; \u00e9let a v\u00edzben, a k\u00fcl\u00f6nf\u00e9le halfajok, a v\u00edzi vil\u00e1g megismer\u00e9se<\/li>\n<li>\u00e9let a mez\u0151k\u00f6n \u00e9s r\u00e9teken &#8211; a r\u00e9tek \u00e9s mez\u0151k \u00e9let\u00e9nek, a vadon \u00e9l\u0151 \u00e1llatok, a rovarok, a madarak megismer\u00e9se<\/li>\n<li>\u00e9let az erd\u0151ben &#8211; az erd\u0151ben val\u00f3 \u00e9let megismer\u00e9se, a vadon \u00e9l\u0151 \u00e1llatok, a n\u00f6v\u00e9nyek, az \u00e9lettelen term\u00e9szet<\/li>\n<li>az erd\u0151 hangjai &#8211; hangminta az \u00e1llatok hangjaib\u00f3l, hangminta az \u00e1llatok csalogat\u00e1s\u00e1b\u00f3l, \u00e9rdekes t\u00e9nyek az \u00e1llatokr\u00f3l, a hang csalik kipr\u00f3b\u00e1l\u00e1s\u00e1nak lehet\u0151s\u00e9ge<\/li>\n<li>megismerj\u00fck a h\u00fcll\u0151ket &#8211; megismerj\u00fck a Szlov\u00e1kia erd\u0151iben \u00e9s a vil\u00e1g t\u00f6bbi r\u00e9sz\u00e9n \u00e9l\u0151 h\u00fcll\u0151fajokat<\/li>\n<li>Vad\u00e1szk\u00fcrt jelek- a francia k\u00fcrt \u00e9s a jelz\u0151k\u00fcrt demonstr\u00e1l\u00e1sa, a jelek bemutat\u00e1sa, t\u00f6rt\u00e9nelmi fejl\u0151d\u00e9s\u00fck, felhaszn\u00e1l\u00e1suk, az eszk\u00f6z\u00f6k kipr\u00f3b\u00e1l\u00e1s\u00e1nak lehet\u0151s\u00e9ge<\/li>\n<li>Az ember hat\u00e1sa a term\u00e9szetre<\/li>\n<li>erd\u00e9szet &#8211; fejleszt\u00e9s, fontoss\u00e1g, m\u0171vel\u00e9si tev\u00e9kenys\u00e9g, fakitermel\u00e9s, v\u00e9delem, erd\u0151gazd\u00e1lkod\u00e1s<\/li>\n<li>\u00f6kol\u00f3gia &#8211; hullad\u00e9k v\u00e1logat\u00e1s, \u00fajrahasznos\u00edt\u00e1s, az erd\u0151 gondos felhaszn\u00e1l\u00e1sa &#8211; term\u00e9szeti er\u0151forr\u00e1sok<\/li>\n<li>\u00f6kosziszt\u00e9ma &#8211; egyes elemek, \u00f6sszekapcsol\u00f3d\u00e1s, biodiverzit\u00e1s, term\u00e9szeti sokf\u00e9les\u00e9g<\/li>\n<li>l\u00e9zerl\u00f6v\u00e9szet &#8211; az erdei iskola vezet\u0151j\u00e9vel k\u00f6t\u00f6tt telefonos meg\u00e1llapod\u00e1s ut\u00e1n<\/li>\n<\/ul>\n<ul>\n<li>\u2022 az \u00e9jszakai \u00e9gbolt megfigyel\u00e9se &#8211; az erdei iskola vezet\u0151j\u00e9vel k\u00f6t\u00f6tt telefonos meg\u00e1llapod\u00e1s ut\u00e1n<\/li>\n<\/ul>\n<p>&nbsp;<\/p>\n<p>&nbsp;<\/p>\n<p><strong>K\u00e9zm\u0171ves tev\u00e9kenys\u00e9gek:<\/strong><\/p>\n<p>mandala<\/p>\n<p>mad\u00e1rh\u00e1zak el\u0151\u00e1ll\u00edt\u00e1sa<\/p>\n<p>ceruz\u00e1k gy\u00e1rt\u00e1sa<\/p>\n<p>fest\u00e9s term\u00e9szetes anyagokra<\/p>\n<p>lev\u00e9l technika<\/p>\n<p>szalma, sz\u00e9na \u00e9s vessz\u0151 koszor\u00fa fon\u00e1s<\/p>\n<p>origami<\/p>\n<p>kos\u00e1r fon\u00e1s (vessz\u0151\/peddig)<\/p>\n<p>fest\u00e9s \u00e9s h\u00edmz\u00e9s textilzs\u00e1kokra<\/p>\n<p>tematikus technik\u00e1k<\/p>\n<p>d\u00edszek el\u0151\u00e1ll\u00edt\u00e1sa term\u00e9szetes anyagb\u00f3l<\/p>\n<p>&nbsp;<\/p>\n<p><strong>Hasznos inform\u00e1ci\u00f3k:<\/strong><\/p>\n<ul>\n<li>a pedag\u00f3giai fel\u00fcgyelet elv\u00e9gz\u00e9s\u00e9t a program id\u0151tartama alatt a regisztr\u00e1lt iskol\u00e1k biztos\u00edtj\u00e1k<\/li>\n<li>a program sor\u00e1n f\u00e9nyk\u00e9pdokument\u00e1ci\u00f3 k\u00e9sz\u00fcl, amelyet az erdei iskola oktat\u00e1si \u00e9s prom\u00f3ci\u00f3s tev\u00e9kenys\u00e9g\u00e9hez haszn\u00e1lnak (a regisztr\u00e1lt iskol\u00e1k a tanul\u00f3k f\u00e9nyk\u00e9peinek k\u00f6zz\u00e9t\u00e9tel\u00e9hez bebiztos\u00edtj\u00e1k a gyermek t\u00f6rv\u00e9nyes k\u00e9pviselet\u00e9nek beleegyez\u00e9s\u00e9t).<\/li>\n<li>az adott napon a program k\u00e9t alkalommal lehets\u00e9ges (d\u00e9lel\u0151tt, d\u00e9lut\u00e1n)<\/li>\n<li>a szabad id\u0151pontokat mindig egy h\u00f3nappal el\u0151re megadjuk<\/li>\n<li>min. 10, max. 25 f\u0151 (vagy m\u00e1s, az erdei iskola vezet\u00e9s\u00e9vel egyeztetve) vehet r\u00e9szt a programokon<\/li>\n<li>egy tan\u00edt\u00e1si \u00f3ra hossza &#8211; a t\u00e9m\u00e1t\u00f3l, tev\u00e9kenys\u00e9g\u00e9t\u0151l \u00e9s a csoport \u00e9letkori \u00f6sszet\u00e9tel\u00e9t\u0151l f\u00fcgg\u0151en<\/li>\n<li>sz\u00fcks\u00e9g eset\u00e9n lehet\u0151s\u00e9g van k\u00fcl\u00f6n program megrendel\u00e9s\u00e9re az erdei iskola vezet\u0151s\u00e9g\u00e9vel egyeztetve<\/li>\n<li>term\u00e9szettudom\u00e1nyos tant\u00e1rgyak ( tapasztalati tanul\u00e1s lehet\u0151s\u00e9ge ) \u00f3vod\u00e1k, \u00e1ltal\u00e1nos iskol\u00e1k, k\u00f6z\u00e9piskol\u00e1k sz\u00e1m\u00e1ra vizu\u00e1lis seg\u00e9deszk\u00f6z\u00f6k biztos\u00edt\u00e1s\u00e1nak lehet\u0151s\u00e9g\u00e9vel<\/li>\n<li>k\u00e9pz\u00e9sek, megbesz\u00e9l\u00e9sek, konferenci\u00e1k lehet\u0151s\u00e9ge,\u2026 ( az erdei iskola vezet\u0151s\u00e9g\u00e9vel egyeztetve )<\/li>\n<\/ul>\n","protected":false},"excerpt":{"rendered":"<p>Erdei iskola k\u00edn\u00e1lata: Az egyes programok hozz\u00e1f\u00e9rhet\u0151s\u00e9g\u00e9t a foglal\u00e1si rendszer hat\u00e1rozza meg. A term\u00e9szet \u00e9rz\u00e9kszerves&#8230;<\/p>\n","protected":false},"author":1,"featured_media":0,"parent":2389,"menu_order":0,"comment_status":"closed","ping_status":"closed","template":"","meta":{"_acf_changed":false,"inline_featured_image":false,"footnotes":""},"class_list":["post-2421","page","type-page","status-publish","hentry"],"acf":[],"yoast_head":"<!-- This site is optimized with the Yoast SEO plugin v27.4 - https:\/\/yoast.com\/product\/yoast-seo-wordpress\/ -->\n<title>L\u00e9vai erd\u00e9szeti \u00fczem erdei iskol\u00e1ja - Forestschools.eu<\/title>\n<meta name=\"robots\" content=\"index, follow, max-snippet:-1, max-image-preview:large, max-video-preview:-1\" \/>\n<link rel=\"canonical\" href=\"https:\/\/forestschools.eu\/hu\/programok\/levai-erdeszeti-uzem-erdei-iskolaja\/\" \/>\n<meta property=\"og:locale\" content=\"hu_HU\" \/>\n<meta property=\"og:type\" content=\"article\" \/>\n<meta property=\"og:title\" content=\"L\u00e9vai erd\u00e9szeti \u00fczem erdei iskol\u00e1ja - Forestschools.eu\" \/>\n<meta property=\"og:description\" content=\"Erdei iskola k\u00edn\u00e1lata: Az egyes programok hozz\u00e1f\u00e9rhet\u0151s\u00e9g\u00e9t a foglal\u00e1si rendszer hat\u00e1rozza meg. A term\u00e9szet \u00e9rz\u00e9kszerves...\" \/>\n<meta property=\"og:url\" content=\"https:\/\/forestschools.eu\/hu\/programok\/levai-erdeszeti-uzem-erdei-iskolaja\/\" \/>\n<meta property=\"og:site_name\" content=\"Forestschools.eu\" \/>\n<meta property=\"article:publisher\" content=\"https:\/\/www.facebook.com\/LESYSRstatnypodnik\" \/>\n<meta property=\"article:modified_time\" content=\"2021-05-28T18:45:11+00:00\" \/>\n<meta name=\"twitter:card\" content=\"summary_large_image\" \/>\n<meta name=\"twitter:label1\" content=\"Est. reading time\" \/>\n\t<meta name=\"twitter:data1\" content=\"3 minutes\" \/>\n<script type=\"application\/ld+json\" class=\"yoast-schema-graph\">{\"@context\":\"https:\\\/\\\/schema.org\",\"@graph\":[{\"@type\":\"WebPage\",\"@id\":\"https:\\\/\\\/forestschools.eu\\\/hu\\\/programok\\\/levai-erdeszeti-uzem-erdei-iskolaja\\\/\",\"url\":\"https:\\\/\\\/forestschools.eu\\\/hu\\\/programok\\\/levai-erdeszeti-uzem-erdei-iskolaja\\\/\",\"name\":\"L\u00e9vai erd\u00e9szeti \u00fczem erdei iskol\u00e1ja - Forestschools.eu\",\"isPartOf\":{\"@id\":\"https:\\\/\\\/forestschools.eu\\\/hu\\\/#website\"},\"datePublished\":\"2020-05-05T21:17:06+00:00\",\"dateModified\":\"2021-05-28T18:45:11+00:00\",\"breadcrumb\":{\"@id\":\"https:\\\/\\\/forestschools.eu\\\/hu\\\/programok\\\/levai-erdeszeti-uzem-erdei-iskolaja\\\/#breadcrumb\"},\"inLanguage\":\"hu-HU\",\"potentialAction\":[{\"@type\":\"ReadAction\",\"target\":[\"https:\\\/\\\/forestschools.eu\\\/hu\\\/programok\\\/levai-erdeszeti-uzem-erdei-iskolaja\\\/\"]}]},{\"@type\":\"BreadcrumbList\",\"@id\":\"https:\\\/\\\/forestschools.eu\\\/hu\\\/programok\\\/levai-erdeszeti-uzem-erdei-iskolaja\\\/#breadcrumb\",\"itemListElement\":[{\"@type\":\"ListItem\",\"position\":1,\"name\":\"Home\",\"item\":\"https:\\\/\\\/forestschools.eu\\\/hu\\\/uvod\\\/\"},{\"@type\":\"ListItem\",\"position\":2,\"name\":\"Programok\",\"item\":\"https:\\\/\\\/forestschools.eu\\\/hu\\\/programok\\\/\"},{\"@type\":\"ListItem\",\"position\":3,\"name\":\"L\u00e9vai erd\u00e9szeti \u00fczem erdei iskol\u00e1ja\"}]},{\"@type\":\"WebSite\",\"@id\":\"https:\\\/\\\/forestschools.eu\\\/hu\\\/#website\",\"url\":\"https:\\\/\\\/forestschools.eu\\\/hu\\\/\",\"name\":\"Forestschools.eu\",\"description\":\"LESY SR, \u0161t\u00e1tny podnik organiza\u010dn\u00e1 zlo\u017eka OZ Podunajsko\",\"publisher\":{\"@id\":\"https:\\\/\\\/forestschools.eu\\\/hu\\\/#organization\"},\"potentialAction\":[{\"@type\":\"SearchAction\",\"target\":{\"@type\":\"EntryPoint\",\"urlTemplate\":\"https:\\\/\\\/forestschools.eu\\\/hu\\\/?s={search_term_string}\"},\"query-input\":{\"@type\":\"PropertyValueSpecification\",\"valueRequired\":true,\"valueName\":\"search_term_string\"}}],\"inLanguage\":\"hu-HU\"},{\"@type\":\"Organization\",\"@id\":\"https:\\\/\\\/forestschools.eu\\\/hu\\\/#organization\",\"name\":\"Forestschools.eu\",\"url\":\"https:\\\/\\\/forestschools.eu\\\/hu\\\/\",\"logo\":{\"@type\":\"ImageObject\",\"inLanguage\":\"hu-HU\",\"@id\":\"https:\\\/\\\/forestschools.eu\\\/hu\\\/#\\\/schema\\\/logo\\\/image\\\/\",\"url\":\"https:\\\/\\\/forestschools.eu\\\/wp-content\\\/uploads\\\/2020\\\/05\\\/logo.svg\",\"contentUrl\":\"https:\\\/\\\/forestschools.eu\\\/wp-content\\\/uploads\\\/2020\\\/05\\\/logo.svg\",\"caption\":\"Forestschools.eu\"},\"image\":{\"@id\":\"https:\\\/\\\/forestschools.eu\\\/hu\\\/#\\\/schema\\\/logo\\\/image\\\/\"},\"sameAs\":[\"https:\\\/\\\/www.facebook.com\\\/LESYSRstatnypodnik\"]}]}<\/script>\n<!-- \/ Yoast SEO plugin. -->","yoast_head_json":{"title":"L\u00e9vai erd\u00e9szeti \u00fczem erdei iskol\u00e1ja - Forestschools.eu","robots":{"index":"index","follow":"follow","max-snippet":"max-snippet:-1","max-image-preview":"max-image-preview:large","max-video-preview":"max-video-preview:-1"},"canonical":"https:\/\/forestschools.eu\/hu\/programok\/levai-erdeszeti-uzem-erdei-iskolaja\/","og_locale":"hu_HU","og_type":"article","og_title":"L\u00e9vai erd\u00e9szeti \u00fczem erdei iskol\u00e1ja - Forestschools.eu","og_description":"Erdei iskola k\u00edn\u00e1lata: Az egyes programok hozz\u00e1f\u00e9rhet\u0151s\u00e9g\u00e9t a foglal\u00e1si rendszer hat\u00e1rozza meg. A term\u00e9szet \u00e9rz\u00e9kszerves...","og_url":"https:\/\/forestschools.eu\/hu\/programok\/levai-erdeszeti-uzem-erdei-iskolaja\/","og_site_name":"Forestschools.eu","article_publisher":"https:\/\/www.facebook.com\/LESYSRstatnypodnik","article_modified_time":"2021-05-28T18:45:11+00:00","twitter_card":"summary_large_image","twitter_misc":{"Est. reading time":"3 minutes"},"schema":{"@context":"https:\/\/schema.org","@graph":[{"@type":"WebPage","@id":"https:\/\/forestschools.eu\/hu\/programok\/levai-erdeszeti-uzem-erdei-iskolaja\/","url":"https:\/\/forestschools.eu\/hu\/programok\/levai-erdeszeti-uzem-erdei-iskolaja\/","name":"L\u00e9vai erd\u00e9szeti \u00fczem erdei iskol\u00e1ja - Forestschools.eu","isPartOf":{"@id":"https:\/\/forestschools.eu\/hu\/#website"},"datePublished":"2020-05-05T21:17:06+00:00","dateModified":"2021-05-28T18:45:11+00:00","breadcrumb":{"@id":"https:\/\/forestschools.eu\/hu\/programok\/levai-erdeszeti-uzem-erdei-iskolaja\/#breadcrumb"},"inLanguage":"hu-HU","potentialAction":[{"@type":"ReadAction","target":["https:\/\/forestschools.eu\/hu\/programok\/levai-erdeszeti-uzem-erdei-iskolaja\/"]}]},{"@type":"BreadcrumbList","@id":"https:\/\/forestschools.eu\/hu\/programok\/levai-erdeszeti-uzem-erdei-iskolaja\/#breadcrumb","itemListElement":[{"@type":"ListItem","position":1,"name":"Home","item":"https:\/\/forestschools.eu\/hu\/uvod\/"},{"@type":"ListItem","position":2,"name":"Programok","item":"https:\/\/forestschools.eu\/hu\/programok\/"},{"@type":"ListItem","position":3,"name":"L\u00e9vai erd\u00e9szeti \u00fczem erdei iskol\u00e1ja"}]},{"@type":"WebSite","@id":"https:\/\/forestschools.eu\/hu\/#website","url":"https:\/\/forestschools.eu\/hu\/","name":"Forestschools.eu","description":"LESY SR, \u0161t\u00e1tny podnik organiza\u010dn\u00e1 zlo\u017eka OZ Podunajsko","publisher":{"@id":"https:\/\/forestschools.eu\/hu\/#organization"},"potentialAction":[{"@type":"SearchAction","target":{"@type":"EntryPoint","urlTemplate":"https:\/\/forestschools.eu\/hu\/?s={search_term_string}"},"query-input":{"@type":"PropertyValueSpecification","valueRequired":true,"valueName":"search_term_string"}}],"inLanguage":"hu-HU"},{"@type":"Organization","@id":"https:\/\/forestschools.eu\/hu\/#organization","name":"Forestschools.eu","url":"https:\/\/forestschools.eu\/hu\/","logo":{"@type":"ImageObject","inLanguage":"hu-HU","@id":"https:\/\/forestschools.eu\/hu\/#\/schema\/logo\/image\/","url":"https:\/\/forestschools.eu\/wp-content\/uploads\/2020\/05\/logo.svg","contentUrl":"https:\/\/forestschools.eu\/wp-content\/uploads\/2020\/05\/logo.svg","caption":"Forestschools.eu"},"image":{"@id":"https:\/\/forestschools.eu\/hu\/#\/schema\/logo\/image\/"},"sameAs":["https:\/\/www.facebook.com\/LESYSRstatnypodnik"]}]}},"_links":{"self":[{"href":"https:\/\/forestschools.eu\/hu\/wp-json\/wp\/v2\/pages\/2421","targetHints":{"allow":["GET"]}}],"collection":[{"href":"https:\/\/forestschools.eu\/hu\/wp-json\/wp\/v2\/pages"}],"about":[{"href":"https:\/\/forestschools.eu\/hu\/wp-json\/wp\/v2\/types\/page"}],"author":[{"embeddable":true,"href":"https:\/\/forestschools.eu\/hu\/wp-json\/wp\/v2\/users\/1"}],"replies":[{"embeddable":true,"href":"https:\/\/forestschools.eu\/hu\/wp-json\/wp\/v2\/comments?post=2421"}],"version-history":[{"count":6,"href":"https:\/\/forestschools.eu\/hu\/wp-json\/wp\/v2\/pages\/2421\/revisions"}],"predecessor-version":[{"id":3322,"href":"https:\/\/forestschools.eu\/hu\/wp-json\/wp\/v2\/pages\/2421\/revisions\/3322"}],"up":[{"embeddable":true,"href":"https:\/\/forestschools.eu\/hu\/wp-json\/wp\/v2\/pages\/2389"}],"wp:attachment":[{"href":"https:\/\/forestschools.eu\/hu\/wp-json\/wp\/v2\/media?parent=2421"}],"curies":[{"name":"wp","href":"https:\/\/api.w.org\/{rel}","templated":true}]}}