{"id":2382,"date":"2020-05-13T11:10:45","date_gmt":"2020-05-13T09:10:45","guid":{"rendered":"https:\/\/forestschools.eu\/o-projekte\/zuhracka-pre-vsetkych-deti-priatelia-polovnikov\/"},"modified":"2020-07-21T15:53:34","modified_gmt":"2020-07-21T13:53:34","slug":"zuhracka-mindenkinek-gyerekek-a-vadaszok-baratai","status":"publish","type":"page","link":"https:\/\/forestschools.eu\/hu\/a-projektrol\/zuhracka-mindenkinek-gyerekek-a-vadaszok-baratai\/","title":{"rendered":"\u017duhra\u010dka mindenkinek \u2013 Gyerekek a vad\u00e1szok bar\u00e1tai"},"content":{"rendered":"<h2>\u00c9lm\u00e9ny tanul\u00e1s \u017duhra\u010dk\u00e1n &#8211; <a href=\"https:\/\/forestschools.eu\/hu\/galeria\/zuhracka-mindenkinek-gyerekek-a-vadaszok-baratai\/\">K\u00e9pt\u00e1r<\/a><\/h2>\n<p>Minden esetben mikor egy szabadt\u00e9ri esem\u00e9ny megszervez\u00e9s\u00e9t tervezz\u00fck a\u00a0legkev\u00e9sb\u00e9 biztos pont az id\u0151j\u00e1r\u00e1s. \u00c9s \u00edgy fesz\u00fclts\u00e9ggel v\u00e1rtuk m\u00e1jus 21.-\u00e9t hogy siker\u00fclt e\u00a0 a\u00a0megfelel\u0151 napot v\u00e1lasztanunk a\u00a0m\u00e1sodik \u00e9vvel megrendez\u00e9sre ker\u00fcl\u0151 \u201e\u017duhra\u010dka mindenkinek\u201c c. esem\u00e9nyre. A\u00a0m\u00falt h\u00e9ten m\u00e9g szakadt az es\u0151 \u00e9s ha a\u00a0mai napon is \u00edgy kellene folytat\u00f3dnia az nagy k\u00e1r volna mindenkinek, mint a\u00a0szervez\u0151k r\u00e9sz\u00e9r\u00f6l a\u00a0L\u00e9vai erd\u00e9szeti \u00fczem \u00e9s a Pozsonyi Region\u00e1lis Erd\u00e9szeti Kamara valamint az iskol\u00e1k \u00e9s iskol\u00e1sok\u00a0 sz\u00e1m\u00e1ra is akik r\u00e9szt vettek ezen a\u00a0\u00e9lm\u00e9ny-tapasztalatszerz\u00e9s esem\u00e9nyen.<\/p>\n<p>\u00cdgy volt meg\u00edrva a\u00a0megh\u00edv\u00f3ban a alapiskol\u00e1k sz\u00e1m\u00e1ra \u017duhra\u010dka k\u00f6rny\u00e9k\u00e9r\u0151l, az akt\u00edv kihaszn\u00e1l\u00e1sa a\u00a0\u017duhra\u010dkai vad\u00e1szkast\u00e9lynak mint fontos helysz\u00ednnek a\u00a0h\u00e1bor\u00fas t\u00f6rt\u00e9nelemnek a\u00a0Szlov\u00e1k nemzeti f\u00f6lkel\u00e9sben, a\u00a0gy\u00f6ny\u00f6r\u0171 term\u00e9szet\u00fcnk v\u00e9delm\u00e9ben, \u00f6kol\u00f3giai \u00e9s hazafias tan\u00edt\u00e1s a\u00a0L\u00e9vai \u00e9s k\u00f6rny\u00e9kbeli gyerekeink \u00e9s fiatals\u00e1gunk sz\u00e1m\u00e1ra, ezek voltak a\u00a0legnagyobb priorit\u00e1sok a\u00a0szervez\u0151k sz\u00e1m\u00e1ra. M\u00e1s sz\u00f3val, \u017duhra\u010dka meg\u00e9rdemli hogy nyilv\u00e1nos hely maradjon \u00e9s ne ker\u00fclj\u00f6n mag\u00e1n kezekbe.<br \/>\nIsm\u00e9t volt mit k\u00edn\u00e1lni az alapiskol\u00e1s gyerekek sz\u00e1m\u00e1ra. Tizen\u00f6t \u00e1llom\u00e1son az al\u00e1bbi erdei pedag\u00f3giai tev\u00e9kenys\u00e9geket mutatt\u00e1k be a\u00a0L\u00e9vai, Kistapolcs\u00e1nyi, Privigye \u00e9s Szobr\u00e1nc erd\u00e9szeti \u00fczemek dolgoz\u00f3i. Ebben az \u00e9vben a\u00a0Beszterceb\u00e1nyi vez\u00e9rigazgat\u00f3s\u00e1r\u00f3l is volt egy erdei pedag\u00f3gus. Hogy k\u00e9sz\u00fclnek az erd\u0151tervek, melyek alapj\u00e1n gazd\u00e1lkodnak az erd\u0151kben, erd\u0151fel\u00faj\u00edt\u00e1s, v\u00e1g\u00e1s, erd\u0151s\u00edt\u00e9s, bemutatkozott a Szlov\u00e1k tax\u00e1torok sz\u0151vets\u00e9ge az erd\u00f6m\u00e9r\u00e9st mutatt\u00e1k be. K\u00f6vetkez\u0151 nem kev\u00e9sb\u00e9 fontos meg\u00e1ll\u00f3 volt\u00a0 az els\u0151seg\u00e9lyny\u00fajt\u00e1s az erd\u0151ben gyakorlati bemutat\u00f3kkal.\u00a0 K\u00fcl\u00f6n k\u00f6sz\u00f6net j\u00e1r a szlov\u00e1k V\u00f6r\u00f6skereszt L\u00e9vai Ter\u00fcleti Egyes\u00fclet \u00f6nk\u00e9nteseinek a\u00a0szakmai k\u00eds\u00e9rlet\u00e9rt. Az \u00e1llami erd\u0151k TANAP (T\u00e1trai nemzeti park) meg\u00e1ll\u00f3j\u00e1n Janko Slivinsk\u00fd bemutatta a\u00a0fontoss\u00e1g\u00e1t az erd\u00e9szek akt\u00edv egy\u00fcttm\u0171k\u00f6d\u00e9s\u00e9nek a t\u00e1trai erd\u0151k megment\u00e9s\u00e9ben, melyeket a\u00a0sz\u00fa k\u00e1ros\u00edt\u00e1s vesz\u00e9lyeztet. A\u00a0beteg erd\u0151 nemk\u00e9pes bet\u00f6lteni a\u00a0funkci\u00f3it.<\/p>\n<p>A\u00a0leg\u00e9rdekesebb meg\u00e1ll\u00f3 hagyom\u00e1nyosan Jozef\u00a0 Hl\u00e1snik a Vad\u00e1szati Egyes\u00fclet tiszteletbeli eln\u00f6ke standja volt ahol az \u00e1llatokr\u00f3l besz\u00e9lt a\u00a0gyerekeknek valamint bemutatta az \u00e1llatok hangjait \u00e9s a\u00a0gyerekekkel verseny \u00e1ltal bar\u00e1ti kapcsolatot teremtett.<\/p>\n<p>Az esem\u00e9ny v\u00e9g\u00e9n a\u00a0TASSAT egyes\u00fclet tagjai bemutatt\u00e1k a\u00a0csat\u00e1kat a\u00a0szoviet \u00e9s a\u00a0n\u00e9met katon\u00e1k k\u00f6z\u00f6tt melyek a\u00a0m\u00e1sodik vil\u00e1gh\u00e1bor\u00fa alatt zajlottak \u017duhra\u010dka k\u00f6rny\u00e9k\u00e9n. Az idei \u00e9v \u00e9rdekess\u00e9ge volt \u017duhra\u010dkai kast\u00e9ly t\u00f6rt\u00e9nelmi ki\u00e9p\u00edt\u00e9s\u00e9nek a sz\u00e1m\u00edt\u00f3g\u00e9pes vet\u00edt\u00e9se, melyet a\u00a0Nyitrai nemzeti arch\u00edv L\u00e9vai irod\u00e1j\u00e1nak a dolgoz\u00f3i k\u00e9sz\u00edtettek. A\u00a0t\u00f6rt\u00e9nelem bemutat\u00e1sa ann\u00e1l \u00e9rdekesebb volt hogy egy r\u00e9gi katonai s\u00e1torban volt melyet a\u00a0TASSAT egyes\u00fclet &#8211; Jozef Hostinsk\u00fd k\u00f6lcs\u00f6nz\u00f6tt. Margar\u00e9ta Nov\u00e1kov\u00e1 t\u00f6rt\u00e9n\u00e9sz a\u00a0L\u00e9vai \u201eTekovk\u00e9\u201c m\u00fazeumb\u00f3l magyar nyelven is k\u00e9sz\u00fclt a\u00a0\u017duhra\u010dka t\u00f6rt\u00e9nelm\u00e9r\u0151l mivel az INTERREG V-A SK-HU program keret\u00e9n bel\u00fcl magyar gyerekek is r\u00e9szt vettek a\u00a0programon.<br \/>\nEg\u00e9sz nap nagyon sz\u00e9p napos id\u0151 volt, j\u00f3kedv \u00e9s a\u00a0gyerekek\u00a0 kacaja k\u00eds\u00e9rt mindenkit. \u00c9s \u00edgy mindannyian kort\u00f3l f\u00fcggedtelen\u00fcl a \u201e\u017duhra\u010dka mindenkinek\u201c esem\u00e9nyr\u0151l sok kellemes \u00e9s tan\u00fas\u00e1gos \u00e9lm\u00e9nnyel gazdagodtunk \u00e9s inspir\u00e1l\u00f3dottunk. Nagy k\u00f6sz\u00f6net tartozik minden LESY SR dolgoz\u00f3 \u00e9s partneri szervezet r\u00e9sztvev\u0151inek.<\/p>\n<p>&nbsp;<\/p>\n<p>Ing. Jana Sta\u0148ov\u00e1, A Pozsonyi Region\u00e1lis Erd\u00e9szeti Kamara aleln\u00f6ke<\/p>\n","protected":false},"excerpt":{"rendered":"<p>\u00c9lm\u00e9ny tanul\u00e1s \u017duhra\u010dk\u00e1n &#8211; K\u00e9pt\u00e1r Minden esetben mikor egy szabadt\u00e9ri esem\u00e9ny megszervez\u00e9s\u00e9t tervezz\u00fck a\u00a0legkev\u00e9sb\u00e9 biztos&#8230;<\/p>\n","protected":false},"author":2,"featured_media":0,"parent":2336,"menu_order":0,"comment_status":"closed","ping_status":"closed","template":"","meta":{"_acf_changed":false,"inline_featured_image":false,"footnotes":""},"class_list":["post-2382","page","type-page","status-publish","hentry"],"acf":[],"yoast_head":"<!-- This site is optimized with the Yoast SEO plugin v27.4 - https:\/\/yoast.com\/product\/yoast-seo-wordpress\/ -->\n<title>\u017duhra\u010dka mindenkinek \u2013 Gyerekek a vad\u00e1szok bar\u00e1tai - Forestschools.eu<\/title>\n<meta name=\"robots\" content=\"index, follow, max-snippet:-1, max-image-preview:large, max-video-preview:-1\" \/>\n<link rel=\"canonical\" href=\"https:\/\/forestschools.eu\/hu\/a-projektrol\/zuhracka-mindenkinek-gyerekek-a-vadaszok-baratai\/\" \/>\n<meta property=\"og:locale\" content=\"hu_HU\" \/>\n<meta property=\"og:type\" content=\"article\" \/>\n<meta property=\"og:title\" content=\"\u017duhra\u010dka mindenkinek \u2013 Gyerekek a vad\u00e1szok bar\u00e1tai - Forestschools.eu\" \/>\n<meta property=\"og:description\" content=\"\u00c9lm\u00e9ny tanul\u00e1s \u017duhra\u010dk\u00e1n &#8211; K\u00e9pt\u00e1r Minden esetben mikor egy szabadt\u00e9ri esem\u00e9ny megszervez\u00e9s\u00e9t tervezz\u00fck a\u00a0legkev\u00e9sb\u00e9 biztos...\" \/>\n<meta property=\"og:url\" content=\"https:\/\/forestschools.eu\/hu\/a-projektrol\/zuhracka-mindenkinek-gyerekek-a-vadaszok-baratai\/\" \/>\n<meta property=\"og:site_name\" content=\"Forestschools.eu\" \/>\n<meta property=\"article:publisher\" content=\"https:\/\/www.facebook.com\/LESYSRstatnypodnik\" \/>\n<meta property=\"article:modified_time\" content=\"2020-07-21T13:53:34+00:00\" \/>\n<meta name=\"twitter:card\" content=\"summary_large_image\" \/>\n<meta name=\"twitter:label1\" content=\"Est. reading time\" \/>\n\t<meta name=\"twitter:data1\" content=\"4 minutes\" \/>\n<script type=\"application\/ld+json\" class=\"yoast-schema-graph\">{\"@context\":\"https:\\\/\\\/schema.org\",\"@graph\":[{\"@type\":\"WebPage\",\"@id\":\"https:\\\/\\\/forestschools.eu\\\/hu\\\/a-projektrol\\\/zuhracka-mindenkinek-gyerekek-a-vadaszok-baratai\\\/\",\"url\":\"https:\\\/\\\/forestschools.eu\\\/hu\\\/a-projektrol\\\/zuhracka-mindenkinek-gyerekek-a-vadaszok-baratai\\\/\",\"name\":\"\u017duhra\u010dka mindenkinek \u2013 Gyerekek a vad\u00e1szok bar\u00e1tai - Forestschools.eu\",\"isPartOf\":{\"@id\":\"https:\\\/\\\/forestschools.eu\\\/hu\\\/#website\"},\"datePublished\":\"2020-05-13T09:10:45+00:00\",\"dateModified\":\"2020-07-21T13:53:34+00:00\",\"breadcrumb\":{\"@id\":\"https:\\\/\\\/forestschools.eu\\\/hu\\\/a-projektrol\\\/zuhracka-mindenkinek-gyerekek-a-vadaszok-baratai\\\/#breadcrumb\"},\"inLanguage\":\"hu-HU\",\"potentialAction\":[{\"@type\":\"ReadAction\",\"target\":[\"https:\\\/\\\/forestschools.eu\\\/hu\\\/a-projektrol\\\/zuhracka-mindenkinek-gyerekek-a-vadaszok-baratai\\\/\"]}]},{\"@type\":\"BreadcrumbList\",\"@id\":\"https:\\\/\\\/forestschools.eu\\\/hu\\\/a-projektrol\\\/zuhracka-mindenkinek-gyerekek-a-vadaszok-baratai\\\/#breadcrumb\",\"itemListElement\":[{\"@type\":\"ListItem\",\"position\":1,\"name\":\"Home\",\"item\":\"https:\\\/\\\/forestschools.eu\\\/hu\\\/uvod\\\/\"},{\"@type\":\"ListItem\",\"position\":2,\"name\":\"A projektr\u0151l\",\"item\":\"https:\\\/\\\/forestschools.eu\\\/hu\\\/a-projektrol\\\/\"},{\"@type\":\"ListItem\",\"position\":3,\"name\":\"\u017duhra\u010dka mindenkinek \u2013 Gyerekek a vad\u00e1szok bar\u00e1tai\"}]},{\"@type\":\"WebSite\",\"@id\":\"https:\\\/\\\/forestschools.eu\\\/hu\\\/#website\",\"url\":\"https:\\\/\\\/forestschools.eu\\\/hu\\\/\",\"name\":\"Forestschools.eu\",\"description\":\"LESY SR, \u0161t\u00e1tny podnik organiza\u010dn\u00e1 zlo\u017eka OZ Podunajsko\",\"publisher\":{\"@id\":\"https:\\\/\\\/forestschools.eu\\\/hu\\\/#organization\"},\"potentialAction\":[{\"@type\":\"SearchAction\",\"target\":{\"@type\":\"EntryPoint\",\"urlTemplate\":\"https:\\\/\\\/forestschools.eu\\\/hu\\\/?s={search_term_string}\"},\"query-input\":{\"@type\":\"PropertyValueSpecification\",\"valueRequired\":true,\"valueName\":\"search_term_string\"}}],\"inLanguage\":\"hu-HU\"},{\"@type\":\"Organization\",\"@id\":\"https:\\\/\\\/forestschools.eu\\\/hu\\\/#organization\",\"name\":\"Forestschools.eu\",\"url\":\"https:\\\/\\\/forestschools.eu\\\/hu\\\/\",\"logo\":{\"@type\":\"ImageObject\",\"inLanguage\":\"hu-HU\",\"@id\":\"https:\\\/\\\/forestschools.eu\\\/hu\\\/#\\\/schema\\\/logo\\\/image\\\/\",\"url\":\"https:\\\/\\\/forestschools.eu\\\/wp-content\\\/uploads\\\/2020\\\/05\\\/logo.svg\",\"contentUrl\":\"https:\\\/\\\/forestschools.eu\\\/wp-content\\\/uploads\\\/2020\\\/05\\\/logo.svg\",\"caption\":\"Forestschools.eu\"},\"image\":{\"@id\":\"https:\\\/\\\/forestschools.eu\\\/hu\\\/#\\\/schema\\\/logo\\\/image\\\/\"},\"sameAs\":[\"https:\\\/\\\/www.facebook.com\\\/LESYSRstatnypodnik\"]}]}<\/script>\n<!-- \/ Yoast SEO plugin. -->","yoast_head_json":{"title":"\u017duhra\u010dka mindenkinek \u2013 Gyerekek a vad\u00e1szok bar\u00e1tai - Forestschools.eu","robots":{"index":"index","follow":"follow","max-snippet":"max-snippet:-1","max-image-preview":"max-image-preview:large","max-video-preview":"max-video-preview:-1"},"canonical":"https:\/\/forestschools.eu\/hu\/a-projektrol\/zuhracka-mindenkinek-gyerekek-a-vadaszok-baratai\/","og_locale":"hu_HU","og_type":"article","og_title":"\u017duhra\u010dka mindenkinek \u2013 Gyerekek a vad\u00e1szok bar\u00e1tai - Forestschools.eu","og_description":"\u00c9lm\u00e9ny tanul\u00e1s \u017duhra\u010dk\u00e1n &#8211; K\u00e9pt\u00e1r Minden esetben mikor egy szabadt\u00e9ri esem\u00e9ny megszervez\u00e9s\u00e9t tervezz\u00fck a\u00a0legkev\u00e9sb\u00e9 biztos...","og_url":"https:\/\/forestschools.eu\/hu\/a-projektrol\/zuhracka-mindenkinek-gyerekek-a-vadaszok-baratai\/","og_site_name":"Forestschools.eu","article_publisher":"https:\/\/www.facebook.com\/LESYSRstatnypodnik","article_modified_time":"2020-07-21T13:53:34+00:00","twitter_card":"summary_large_image","twitter_misc":{"Est. reading time":"4 minutes"},"schema":{"@context":"https:\/\/schema.org","@graph":[{"@type":"WebPage","@id":"https:\/\/forestschools.eu\/hu\/a-projektrol\/zuhracka-mindenkinek-gyerekek-a-vadaszok-baratai\/","url":"https:\/\/forestschools.eu\/hu\/a-projektrol\/zuhracka-mindenkinek-gyerekek-a-vadaszok-baratai\/","name":"\u017duhra\u010dka mindenkinek \u2013 Gyerekek a vad\u00e1szok bar\u00e1tai - Forestschools.eu","isPartOf":{"@id":"https:\/\/forestschools.eu\/hu\/#website"},"datePublished":"2020-05-13T09:10:45+00:00","dateModified":"2020-07-21T13:53:34+00:00","breadcrumb":{"@id":"https:\/\/forestschools.eu\/hu\/a-projektrol\/zuhracka-mindenkinek-gyerekek-a-vadaszok-baratai\/#breadcrumb"},"inLanguage":"hu-HU","potentialAction":[{"@type":"ReadAction","target":["https:\/\/forestschools.eu\/hu\/a-projektrol\/zuhracka-mindenkinek-gyerekek-a-vadaszok-baratai\/"]}]},{"@type":"BreadcrumbList","@id":"https:\/\/forestschools.eu\/hu\/a-projektrol\/zuhracka-mindenkinek-gyerekek-a-vadaszok-baratai\/#breadcrumb","itemListElement":[{"@type":"ListItem","position":1,"name":"Home","item":"https:\/\/forestschools.eu\/hu\/uvod\/"},{"@type":"ListItem","position":2,"name":"A projektr\u0151l","item":"https:\/\/forestschools.eu\/hu\/a-projektrol\/"},{"@type":"ListItem","position":3,"name":"\u017duhra\u010dka mindenkinek \u2013 Gyerekek a vad\u00e1szok bar\u00e1tai"}]},{"@type":"WebSite","@id":"https:\/\/forestschools.eu\/hu\/#website","url":"https:\/\/forestschools.eu\/hu\/","name":"Forestschools.eu","description":"LESY SR, \u0161t\u00e1tny podnik organiza\u010dn\u00e1 zlo\u017eka OZ Podunajsko","publisher":{"@id":"https:\/\/forestschools.eu\/hu\/#organization"},"potentialAction":[{"@type":"SearchAction","target":{"@type":"EntryPoint","urlTemplate":"https:\/\/forestschools.eu\/hu\/?s={search_term_string}"},"query-input":{"@type":"PropertyValueSpecification","valueRequired":true,"valueName":"search_term_string"}}],"inLanguage":"hu-HU"},{"@type":"Organization","@id":"https:\/\/forestschools.eu\/hu\/#organization","name":"Forestschools.eu","url":"https:\/\/forestschools.eu\/hu\/","logo":{"@type":"ImageObject","inLanguage":"hu-HU","@id":"https:\/\/forestschools.eu\/hu\/#\/schema\/logo\/image\/","url":"https:\/\/forestschools.eu\/wp-content\/uploads\/2020\/05\/logo.svg","contentUrl":"https:\/\/forestschools.eu\/wp-content\/uploads\/2020\/05\/logo.svg","caption":"Forestschools.eu"},"image":{"@id":"https:\/\/forestschools.eu\/hu\/#\/schema\/logo\/image\/"},"sameAs":["https:\/\/www.facebook.com\/LESYSRstatnypodnik"]}]}},"_links":{"self":[{"href":"https:\/\/forestschools.eu\/hu\/wp-json\/wp\/v2\/pages\/2382","targetHints":{"allow":["GET"]}}],"collection":[{"href":"https:\/\/forestschools.eu\/hu\/wp-json\/wp\/v2\/pages"}],"about":[{"href":"https:\/\/forestschools.eu\/hu\/wp-json\/wp\/v2\/types\/page"}],"author":[{"embeddable":true,"href":"https:\/\/forestschools.eu\/hu\/wp-json\/wp\/v2\/users\/2"}],"replies":[{"embeddable":true,"href":"https:\/\/forestschools.eu\/hu\/wp-json\/wp\/v2\/comments?post=2382"}],"version-history":[{"count":4,"href":"https:\/\/forestschools.eu\/hu\/wp-json\/wp\/v2\/pages\/2382\/revisions"}],"predecessor-version":[{"id":2933,"href":"https:\/\/forestschools.eu\/hu\/wp-json\/wp\/v2\/pages\/2382\/revisions\/2933"}],"up":[{"embeddable":true,"href":"https:\/\/forestschools.eu\/hu\/wp-json\/wp\/v2\/pages\/2336"}],"wp:attachment":[{"href":"https:\/\/forestschools.eu\/hu\/wp-json\/wp\/v2\/media?parent=2382"}],"curies":[{"name":"wp","href":"https:\/\/api.w.org\/{rel}","templated":true}]}}