{"id":2381,"date":"2020-05-13T11:21:57","date_gmt":"2020-05-13T09:21:57","guid":{"rendered":"https:\/\/forestschools.eu\/o-projekte\/vymenne-pobyty-deti-v-madarsku\/"},"modified":"2020-07-21T15:52:41","modified_gmt":"2020-07-21T13:52:41","slug":"gyerekek-csereprogramja-magyarorszagon","status":"publish","type":"page","link":"https:\/\/forestschools.eu\/hu\/a-projektrol\/gyerekek-csereprogramja-magyarorszagon\/","title":{"rendered":"Gyerekek csereprogramja Magyarorsz\u00e1gon"},"content":{"rendered":"<h2><strong>\u0150sszel is folytat\u00f3dott a hat\u00e1ron \u00e1t\u00edvel\u0151 program<\/strong> &#8211; <a href=\"https:\/\/forestschools.eu\/hu\/galeria\/gyerekek-csereprogramja-magyarorszagon-20-09-2019\/\">K\u00e9pt\u00e1r 1<\/a> &#8211; <a href=\"https:\/\/forestschools.eu\/hu\/galeria\/gyerekek-csereprogramja-magyarorszagon-27-09-2019\/\">K\u00e9pt\u00e1r 2<\/a><\/h2>\n<h2><\/h2>\n<p>Szeptember v\u00e9g\u00e9n k\u00e9t alkalommal \u00f6sszesen 109 szlov\u00e1kiai kisdi\u00e1kot l\u00e1tott vend\u00e9g\u00fck az Ipoly Erd\u0151 Zrt. A 10-12 \u00e9ves gyermekek \u00e9s k\u00eds\u00e9r\u0151 tan\u00e1raik Somosk\u0151 k\u00f6rny\u00e9k\u00e9re l\u00e1togattak. Okt\u00f3ber v\u00e9g\u00e9n a Szlov\u00e1k \u00c1llami Erd\u0151gazdas\u00e1g l\u00e1tott vend\u00e9g\u00fcl kilencven gyereket \u00e9s k\u00eds\u00e9r\u0151iket, akik Szent Antalra l\u00e1togattak. Ezen alkalmakon a kisdi\u00e1kok\u00a0 p\u00e1ly\u00e1zati t\u00e1mogat\u00e1sb\u00f3l finansz\u00edrozott tartalmas programon vehettek r\u00e9szt.<\/p>\n<p>&nbsp;<\/p>\n<p>Mindk\u00e9t szakmai kir\u00e1ndul\u00e1s r\u00e9sze volt az \u201eErd\u00e9szek a k\u00f6rnyezeti nevel\u00e9s\u00e9rt\u201d INTERREG V-A szlov\u00e1k-magyar egy\u00fcttm\u0171k\u00f6d\u00e9si projektnek, melyen az Ipoly Erd\u0151 Zrt. partnere a Szlov\u00e1k \u00c1llami Erd\u0151gazdas\u00e1g (LESY SR) L\u00e9vai Erd\u00e9szeti \u00dczeme. A p\u00e1ly\u00e1zati program keret\u00e9ben L\u00e9v\u00e1n a LESY SR \u00e9p\u00edt erdei iskol\u00e1t, a hazai oldalon a Somosk\u0151i Kir\u00e1ndul\u00f3k\u00f6zpont fejleszt\u00e9se zajlik. Emellett az elm\u00falt h\u00f3napokban t\u00f6bb szakmai tapasztalatcser\u00e9re alkalmas rendezv\u00e9nyt szervezett m\u00e1r k\u00e9t partner.<\/p>\n<p>&nbsp;<\/p>\n<p>A szlov\u00e1kiai vend\u00e9geket az Ipoly Erd\u0151 Zrt. r\u00e9sz\u00e9r\u0151l Farkasn\u00e9 Parditka Magdolna k\u00f6zj\u00f3l\u00e9ti referens \u00e9s Pint\u00e9r Zolt\u00e1n projektmenedzser fogadta. A r\u00e9sztvev\u0151k t\u00e1j\u00e9koztat\u00e1st kaptak a p\u00e1ly\u00e1zatr\u00f3l, a hamarosan elk\u00e9sz\u00fcl\u0151 Kir\u00e1ndul\u00f3k\u00f6zpontr\u00f3l \u00e9s k\u00f6rny\u00e9k l\u00e1tnival\u00f3ir\u00f3l.<\/p>\n<p>&nbsp;<\/p>\n<p>A Somosk\u0151i Kir\u00e1ndul\u00f3k\u00f6zpontb\u00f3l leny\u0171g\u00f6z\u0151 panor\u00e1ma t\u00e1rult a szlov\u00e1kiai kisdi\u00e1kok el\u00e9, hiszen itt egyszerre k\u00e9t v\u00e1r \u2013 Somosk\u0151 \u00e9s Salg\u00f3 &#8211; l\u00e1that\u00f3. A t\u00e1j egyed\u00fcl\u00e1ll\u00f3: l\u00e1tni a Karancs hegyvonulat\u00e1t, \u00e9s a Medves fenns\u00edkot, t\u00e1volabb a M\u00e1tra \u00e9s a B\u00fckk hegys\u00e9g vonulatait, m\u00f6g\u00f6tte a T\u00e1tra sziluettj\u00e9t. Kiv\u00e1l\u00f3 naps\u00fct\u00e9ses id\u0151ben indultak \u00fatra a r\u00e9sztvev\u0151k a k\u00f6zeli vadaskertbe. Itt a hazai nagyvadfajokat tekinthett\u00e9k meg. K\u00f6vetkez\u0151 \u00e1llom\u00e1s a Somosk\u0151i v\u00e1r megh\u00f3d\u00edt\u00e1sa volt.<\/p>\n<p>&nbsp;<\/p>\n<p>A m\u00e1sodik kir\u00e1ndul\u00f3 napon a csoport a Salg\u00f3 v\u00e1r\u00e1t \u00e9s a Boszork\u00e1ny k\u00f6vet fedezte fel. Az \u00fatsor\u00e1n az erd\u0151 n\u00f6v\u00e9ny- \u00e9s \u00e1llatvil\u00e1g\u00e1r\u00f3l, a geol\u00f3giai k\u00e9pz\u0151dm\u00e9nyekr\u0151l \u00e9s hely t\u00f6rt\u00e9nelm\u00e9r\u0151l \u00e1rult el izgalmas r\u00e9szleteket Moln\u00e1r Zolt\u00e1n, a Somosk\u0151i K\u00f6rnyezetnevel\u00e9si K\u00f6zpont eln\u00f6ke.<\/p>\n<p>&nbsp;<\/p>\n<p>A kimer\u00edt\u0151 t\u00far\u00e1k ut\u00e1n d\u00e9lut\u00e1nonk\u00e9nt a Somosk\u0151i \u00c9letm\u00f3d Tan\u00f6sv\u00e9ny programjain vettek r\u00e9szt a hat\u00e1ron t\u00falr\u00f3l \u00e9rkezett vend\u00e9gek: els\u0151 napon r\u00e9szletesen megismerhett\u00e9k a tan\u00f6sv\u00e9nyt, majd m\u00e1snap a igen n\u00e9pszer\u0171 program, a k\u00e9zm\u0171ves foglalkoz\u00e1s zajlott, akinek kedve tartotta, kipr\u00f3b\u00e1lhatta az agyagoz\u00e1st, nemezel\u00e9st, fafarag\u00e1st.<\/p>\n<p>&nbsp;<\/p>\n<p>&nbsp;<\/p>\n<p>&nbsp;<\/p>\n<p>Az \u201e\u00c9letm\u00f3d Tan\u00f6sv\u00e9ny\u201d kialak\u00edt\u00e1s\u00e1nak \u00e9s programcsomagjainak k\u00f6sz\u00f6nhet\u0151en lehet\u0151v\u00e9 teszi az ide l\u00e1togat\u00f3 vend\u00e9gek sz\u00e1m\u00e1ra, hogy megismerkedjenek a XIX-XX. sz\u00e1zadban a faluban \u00e9lt Krepuska csal\u00e1d t\u00f6rt\u00e9net\u00e9vel, ez\u00e1ltal a t\u00e9rs\u00e9g t\u00f6rt\u00e9nelm\u00e9nek egy jelent\u0151s korszak\u00e1val, \u00e9s ezzel p\u00e1rhuzamosan megismerj\u00e9k a telep\u00fcl\u00e9s, illetve a t\u00e9rs\u00e9g mai \u00e9rt\u00e9keit is. A L\u00e1togat\u00f3k\u00f6zpont k\u00f6zel\u00e9ben, &#8211; a Dob\u00f3 Istv\u00e1n utc\u00e1ban \u2013 kapott helyet az az interakt\u00edv gazdaudvar, amely a Krepuska csal\u00e1d \u00e9s ez \u00e1ltal a XIX-XX. sz\u00e1zadi gazd\u00e1lkod\u00e1s \u00e9s a mai kor h\u00e1zt\u00e1ji gazd\u00e1lkod\u00e1sa k\u00f6z\u00f6tti hasonl\u00f3s\u00e1gokat, illetve k\u00fcl\u00f6nbs\u00e9geket hivatott bemutatni. A bemutat\u00e1si forma \u00f6szt\u00f6nz\u0151en hathat a l\u00e1togat\u00f3k fenntarthat\u00f3s\u00e1g ir\u00e1nti \u00e9rdekl\u0151d\u00e9s\u00e9re, illetve a turist\u00e1k gazda \u00e9letbe t\u00f6rt\u00e9n\u0151 \u00e9lm\u00e9nyszer\u0171 bevon\u00e1s\u00e1val, \u00e9s a gazd\u00e1lkod\u00e1s \u00e9rt\u00e9keinek megismertet\u00e9s\u00e9vel hozz\u00e1seg\u00edtheti t\u00e1rsadalmunkat a k\u00f6rnyezettudatos \u00e9letvitelhez.<\/p>\n<p>&nbsp;<\/p>\n<p>A programok \u0151sszel Szlov\u00e1ki\u00e1ban folytat\u00f3dtak, k\u00e9t salg\u00f3tarj\u00e1ni \u00e1ltal\u00e1nos iskola mintegy 90 di\u00e1kja \u00e9s tan\u00e1raik utazhattak Szent Antalba, itt megn\u00e9zt\u00e9k a helyi kast\u00e9lyt, ahol az iskol\u00e1sok n\u00e9h\u00e1ny gy\u00f6ny\u00f6r\u0171 dalt \u00e9nekeltek a vend\u00e9gl\u00e1t\u00f3knak. Selmecb\u00e1nya k\u00f6rny\u00e9k\u00e9re \u00e9s a Hegyb\u00e1nyai \u00c1ltal\u00e1nos Iskol\u00e1ba, ahol a solym\u00e1szattal ismerkedhettek meg, hiszen itt a solym\u00e1szatot rendes tanrendben oktatj\u00e1k a gyerekeknek, akik bemutat\u00f3t is tartanak a l\u00e1togat\u00f3knak. Mini \u00e1llatkertj\u00fck minden kisvend\u00e9get \u00e1mulatba ejtett, hiszen papag\u00e1jok, majmok, krokodil is tal\u00e1lhat\u00f3 a ter\u00fclet\u00e9n.<\/p>\n<p>&nbsp;<\/p>\n<p>Az \u00e9lm\u00e9nyeiket mi is mutathatn\u00e1 be jobban, mint saj\u00e1t tollukkal megfogalmazott level\u00fck, melyet a haza\u00e9rkez\u00e9s\u00fck ut\u00e1n k\u00fcldtek a hazai szervez\u0151 Ipoly Erd\u0151 Zrt r\u00e9sz\u00e9re.<\/p>\n<p>&nbsp;<\/p>\n<p><em>\u201e<\/em><em>, nagyon tetszett, hogy sokf\u00e9le \u00e1llat volt, hatalmas papag\u00e1jok, sas, kesely\u0171 \u00e9s egy kisebb es\u0151erd\u0151 is ki volt alak\u00edtva ahol h\u00e1rom kis majom is ugr\u00e1lt. Akv\u00e1riumokban mindenf\u00e9le halat, alig\u00e1tort is l\u00e1ttunk. Kint pedig az ist\u00e1ll\u00f3ban lovakat, akiket etetni is \u00e9s simogatni is lehetett. Sajnos lovagolni m\u00e1r nem volt id\u0151nk, mert menn\u00fcnk kellett vissza a buszhoz ahol kaptunk mindannyian egyform\u00e1n aj\u00e1nd\u00e9kot.\u00a0 A bar\u00e1taimmal nagyon sok fot\u00f3t csin\u00e1ltunk, sok \u00e9lm\u00e9nyt szerezt\u00fcnk.\u201c Ol\u00e1h Vanessza 5. B Pet\u0151fi S\u00e1ndor \u00c1ltal\u00e1nos Iskola<\/em><\/p>\n<p><em>\u00a0<\/em><\/p>\n<p><em>\u201e&#8230;meg\u00e9rkezt\u00fcnk kir\u00e1ndul\u00e1sunk els\u0151 pontj\u00e1ra, a Szent Antalban tal\u00e1lhat\u00f3 Koh\u00e1ry csal\u00e1d kast\u00e9ly\u00e1ba. Nagyon kedvesek voltak a k\u00eds\u00e9r\u0151ink, megmutatt\u00e1k a kast\u00e9lyt, gy\u00f6ny\u00f6r\u0171 szob\u00e1kat, ruh\u00e1kat \u00e9s b\u00fatorokat l\u00e1ttunk. A v\u00e9g\u00e9n nagyon vicces volt az \u00e1llathangokat ut\u00e1nz\u00f3 k\u00eds\u00e9r\u0151, m\u00e9g ki is kellett tal\u00e1lnunk vajon melyik \u00e1llat hangj\u00e1t ut\u00e1nozza. Az \u00e9nekkar is megmutatta a tehets\u00e9g\u00e9t, egy r\u00f6vid m\u0171sort adtak a k\u00eds\u00e9r\u0151inknek. &#8230;. A k\u00f6vetkez\u0151 meg\u00e1ll\u00f3 a Hegyb\u00e1ny\u00e1n tal\u00e1lhat\u00f3 iskola volt ahol az ott tanul\u00f3 di\u00e1kok solym\u00e1szatot is tanulnak. Tartottak nek\u00fcnk egy r\u00f6vid bemutat\u00f3t, amit mindenki nagyon \u00e9lvezett.\u00a0 Ezut\u00e1n v\u00e9gig k\u00eds\u00e9rtek az iskol\u00e1n, ahol rengeteg \u00e1llattal tal\u00e1lkoztunk, majmokkal, tekn\u0151s\u00f6kkel, papag\u00e1jokkal, \u00e9s lovakkal is, \u00e9s az ott tanul\u00f3 gyerekek gondozz\u00e1k \u0151ket. Majd a kir\u00e1ndul\u00e1sunk v\u00e9g\u00e9n a buszn\u00e1l a k\u00eds\u00e9r\u0151ink aj\u00e1nd\u00e9kkal v\u00e1rtak minket, mindenki kapott vonalz\u00f3t, m\u00e1gnest, tollat. Megk\u00f6sz\u00f6nt\u00fck a vend\u00e9gl\u00e1t\u00e1st, a programokat, az aj\u00e1nd\u00e9kokat \u00e9s elindultunk haza.<\/em><\/p>\n<p><em>\u00a0<\/em><\/p>\n<p><em>Nekem nagyon tetszett ez a nap, nagyon \u00f6r\u00fcl\u00f6k, hogy elvittek erre a kir\u00e1ndul\u00e1sra \u00e9s egy sz\u00e9p \u00e9lm\u00e9ny marad nekem! Kov\u00e1cs Ilona 8. A\u00a0Pet\u0151fi S\u00e1ndor \u00c1ltal\u00e1nos Iskola<\/em><\/p>\n<p><em>\u00a0<\/em><\/p>\n<p>Ezt k\u00f6vet\u0151en tavasszal m\u00e9g k\u00e9t-k\u00e9t csereutaz\u00e1st szerveznek a program keret\u00e9ben,\u00a0 magyar \u00e9s szlov\u00e1k r\u00e9sztvev\u0151kkel, \u00edgy \u00f6sszesen mintegy 450 f\u0151 vesz r\u00e9szt a k\u00f6rnyezeti nevel\u00e9si programokon. Az \u201eErd\u00e9szek a k\u00f6rnyezeti nevel\u00e9s\u00e9rt\u201d, SKHU\/1601\/1.1\/009. sz. projekt az Eur\u00f3pai Uni\u00f3 t\u00e1mogat\u00e1s\u00e1val, az Eur\u00f3pai Region\u00e1lis Fejleszt\u00e9si Alap t\u00e1rsfinansz\u00edroz\u00e1s\u00e1val val\u00f3sul meg. A sajt\u00f3k\u00f6zlem\u00e9ny tartalma nem k\u00e9pviseli az Eur\u00f3pai Uni\u00f3 hivatalos \u00e1ll\u00e1spontj\u00e1t. <a href=\"https:\/\/www.skhu.eu\/\">www.skhu.eu<\/a><\/p>\n<p>&nbsp;<\/p>\n","protected":false},"excerpt":{"rendered":"<p>\u0150sszel is folytat\u00f3dott a hat\u00e1ron \u00e1t\u00edvel\u0151 program &#8211; K\u00e9pt\u00e1r 1 &#8211; K\u00e9pt\u00e1r 2 Szeptember v\u00e9g\u00e9n&#8230;<\/p>\n","protected":false},"author":2,"featured_media":0,"parent":2336,"menu_order":0,"comment_status":"closed","ping_status":"closed","template":"","meta":{"_acf_changed":false,"inline_featured_image":false,"footnotes":""},"class_list":["post-2381","page","type-page","status-publish","hentry"],"acf":[],"yoast_head":"<!-- This site is optimized with the Yoast SEO plugin v27.4 - https:\/\/yoast.com\/product\/yoast-seo-wordpress\/ -->\n<title>Gyerekek csereprogramja Magyarorsz\u00e1gon - Forestschools.eu<\/title>\n<meta name=\"robots\" content=\"index, follow, max-snippet:-1, max-image-preview:large, max-video-preview:-1\" \/>\n<link rel=\"canonical\" href=\"https:\/\/forestschools.eu\/hu\/a-projektrol\/gyerekek-csereprogramja-magyarorszagon\/\" \/>\n<meta property=\"og:locale\" content=\"hu_HU\" \/>\n<meta property=\"og:type\" content=\"article\" \/>\n<meta property=\"og:title\" content=\"Gyerekek csereprogramja Magyarorsz\u00e1gon - Forestschools.eu\" \/>\n<meta property=\"og:description\" content=\"\u0150sszel is folytat\u00f3dott a hat\u00e1ron \u00e1t\u00edvel\u0151 program &#8211; K\u00e9pt\u00e1r 1 &#8211; K\u00e9pt\u00e1r 2 Szeptember v\u00e9g\u00e9n...\" \/>\n<meta property=\"og:url\" content=\"https:\/\/forestschools.eu\/hu\/a-projektrol\/gyerekek-csereprogramja-magyarorszagon\/\" \/>\n<meta property=\"og:site_name\" content=\"Forestschools.eu\" \/>\n<meta property=\"article:publisher\" content=\"https:\/\/www.facebook.com\/LESYSRstatnypodnik\" \/>\n<meta property=\"article:modified_time\" content=\"2020-07-21T13:52:41+00:00\" \/>\n<meta name=\"twitter:card\" content=\"summary_large_image\" \/>\n<meta name=\"twitter:label1\" content=\"Est. reading time\" \/>\n\t<meta name=\"twitter:data1\" content=\"6 minutes\" \/>\n<script type=\"application\/ld+json\" class=\"yoast-schema-graph\">{\"@context\":\"https:\\\/\\\/schema.org\",\"@graph\":[{\"@type\":\"WebPage\",\"@id\":\"https:\\\/\\\/forestschools.eu\\\/hu\\\/a-projektrol\\\/gyerekek-csereprogramja-magyarorszagon\\\/\",\"url\":\"https:\\\/\\\/forestschools.eu\\\/hu\\\/a-projektrol\\\/gyerekek-csereprogramja-magyarorszagon\\\/\",\"name\":\"Gyerekek csereprogramja Magyarorsz\u00e1gon - Forestschools.eu\",\"isPartOf\":{\"@id\":\"https:\\\/\\\/forestschools.eu\\\/hu\\\/#website\"},\"datePublished\":\"2020-05-13T09:21:57+00:00\",\"dateModified\":\"2020-07-21T13:52:41+00:00\",\"breadcrumb\":{\"@id\":\"https:\\\/\\\/forestschools.eu\\\/hu\\\/a-projektrol\\\/gyerekek-csereprogramja-magyarorszagon\\\/#breadcrumb\"},\"inLanguage\":\"hu-HU\",\"potentialAction\":[{\"@type\":\"ReadAction\",\"target\":[\"https:\\\/\\\/forestschools.eu\\\/hu\\\/a-projektrol\\\/gyerekek-csereprogramja-magyarorszagon\\\/\"]}]},{\"@type\":\"BreadcrumbList\",\"@id\":\"https:\\\/\\\/forestschools.eu\\\/hu\\\/a-projektrol\\\/gyerekek-csereprogramja-magyarorszagon\\\/#breadcrumb\",\"itemListElement\":[{\"@type\":\"ListItem\",\"position\":1,\"name\":\"Home\",\"item\":\"https:\\\/\\\/forestschools.eu\\\/hu\\\/uvod\\\/\"},{\"@type\":\"ListItem\",\"position\":2,\"name\":\"A projektr\u0151l\",\"item\":\"https:\\\/\\\/forestschools.eu\\\/hu\\\/a-projektrol\\\/\"},{\"@type\":\"ListItem\",\"position\":3,\"name\":\"Gyerekek csereprogramja Magyarorsz\u00e1gon\"}]},{\"@type\":\"WebSite\",\"@id\":\"https:\\\/\\\/forestschools.eu\\\/hu\\\/#website\",\"url\":\"https:\\\/\\\/forestschools.eu\\\/hu\\\/\",\"name\":\"Forestschools.eu\",\"description\":\"LESY SR, \u0161t\u00e1tny podnik organiza\u010dn\u00e1 zlo\u017eka OZ Podunajsko\",\"publisher\":{\"@id\":\"https:\\\/\\\/forestschools.eu\\\/hu\\\/#organization\"},\"potentialAction\":[{\"@type\":\"SearchAction\",\"target\":{\"@type\":\"EntryPoint\",\"urlTemplate\":\"https:\\\/\\\/forestschools.eu\\\/hu\\\/?s={search_term_string}\"},\"query-input\":{\"@type\":\"PropertyValueSpecification\",\"valueRequired\":true,\"valueName\":\"search_term_string\"}}],\"inLanguage\":\"hu-HU\"},{\"@type\":\"Organization\",\"@id\":\"https:\\\/\\\/forestschools.eu\\\/hu\\\/#organization\",\"name\":\"Forestschools.eu\",\"url\":\"https:\\\/\\\/forestschools.eu\\\/hu\\\/\",\"logo\":{\"@type\":\"ImageObject\",\"inLanguage\":\"hu-HU\",\"@id\":\"https:\\\/\\\/forestschools.eu\\\/hu\\\/#\\\/schema\\\/logo\\\/image\\\/\",\"url\":\"https:\\\/\\\/forestschools.eu\\\/wp-content\\\/uploads\\\/2020\\\/05\\\/logo.svg\",\"contentUrl\":\"https:\\\/\\\/forestschools.eu\\\/wp-content\\\/uploads\\\/2020\\\/05\\\/logo.svg\",\"caption\":\"Forestschools.eu\"},\"image\":{\"@id\":\"https:\\\/\\\/forestschools.eu\\\/hu\\\/#\\\/schema\\\/logo\\\/image\\\/\"},\"sameAs\":[\"https:\\\/\\\/www.facebook.com\\\/LESYSRstatnypodnik\"]}]}<\/script>\n<!-- \/ Yoast SEO plugin. -->","yoast_head_json":{"title":"Gyerekek csereprogramja Magyarorsz\u00e1gon - Forestschools.eu","robots":{"index":"index","follow":"follow","max-snippet":"max-snippet:-1","max-image-preview":"max-image-preview:large","max-video-preview":"max-video-preview:-1"},"canonical":"https:\/\/forestschools.eu\/hu\/a-projektrol\/gyerekek-csereprogramja-magyarorszagon\/","og_locale":"hu_HU","og_type":"article","og_title":"Gyerekek csereprogramja Magyarorsz\u00e1gon - Forestschools.eu","og_description":"\u0150sszel is folytat\u00f3dott a hat\u00e1ron \u00e1t\u00edvel\u0151 program &#8211; K\u00e9pt\u00e1r 1 &#8211; K\u00e9pt\u00e1r 2 Szeptember v\u00e9g\u00e9n...","og_url":"https:\/\/forestschools.eu\/hu\/a-projektrol\/gyerekek-csereprogramja-magyarorszagon\/","og_site_name":"Forestschools.eu","article_publisher":"https:\/\/www.facebook.com\/LESYSRstatnypodnik","article_modified_time":"2020-07-21T13:52:41+00:00","twitter_card":"summary_large_image","twitter_misc":{"Est. reading time":"6 minutes"},"schema":{"@context":"https:\/\/schema.org","@graph":[{"@type":"WebPage","@id":"https:\/\/forestschools.eu\/hu\/a-projektrol\/gyerekek-csereprogramja-magyarorszagon\/","url":"https:\/\/forestschools.eu\/hu\/a-projektrol\/gyerekek-csereprogramja-magyarorszagon\/","name":"Gyerekek csereprogramja Magyarorsz\u00e1gon - Forestschools.eu","isPartOf":{"@id":"https:\/\/forestschools.eu\/hu\/#website"},"datePublished":"2020-05-13T09:21:57+00:00","dateModified":"2020-07-21T13:52:41+00:00","breadcrumb":{"@id":"https:\/\/forestschools.eu\/hu\/a-projektrol\/gyerekek-csereprogramja-magyarorszagon\/#breadcrumb"},"inLanguage":"hu-HU","potentialAction":[{"@type":"ReadAction","target":["https:\/\/forestschools.eu\/hu\/a-projektrol\/gyerekek-csereprogramja-magyarorszagon\/"]}]},{"@type":"BreadcrumbList","@id":"https:\/\/forestschools.eu\/hu\/a-projektrol\/gyerekek-csereprogramja-magyarorszagon\/#breadcrumb","itemListElement":[{"@type":"ListItem","position":1,"name":"Home","item":"https:\/\/forestschools.eu\/hu\/uvod\/"},{"@type":"ListItem","position":2,"name":"A projektr\u0151l","item":"https:\/\/forestschools.eu\/hu\/a-projektrol\/"},{"@type":"ListItem","position":3,"name":"Gyerekek csereprogramja Magyarorsz\u00e1gon"}]},{"@type":"WebSite","@id":"https:\/\/forestschools.eu\/hu\/#website","url":"https:\/\/forestschools.eu\/hu\/","name":"Forestschools.eu","description":"LESY SR, \u0161t\u00e1tny podnik organiza\u010dn\u00e1 zlo\u017eka OZ Podunajsko","publisher":{"@id":"https:\/\/forestschools.eu\/hu\/#organization"},"potentialAction":[{"@type":"SearchAction","target":{"@type":"EntryPoint","urlTemplate":"https:\/\/forestschools.eu\/hu\/?s={search_term_string}"},"query-input":{"@type":"PropertyValueSpecification","valueRequired":true,"valueName":"search_term_string"}}],"inLanguage":"hu-HU"},{"@type":"Organization","@id":"https:\/\/forestschools.eu\/hu\/#organization","name":"Forestschools.eu","url":"https:\/\/forestschools.eu\/hu\/","logo":{"@type":"ImageObject","inLanguage":"hu-HU","@id":"https:\/\/forestschools.eu\/hu\/#\/schema\/logo\/image\/","url":"https:\/\/forestschools.eu\/wp-content\/uploads\/2020\/05\/logo.svg","contentUrl":"https:\/\/forestschools.eu\/wp-content\/uploads\/2020\/05\/logo.svg","caption":"Forestschools.eu"},"image":{"@id":"https:\/\/forestschools.eu\/hu\/#\/schema\/logo\/image\/"},"sameAs":["https:\/\/www.facebook.com\/LESYSRstatnypodnik"]}]}},"_links":{"self":[{"href":"https:\/\/forestschools.eu\/hu\/wp-json\/wp\/v2\/pages\/2381","targetHints":{"allow":["GET"]}}],"collection":[{"href":"https:\/\/forestschools.eu\/hu\/wp-json\/wp\/v2\/pages"}],"about":[{"href":"https:\/\/forestschools.eu\/hu\/wp-json\/wp\/v2\/types\/page"}],"author":[{"embeddable":true,"href":"https:\/\/forestschools.eu\/hu\/wp-json\/wp\/v2\/users\/2"}],"replies":[{"embeddable":true,"href":"https:\/\/forestschools.eu\/hu\/wp-json\/wp\/v2\/comments?post=2381"}],"version-history":[{"count":5,"href":"https:\/\/forestschools.eu\/hu\/wp-json\/wp\/v2\/pages\/2381\/revisions"}],"predecessor-version":[{"id":2932,"href":"https:\/\/forestschools.eu\/hu\/wp-json\/wp\/v2\/pages\/2381\/revisions\/2932"}],"up":[{"embeddable":true,"href":"https:\/\/forestschools.eu\/hu\/wp-json\/wp\/v2\/pages\/2336"}],"wp:attachment":[{"href":"https:\/\/forestschools.eu\/hu\/wp-json\/wp\/v2\/media?parent=2381"}],"curies":[{"name":"wp","href":"https:\/\/api.w.org\/{rel}","templated":true}]}}