{"id":2377,"date":"2020-05-13T09:56:58","date_gmt":"2020-05-13T07:56:58","guid":{"rendered":"https:\/\/forestschools.eu\/o-projekte\/uvodna-tlacova-konferencia\/"},"modified":"2020-07-21T15:49:16","modified_gmt":"2020-07-21T13:49:16","slug":"nyito-sajtotajekoztato","status":"publish","type":"page","link":"https:\/\/forestschools.eu\/hu\/a-projektrol\/nyito-sajtotajekoztato\/","title":{"rendered":"Nyit\u00f3 sajt\u00f3t\u00e1j\u00e9koztat\u00f3"},"content":{"rendered":"<h2>Projekt bemutat\u00e1sa &#8211; <a href=\"https:\/\/forestschools.eu\/hu\/galeria\/nyito-sajtotajekoztato\/\">K\u00e9pt\u00e1r<\/a><\/h2>\n<p><a href=\"https:\/\/forestschools.eu\/wp-content\/uploads\/2020\/05\/20180208-prezentacia-projektu-sk-hu-forest-schools.pdf\"><img loading=\"lazy\" decoding=\"async\" class=\"alignnone size-large wp-image-578\" src=\"https:\/\/forestschools.eu\/wp-content\/uploads\/2020\/05\/prezentacia-1-1024x768.jpg\" alt=\"\" width=\"648\" height=\"486\" srcset=\"https:\/\/forestschools.eu\/wp-content\/uploads\/2020\/05\/prezentacia-1-1024x768.jpg 1024w, https:\/\/forestschools.eu\/wp-content\/uploads\/2020\/05\/prezentacia-1-300x225.jpg 300w, https:\/\/forestschools.eu\/wp-content\/uploads\/2020\/05\/prezentacia-1-768x576.jpg 768w, https:\/\/forestschools.eu\/wp-content\/uploads\/2020\/05\/prezentacia-1-1536x1152.jpg 1536w, https:\/\/forestschools.eu\/wp-content\/uploads\/2020\/05\/prezentacia-1-453x340.jpg 453w, https:\/\/forestschools.eu\/wp-content\/uploads\/2020\/05\/prezentacia-1-1000x750.jpg 1000w, https:\/\/forestschools.eu\/wp-content\/uploads\/2020\/05\/prezentacia-1.jpg 2000w\" sizes=\"auto, (max-width: 648px) 100vw, 648px\" \/><\/a><\/p>\n","protected":false},"excerpt":{"rendered":"<p>Projekt bemutat\u00e1sa &#8211; K\u00e9pt\u00e1r<\/p>\n","protected":false},"author":2,"featured_media":0,"parent":2336,"menu_order":0,"comment_status":"closed","ping_status":"closed","template":"","meta":{"_acf_changed":false,"inline_featured_image":false,"footnotes":""},"class_list":["post-2377","page","type-page","status-publish","hentry"],"acf":[],"yoast_head":"<!-- This site is optimized with the Yoast SEO plugin v27.4 - https:\/\/yoast.com\/product\/yoast-seo-wordpress\/ -->\n<title>Nyit\u00f3 sajt\u00f3t\u00e1j\u00e9koztat\u00f3 - Forestschools.eu<\/title>\n<meta name=\"robots\" content=\"index, follow, max-snippet:-1, max-image-preview:large, max-video-preview:-1\" \/>\n<link rel=\"canonical\" href=\"https:\/\/forestschools.eu\/hu\/a-projektrol\/nyito-sajtotajekoztato\/\" \/>\n<meta property=\"og:locale\" content=\"hu_HU\" \/>\n<meta property=\"og:type\" content=\"article\" \/>\n<meta property=\"og:title\" content=\"Nyit\u00f3 sajt\u00f3t\u00e1j\u00e9koztat\u00f3 - Forestschools.eu\" \/>\n<meta property=\"og:description\" content=\"Projekt bemutat\u00e1sa &#8211; K\u00e9pt\u00e1r\" \/>\n<meta property=\"og:url\" content=\"https:\/\/forestschools.eu\/hu\/a-projektrol\/nyito-sajtotajekoztato\/\" \/>\n<meta property=\"og:site_name\" content=\"Forestschools.eu\" \/>\n<meta property=\"article:publisher\" content=\"https:\/\/www.facebook.com\/LESYSRstatnypodnik\" \/>\n<meta property=\"article:modified_time\" content=\"2020-07-21T13:49:16+00:00\" \/>\n<meta property=\"og:image\" content=\"https:\/\/forestschools.eu\/wp-content\/uploads\/2020\/05\/prezentacia-1-1024x768.jpg\" \/>\n<meta name=\"twitter:card\" content=\"summary_large_image\" \/>\n<script type=\"application\/ld+json\" class=\"yoast-schema-graph\">{\"@context\":\"https:\\\/\\\/schema.org\",\"@graph\":[{\"@type\":\"WebPage\",\"@id\":\"https:\\\/\\\/forestschools.eu\\\/hu\\\/a-projektrol\\\/nyito-sajtotajekoztato\\\/\",\"url\":\"https:\\\/\\\/forestschools.eu\\\/hu\\\/a-projektrol\\\/nyito-sajtotajekoztato\\\/\",\"name\":\"Nyit\u00f3 sajt\u00f3t\u00e1j\u00e9koztat\u00f3 - Forestschools.eu\",\"isPartOf\":{\"@id\":\"https:\\\/\\\/forestschools.eu\\\/hu\\\/#website\"},\"primaryImageOfPage\":{\"@id\":\"https:\\\/\\\/forestschools.eu\\\/hu\\\/a-projektrol\\\/nyito-sajtotajekoztato\\\/#primaryimage\"},\"image\":{\"@id\":\"https:\\\/\\\/forestschools.eu\\\/hu\\\/a-projektrol\\\/nyito-sajtotajekoztato\\\/#primaryimage\"},\"thumbnailUrl\":\"https:\\\/\\\/forestschools.eu\\\/wp-content\\\/uploads\\\/2020\\\/05\\\/prezentacia-1-1024x768.jpg\",\"datePublished\":\"2020-05-13T07:56:58+00:00\",\"dateModified\":\"2020-07-21T13:49:16+00:00\",\"breadcrumb\":{\"@id\":\"https:\\\/\\\/forestschools.eu\\\/hu\\\/a-projektrol\\\/nyito-sajtotajekoztato\\\/#breadcrumb\"},\"inLanguage\":\"hu-HU\",\"potentialAction\":[{\"@type\":\"ReadAction\",\"target\":[\"https:\\\/\\\/forestschools.eu\\\/hu\\\/a-projektrol\\\/nyito-sajtotajekoztato\\\/\"]}]},{\"@type\":\"ImageObject\",\"inLanguage\":\"hu-HU\",\"@id\":\"https:\\\/\\\/forestschools.eu\\\/hu\\\/a-projektrol\\\/nyito-sajtotajekoztato\\\/#primaryimage\",\"url\":\"https:\\\/\\\/forestschools.eu\\\/wp-content\\\/uploads\\\/2020\\\/05\\\/prezentacia-1-1024x768.jpg\",\"contentUrl\":\"https:\\\/\\\/forestschools.eu\\\/wp-content\\\/uploads\\\/2020\\\/05\\\/prezentacia-1-1024x768.jpg\"},{\"@type\":\"BreadcrumbList\",\"@id\":\"https:\\\/\\\/forestschools.eu\\\/hu\\\/a-projektrol\\\/nyito-sajtotajekoztato\\\/#breadcrumb\",\"itemListElement\":[{\"@type\":\"ListItem\",\"position\":1,\"name\":\"Home\",\"item\":\"https:\\\/\\\/forestschools.eu\\\/hu\\\/uvod\\\/\"},{\"@type\":\"ListItem\",\"position\":2,\"name\":\"A projektr\u0151l\",\"item\":\"https:\\\/\\\/forestschools.eu\\\/hu\\\/a-projektrol\\\/\"},{\"@type\":\"ListItem\",\"position\":3,\"name\":\"Nyit\u00f3 sajt\u00f3t\u00e1j\u00e9koztat\u00f3\"}]},{\"@type\":\"WebSite\",\"@id\":\"https:\\\/\\\/forestschools.eu\\\/hu\\\/#website\",\"url\":\"https:\\\/\\\/forestschools.eu\\\/hu\\\/\",\"name\":\"Forestschools.eu\",\"description\":\"LESY SR, \u0161t\u00e1tny podnik organiza\u010dn\u00e1 zlo\u017eka OZ Podunajsko\",\"publisher\":{\"@id\":\"https:\\\/\\\/forestschools.eu\\\/hu\\\/#organization\"},\"potentialAction\":[{\"@type\":\"SearchAction\",\"target\":{\"@type\":\"EntryPoint\",\"urlTemplate\":\"https:\\\/\\\/forestschools.eu\\\/hu\\\/?s={search_term_string}\"},\"query-input\":{\"@type\":\"PropertyValueSpecification\",\"valueRequired\":true,\"valueName\":\"search_term_string\"}}],\"inLanguage\":\"hu-HU\"},{\"@type\":\"Organization\",\"@id\":\"https:\\\/\\\/forestschools.eu\\\/hu\\\/#organization\",\"name\":\"Forestschools.eu\",\"url\":\"https:\\\/\\\/forestschools.eu\\\/hu\\\/\",\"logo\":{\"@type\":\"ImageObject\",\"inLanguage\":\"hu-HU\",\"@id\":\"https:\\\/\\\/forestschools.eu\\\/hu\\\/#\\\/schema\\\/logo\\\/image\\\/\",\"url\":\"https:\\\/\\\/forestschools.eu\\\/wp-content\\\/uploads\\\/2020\\\/05\\\/logo.svg\",\"contentUrl\":\"https:\\\/\\\/forestschools.eu\\\/wp-content\\\/uploads\\\/2020\\\/05\\\/logo.svg\",\"caption\":\"Forestschools.eu\"},\"image\":{\"@id\":\"https:\\\/\\\/forestschools.eu\\\/hu\\\/#\\\/schema\\\/logo\\\/image\\\/\"},\"sameAs\":[\"https:\\\/\\\/www.facebook.com\\\/LESYSRstatnypodnik\"]}]}<\/script>\n<!-- \/ Yoast SEO plugin. -->","yoast_head_json":{"title":"Nyit\u00f3 sajt\u00f3t\u00e1j\u00e9koztat\u00f3 - Forestschools.eu","robots":{"index":"index","follow":"follow","max-snippet":"max-snippet:-1","max-image-preview":"max-image-preview:large","max-video-preview":"max-video-preview:-1"},"canonical":"https:\/\/forestschools.eu\/hu\/a-projektrol\/nyito-sajtotajekoztato\/","og_locale":"hu_HU","og_type":"article","og_title":"Nyit\u00f3 sajt\u00f3t\u00e1j\u00e9koztat\u00f3 - Forestschools.eu","og_description":"Projekt bemutat\u00e1sa &#8211; K\u00e9pt\u00e1r","og_url":"https:\/\/forestschools.eu\/hu\/a-projektrol\/nyito-sajtotajekoztato\/","og_site_name":"Forestschools.eu","article_publisher":"https:\/\/www.facebook.com\/LESYSRstatnypodnik","article_modified_time":"2020-07-21T13:49:16+00:00","og_image":[{"url":"https:\/\/forestschools.eu\/wp-content\/uploads\/2020\/05\/prezentacia-1-1024x768.jpg","type":"","width":"","height":""}],"twitter_card":"summary_large_image","schema":{"@context":"https:\/\/schema.org","@graph":[{"@type":"WebPage","@id":"https:\/\/forestschools.eu\/hu\/a-projektrol\/nyito-sajtotajekoztato\/","url":"https:\/\/forestschools.eu\/hu\/a-projektrol\/nyito-sajtotajekoztato\/","name":"Nyit\u00f3 sajt\u00f3t\u00e1j\u00e9koztat\u00f3 - Forestschools.eu","isPartOf":{"@id":"https:\/\/forestschools.eu\/hu\/#website"},"primaryImageOfPage":{"@id":"https:\/\/forestschools.eu\/hu\/a-projektrol\/nyito-sajtotajekoztato\/#primaryimage"},"image":{"@id":"https:\/\/forestschools.eu\/hu\/a-projektrol\/nyito-sajtotajekoztato\/#primaryimage"},"thumbnailUrl":"https:\/\/forestschools.eu\/wp-content\/uploads\/2020\/05\/prezentacia-1-1024x768.jpg","datePublished":"2020-05-13T07:56:58+00:00","dateModified":"2020-07-21T13:49:16+00:00","breadcrumb":{"@id":"https:\/\/forestschools.eu\/hu\/a-projektrol\/nyito-sajtotajekoztato\/#breadcrumb"},"inLanguage":"hu-HU","potentialAction":[{"@type":"ReadAction","target":["https:\/\/forestschools.eu\/hu\/a-projektrol\/nyito-sajtotajekoztato\/"]}]},{"@type":"ImageObject","inLanguage":"hu-HU","@id":"https:\/\/forestschools.eu\/hu\/a-projektrol\/nyito-sajtotajekoztato\/#primaryimage","url":"https:\/\/forestschools.eu\/wp-content\/uploads\/2020\/05\/prezentacia-1-1024x768.jpg","contentUrl":"https:\/\/forestschools.eu\/wp-content\/uploads\/2020\/05\/prezentacia-1-1024x768.jpg"},{"@type":"BreadcrumbList","@id":"https:\/\/forestschools.eu\/hu\/a-projektrol\/nyito-sajtotajekoztato\/#breadcrumb","itemListElement":[{"@type":"ListItem","position":1,"name":"Home","item":"https:\/\/forestschools.eu\/hu\/uvod\/"},{"@type":"ListItem","position":2,"name":"A projektr\u0151l","item":"https:\/\/forestschools.eu\/hu\/a-projektrol\/"},{"@type":"ListItem","position":3,"name":"Nyit\u00f3 sajt\u00f3t\u00e1j\u00e9koztat\u00f3"}]},{"@type":"WebSite","@id":"https:\/\/forestschools.eu\/hu\/#website","url":"https:\/\/forestschools.eu\/hu\/","name":"Forestschools.eu","description":"LESY SR, \u0161t\u00e1tny podnik organiza\u010dn\u00e1 zlo\u017eka OZ Podunajsko","publisher":{"@id":"https:\/\/forestschools.eu\/hu\/#organization"},"potentialAction":[{"@type":"SearchAction","target":{"@type":"EntryPoint","urlTemplate":"https:\/\/forestschools.eu\/hu\/?s={search_term_string}"},"query-input":{"@type":"PropertyValueSpecification","valueRequired":true,"valueName":"search_term_string"}}],"inLanguage":"hu-HU"},{"@type":"Organization","@id":"https:\/\/forestschools.eu\/hu\/#organization","name":"Forestschools.eu","url":"https:\/\/forestschools.eu\/hu\/","logo":{"@type":"ImageObject","inLanguage":"hu-HU","@id":"https:\/\/forestschools.eu\/hu\/#\/schema\/logo\/image\/","url":"https:\/\/forestschools.eu\/wp-content\/uploads\/2020\/05\/logo.svg","contentUrl":"https:\/\/forestschools.eu\/wp-content\/uploads\/2020\/05\/logo.svg","caption":"Forestschools.eu"},"image":{"@id":"https:\/\/forestschools.eu\/hu\/#\/schema\/logo\/image\/"},"sameAs":["https:\/\/www.facebook.com\/LESYSRstatnypodnik"]}]}},"_links":{"self":[{"href":"https:\/\/forestschools.eu\/hu\/wp-json\/wp\/v2\/pages\/2377","targetHints":{"allow":["GET"]}}],"collection":[{"href":"https:\/\/forestschools.eu\/hu\/wp-json\/wp\/v2\/pages"}],"about":[{"href":"https:\/\/forestschools.eu\/hu\/wp-json\/wp\/v2\/types\/page"}],"author":[{"embeddable":true,"href":"https:\/\/forestschools.eu\/hu\/wp-json\/wp\/v2\/users\/2"}],"replies":[{"embeddable":true,"href":"https:\/\/forestschools.eu\/hu\/wp-json\/wp\/v2\/comments?post=2377"}],"version-history":[{"count":6,"href":"https:\/\/forestschools.eu\/hu\/wp-json\/wp\/v2\/pages\/2377\/revisions"}],"predecessor-version":[{"id":2926,"href":"https:\/\/forestschools.eu\/hu\/wp-json\/wp\/v2\/pages\/2377\/revisions\/2926"}],"up":[{"embeddable":true,"href":"https:\/\/forestschools.eu\/hu\/wp-json\/wp\/v2\/pages\/2336"}],"wp:attachment":[{"href":"https:\/\/forestschools.eu\/hu\/wp-json\/wp\/v2\/media?parent=2377"}],"curies":[{"name":"wp","href":"https:\/\/api.w.org\/{rel}","templated":true}]}}