{"id":2374,"date":"2020-05-13T13:16:38","date_gmt":"2020-05-13T11:16:38","guid":{"rendered":"https:\/\/forestschools.eu\/o-projekte\/seminar-lesnych-pedagogov\/"},"modified":"2020-07-21T15:50:31","modified_gmt":"2020-07-21T13:50:31","slug":"erdei-pedagogusok-szeminariuma","status":"publish","type":"page","link":"https:\/\/forestschools.eu\/hu\/a-projektrol\/erdei-pedagogusok-szeminariuma\/","title":{"rendered":"Erdei pedag\u00f3gusok szemin\u00e1riuma"},"content":{"rendered":"<h2>Erdei pedag\u00f3gusok szemin\u00e1riuma &#8211; <a href=\"https:\/\/forestschools.eu\/hu\/galeria\/erdei-pedagogusok-szeminariuma\/\">K\u00e9pt\u00e1r<\/a><\/h2>\n<p>NLC &#8211; A Z\u00f3lyomi Erd\u00e9szeti Tan\u00e1csad\u00f3 \u00e9s Oktat\u00f3 Int\u00e9zet, rendszeresen szervez oktat\u00e1si programokat, melyek k\u00f6z\u00e9 tartozik az Erd\u0151pedag\u00f3giai szemin\u00e1rium.<\/p>\n<p>Szeptembert\u0151l az \u00e9v v\u00e9g\u00e9ig \u00a0folyt a erd\u0151pedag\u00f3giai szemin\u00e1rium, mely h\u00e1rom kurzus keret\u00e9ben volt megtartva , az &#8220;&#8221;Erd\u00e9szek\u00a0 a k\u00f6rnyzettudatoss\u00e1g figyelm\u00e9nek felkelt\u00e9sere&#8221; \u00a0projekt keret\u00e9ben SK-HU EGY\u00c9B ISKOL\u00c1K (SKHU \/ 1601 \/ 1.1 \/ 009) hat\u00e1ron \u00e1tny\u00fal\u00f3 egy\u00fcttm\u0171k\u00f6d\u00e9s Interreg V-A Szlov\u00e1k K\u00f6zt\u00e1rsas\u00e1g &#8211; Magyarorsz\u00e1g. 20 \u00faj p\u00e1ly\u00e1z\u00f3 &#8211; erd\u00e9sz \u00e9s erd\u00e9szn\u0151 r\u00e9szv\u00e9tel\u00e9vel vette kezdet\u00e9t. Els\u0151 kurzus sz\u00ednhelye a csod\u00e1latos T\u00f3tmegyeri (Pal\u00e1rikovo) vad\u00e1szkast\u00e9ly volt, 2019. szeptember 10-t\u0151l szeptember 12-ig. M\u00e1sodik kurzus 2019. okt\u00f3ber 1. \u00e9s okt\u00f3ber 3. k\u00f6z\u00f6tt volt megtartva a L\u00e9vai \u00fczem (OZ Levice) \u00e9p\u00fclet\u00e9ben. Szemin\u00e1rium 2019. november 29-\u00e9n \u00e9s 30-\u00e1n a harmadik kurzussal z\u00e1rult, amely Stubnyaf\u00fcrd\u0151 (Tur\u010dianske Teplice), a hotel \u201eLesn\u00edk\u201d-ben volt megrendezve. A program, amelyet az NLC el\u0151ad\u00f3i \u00e1ll\u00edtottak \u00f6ssze, szakszer\u0171 \u00e9s \u00e9rdekes volt. Az el\u0151ad\u00e1sokat \u00e9s a gyakorlati bemutat\u00f3kat, Z\u00f3lyomban (Zvolen) m\u0171k\u00f6d\u0151 NLC, Besterceb\u00e1nyai (Bansk\u00e1 Bystrica) Matej Bel Egyetem, R\u00f3zsahegyi (Ru\u017eomberok) Katolikus Egyetem \u00e9s az Eperlyesi (Pre\u0161ov) Egyetem szak\u00e9rt\u0151i tartott\u00e1k. Vonz\u00f3an bemutatt\u00e1k a kurzus r\u00e9sztvev\u0151inek az erd\u0151pedag\u00f3gia, az \u00e1ltal\u00e1nos \u00e9s speci\u00e1lis pedag\u00f3gia, tov\u00e1bb\u00e1 a fejl\u0151d\u00e9si pszichol\u00f3gia, k\u00f6rnyezeti etika \u00e9s a m\u00e9diakommunik\u00e1ci\u00f3 k\u00e9rd\u00e9seit. \u00a0Programot gazdag\u00edtotta a Bernecebar\u00e1ti Erdei iskola \u00e9s matracsz\u00e1ll\u00e1s vezet\u0151je, Pesek Bea el\u0151ad\u00e1sa, amely mag\u00e1ba foglalta \u00e9s ismertette a szemin\u00e1rium r\u00e9sztvev\u0151it az erd\u0151pedag\u00f3gia jelenlegi helyzet\u00e9r\u0151l Magyarorsz\u00e1gon. A magyar el\u0151ad\u00f3val val\u00f3 tal\u00e1lkoz\u00e1s tapasztalatcserek\u00e9nt is szolg\u00e1lt a k\u00e9t projektpartner k\u00f6z\u00f6tt.<\/p>\n<p>Az NLC oktat\u00f3inak k\u00f6sz\u00f6nhet\u0151en a j\u00f6v\u0151beli erd\u0151tan\u00e1rok szabadterepben, k\u00fcl\u00f6nf\u00e9le gyakorlati tev\u00e9kenys\u00e9gek \u00e9s j\u00e1t\u00e9kok form\u00e1j\u00e1ban igazolhatt\u00e1k \u00e9s\u00a0elsaj\u00e1t\u00edtott\u00e1k a megszerzett elm\u00e9leti ismereteket. Ezekel megk\u00f6nny\u00edtik a k\u00f6zelebb jut\u00e1st a k\u00fcl\u00f6nb\u00f6z\u0151 c\u00e9lcsoportokhoz. \u00c9rdekes volt kozosen elk\u00e9sz\u00edteni egy Erdei s\u00e9ta (Forest Walk) modellt, melyet gyakorlatilag a\u00a0L\u00e9vai (Levice) \u00f3vod\u00e1ban v\u00e9gezt\u00e9k el.<\/p>\n<p>Az erd\u0151pedag\u00f3gia szemin\u00e1riuma teszttel z\u00e1rult, amely kit\u00f6lt\u00e9s\u00e9hez minden megszerzett tud\u00e1s\u00e1ra suks\u00e9g volt, valamint egy Erdei s\u00e9ta egyedi bemutat\u00e1s\u00e1val, amelyet mindenki egy adott c\u00e9lcsoporttal mutatott be.<\/p>\n<ol start=\"2019\">\n<li>november 30-\u00e1n az erd\u0151pedag\u00f3gi\u00e1t 20 sikeres \u00fajonc gazdag\u00edtotta, akik tudj\u00e1k, hogyan kell haszn\u00e1lni a fej\u00fcket, kez\u00fcket \u00e9s a sz\u00edv\u00fcket \u263a.<\/li>\n<\/ol>\n<p>Az erd\u0151pedag\u00f3giai szemin\u00e1riumot nagyon j\u00f3 l\u00e9gk\u00f6rben, bar\u00e1ts\u00e1gban, a kapcsolatok er\u0151s\u00edt\u00e9s\u00e9ben \u00e9s a k\u00f6lcs\u00f6n\u00f6s egy\u00fcttm\u0171k\u00f6d\u00e9sben tartott\u00e1k. V\u00e9g\u00fcl is az erd\u00e9szek k\u00f6z\u00f6tt nem lehet m\u00e1s.<\/p>\n<p>J\u00f3 szerencs\u00e9t!<\/p>\n<p>&nbsp;<\/p>\n<p><strong>Ing. Sl\u00e1vka Pavlov\u00e1 ( L\u00e9vai (Levice) j\u00f6v\u0151beli erd\u0151iskola vezet\u0151je)\u00a0\u00a0\u00a0\u00a0<\/strong><\/p>\n<p><strong>Ing. Nikoleta Nozdrovick\u00e1 (projektmenedzser) \u00a0 \u00a0 \u00a0<\/strong><\/p>\n<p>&nbsp;<\/p>\n","protected":false},"excerpt":{"rendered":"<p>Erdei pedag\u00f3gusok szemin\u00e1riuma &#8211; K\u00e9pt\u00e1r NLC &#8211; A Z\u00f3lyomi Erd\u00e9szeti Tan\u00e1csad\u00f3 \u00e9s Oktat\u00f3 Int\u00e9zet, rendszeresen&#8230;<\/p>\n","protected":false},"author":2,"featured_media":0,"parent":2336,"menu_order":0,"comment_status":"closed","ping_status":"closed","template":"","meta":{"_acf_changed":false,"inline_featured_image":false,"footnotes":""},"class_list":["post-2374","page","type-page","status-publish","hentry"],"acf":[],"yoast_head":"<!-- This site is optimized with the Yoast SEO plugin v27.4 - https:\/\/yoast.com\/product\/yoast-seo-wordpress\/ -->\n<title>Erdei pedag\u00f3gusok szemin\u00e1riuma - Forestschools.eu<\/title>\n<meta name=\"robots\" content=\"index, follow, max-snippet:-1, max-image-preview:large, max-video-preview:-1\" \/>\n<link rel=\"canonical\" href=\"https:\/\/forestschools.eu\/hu\/a-projektrol\/erdei-pedagogusok-szeminariuma\/\" \/>\n<meta property=\"og:locale\" content=\"hu_HU\" \/>\n<meta property=\"og:type\" content=\"article\" \/>\n<meta property=\"og:title\" content=\"Erdei pedag\u00f3gusok szemin\u00e1riuma - Forestschools.eu\" \/>\n<meta property=\"og:description\" content=\"Erdei pedag\u00f3gusok szemin\u00e1riuma &#8211; K\u00e9pt\u00e1r NLC &#8211; A Z\u00f3lyomi Erd\u00e9szeti Tan\u00e1csad\u00f3 \u00e9s Oktat\u00f3 Int\u00e9zet, rendszeresen...\" \/>\n<meta property=\"og:url\" content=\"https:\/\/forestschools.eu\/hu\/a-projektrol\/erdei-pedagogusok-szeminariuma\/\" \/>\n<meta property=\"og:site_name\" content=\"Forestschools.eu\" \/>\n<meta property=\"article:publisher\" content=\"https:\/\/www.facebook.com\/LESYSRstatnypodnik\" \/>\n<meta property=\"article:modified_time\" content=\"2020-07-21T13:50:31+00:00\" \/>\n<meta name=\"twitter:card\" content=\"summary_large_image\" \/>\n<meta name=\"twitter:label1\" content=\"Est. reading time\" \/>\n\t<meta name=\"twitter:data1\" content=\"3 minutes\" \/>\n<script type=\"application\/ld+json\" class=\"yoast-schema-graph\">{\"@context\":\"https:\\\/\\\/schema.org\",\"@graph\":[{\"@type\":\"WebPage\",\"@id\":\"https:\\\/\\\/forestschools.eu\\\/hu\\\/a-projektrol\\\/erdei-pedagogusok-szeminariuma\\\/\",\"url\":\"https:\\\/\\\/forestschools.eu\\\/hu\\\/a-projektrol\\\/erdei-pedagogusok-szeminariuma\\\/\",\"name\":\"Erdei pedag\u00f3gusok szemin\u00e1riuma - Forestschools.eu\",\"isPartOf\":{\"@id\":\"https:\\\/\\\/forestschools.eu\\\/hu\\\/#website\"},\"datePublished\":\"2020-05-13T11:16:38+00:00\",\"dateModified\":\"2020-07-21T13:50:31+00:00\",\"breadcrumb\":{\"@id\":\"https:\\\/\\\/forestschools.eu\\\/hu\\\/a-projektrol\\\/erdei-pedagogusok-szeminariuma\\\/#breadcrumb\"},\"inLanguage\":\"hu-HU\",\"potentialAction\":[{\"@type\":\"ReadAction\",\"target\":[\"https:\\\/\\\/forestschools.eu\\\/hu\\\/a-projektrol\\\/erdei-pedagogusok-szeminariuma\\\/\"]}]},{\"@type\":\"BreadcrumbList\",\"@id\":\"https:\\\/\\\/forestschools.eu\\\/hu\\\/a-projektrol\\\/erdei-pedagogusok-szeminariuma\\\/#breadcrumb\",\"itemListElement\":[{\"@type\":\"ListItem\",\"position\":1,\"name\":\"Home\",\"item\":\"https:\\\/\\\/forestschools.eu\\\/hu\\\/uvod\\\/\"},{\"@type\":\"ListItem\",\"position\":2,\"name\":\"A projektr\u0151l\",\"item\":\"https:\\\/\\\/forestschools.eu\\\/hu\\\/a-projektrol\\\/\"},{\"@type\":\"ListItem\",\"position\":3,\"name\":\"Erdei pedag\u00f3gusok szemin\u00e1riuma\"}]},{\"@type\":\"WebSite\",\"@id\":\"https:\\\/\\\/forestschools.eu\\\/hu\\\/#website\",\"url\":\"https:\\\/\\\/forestschools.eu\\\/hu\\\/\",\"name\":\"Forestschools.eu\",\"description\":\"LESY SR, \u0161t\u00e1tny podnik organiza\u010dn\u00e1 zlo\u017eka OZ Podunajsko\",\"publisher\":{\"@id\":\"https:\\\/\\\/forestschools.eu\\\/hu\\\/#organization\"},\"potentialAction\":[{\"@type\":\"SearchAction\",\"target\":{\"@type\":\"EntryPoint\",\"urlTemplate\":\"https:\\\/\\\/forestschools.eu\\\/hu\\\/?s={search_term_string}\"},\"query-input\":{\"@type\":\"PropertyValueSpecification\",\"valueRequired\":true,\"valueName\":\"search_term_string\"}}],\"inLanguage\":\"hu-HU\"},{\"@type\":\"Organization\",\"@id\":\"https:\\\/\\\/forestschools.eu\\\/hu\\\/#organization\",\"name\":\"Forestschools.eu\",\"url\":\"https:\\\/\\\/forestschools.eu\\\/hu\\\/\",\"logo\":{\"@type\":\"ImageObject\",\"inLanguage\":\"hu-HU\",\"@id\":\"https:\\\/\\\/forestschools.eu\\\/hu\\\/#\\\/schema\\\/logo\\\/image\\\/\",\"url\":\"https:\\\/\\\/forestschools.eu\\\/wp-content\\\/uploads\\\/2020\\\/05\\\/logo.svg\",\"contentUrl\":\"https:\\\/\\\/forestschools.eu\\\/wp-content\\\/uploads\\\/2020\\\/05\\\/logo.svg\",\"caption\":\"Forestschools.eu\"},\"image\":{\"@id\":\"https:\\\/\\\/forestschools.eu\\\/hu\\\/#\\\/schema\\\/logo\\\/image\\\/\"},\"sameAs\":[\"https:\\\/\\\/www.facebook.com\\\/LESYSRstatnypodnik\"]}]}<\/script>\n<!-- \/ Yoast SEO plugin. -->","yoast_head_json":{"title":"Erdei pedag\u00f3gusok szemin\u00e1riuma - Forestschools.eu","robots":{"index":"index","follow":"follow","max-snippet":"max-snippet:-1","max-image-preview":"max-image-preview:large","max-video-preview":"max-video-preview:-1"},"canonical":"https:\/\/forestschools.eu\/hu\/a-projektrol\/erdei-pedagogusok-szeminariuma\/","og_locale":"hu_HU","og_type":"article","og_title":"Erdei pedag\u00f3gusok szemin\u00e1riuma - Forestschools.eu","og_description":"Erdei pedag\u00f3gusok szemin\u00e1riuma &#8211; K\u00e9pt\u00e1r NLC &#8211; A Z\u00f3lyomi Erd\u00e9szeti Tan\u00e1csad\u00f3 \u00e9s Oktat\u00f3 Int\u00e9zet, rendszeresen...","og_url":"https:\/\/forestschools.eu\/hu\/a-projektrol\/erdei-pedagogusok-szeminariuma\/","og_site_name":"Forestschools.eu","article_publisher":"https:\/\/www.facebook.com\/LESYSRstatnypodnik","article_modified_time":"2020-07-21T13:50:31+00:00","twitter_card":"summary_large_image","twitter_misc":{"Est. reading time":"3 minutes"},"schema":{"@context":"https:\/\/schema.org","@graph":[{"@type":"WebPage","@id":"https:\/\/forestschools.eu\/hu\/a-projektrol\/erdei-pedagogusok-szeminariuma\/","url":"https:\/\/forestschools.eu\/hu\/a-projektrol\/erdei-pedagogusok-szeminariuma\/","name":"Erdei pedag\u00f3gusok szemin\u00e1riuma - Forestschools.eu","isPartOf":{"@id":"https:\/\/forestschools.eu\/hu\/#website"},"datePublished":"2020-05-13T11:16:38+00:00","dateModified":"2020-07-21T13:50:31+00:00","breadcrumb":{"@id":"https:\/\/forestschools.eu\/hu\/a-projektrol\/erdei-pedagogusok-szeminariuma\/#breadcrumb"},"inLanguage":"hu-HU","potentialAction":[{"@type":"ReadAction","target":["https:\/\/forestschools.eu\/hu\/a-projektrol\/erdei-pedagogusok-szeminariuma\/"]}]},{"@type":"BreadcrumbList","@id":"https:\/\/forestschools.eu\/hu\/a-projektrol\/erdei-pedagogusok-szeminariuma\/#breadcrumb","itemListElement":[{"@type":"ListItem","position":1,"name":"Home","item":"https:\/\/forestschools.eu\/hu\/uvod\/"},{"@type":"ListItem","position":2,"name":"A projektr\u0151l","item":"https:\/\/forestschools.eu\/hu\/a-projektrol\/"},{"@type":"ListItem","position":3,"name":"Erdei pedag\u00f3gusok szemin\u00e1riuma"}]},{"@type":"WebSite","@id":"https:\/\/forestschools.eu\/hu\/#website","url":"https:\/\/forestschools.eu\/hu\/","name":"Forestschools.eu","description":"LESY SR, \u0161t\u00e1tny podnik organiza\u010dn\u00e1 zlo\u017eka OZ Podunajsko","publisher":{"@id":"https:\/\/forestschools.eu\/hu\/#organization"},"potentialAction":[{"@type":"SearchAction","target":{"@type":"EntryPoint","urlTemplate":"https:\/\/forestschools.eu\/hu\/?s={search_term_string}"},"query-input":{"@type":"PropertyValueSpecification","valueRequired":true,"valueName":"search_term_string"}}],"inLanguage":"hu-HU"},{"@type":"Organization","@id":"https:\/\/forestschools.eu\/hu\/#organization","name":"Forestschools.eu","url":"https:\/\/forestschools.eu\/hu\/","logo":{"@type":"ImageObject","inLanguage":"hu-HU","@id":"https:\/\/forestschools.eu\/hu\/#\/schema\/logo\/image\/","url":"https:\/\/forestschools.eu\/wp-content\/uploads\/2020\/05\/logo.svg","contentUrl":"https:\/\/forestschools.eu\/wp-content\/uploads\/2020\/05\/logo.svg","caption":"Forestschools.eu"},"image":{"@id":"https:\/\/forestschools.eu\/hu\/#\/schema\/logo\/image\/"},"sameAs":["https:\/\/www.facebook.com\/LESYSRstatnypodnik"]}]}},"_links":{"self":[{"href":"https:\/\/forestschools.eu\/hu\/wp-json\/wp\/v2\/pages\/2374","targetHints":{"allow":["GET"]}}],"collection":[{"href":"https:\/\/forestschools.eu\/hu\/wp-json\/wp\/v2\/pages"}],"about":[{"href":"https:\/\/forestschools.eu\/hu\/wp-json\/wp\/v2\/types\/page"}],"author":[{"embeddable":true,"href":"https:\/\/forestschools.eu\/hu\/wp-json\/wp\/v2\/users\/2"}],"replies":[{"embeddable":true,"href":"https:\/\/forestschools.eu\/hu\/wp-json\/wp\/v2\/comments?post=2374"}],"version-history":[{"count":6,"href":"https:\/\/forestschools.eu\/hu\/wp-json\/wp\/v2\/pages\/2374\/revisions"}],"predecessor-version":[{"id":2929,"href":"https:\/\/forestschools.eu\/hu\/wp-json\/wp\/v2\/pages\/2374\/revisions\/2929"}],"up":[{"embeddable":true,"href":"https:\/\/forestschools.eu\/hu\/wp-json\/wp\/v2\/pages\/2336"}],"wp:attachment":[{"href":"https:\/\/forestschools.eu\/hu\/wp-json\/wp\/v2\/media?parent=2374"}],"curies":[{"name":"wp","href":"https:\/\/api.w.org\/{rel}","templated":true}]}}