{"id":2373,"date":"2020-05-13T11:01:19","date_gmt":"2020-05-13T09:01:19","guid":{"rendered":"https:\/\/forestschools.eu\/o-projekte\/levicke-polovnicke-dni-deti-a-priatelia-lesnikov\/"},"modified":"2020-07-21T15:54:18","modified_gmt":"2020-07-21T13:54:18","slug":"levai-vadasznapok-gyerekek-az-erdeszek-baratai","status":"publish","type":"page","link":"https:\/\/forestschools.eu\/hu\/a-projektrol\/levai-vadasznapok-gyerekek-az-erdeszek-baratai\/","title":{"rendered":"L\u00e9vai vad\u00e1sznapok \u2013 Gyerekek az erd\u00e9szek bar\u00e1tai"},"content":{"rendered":"<h2>Gyerekek az erd\u00e9szek bar\u00e1tai &#8211; <a href=\"https:\/\/forestschools.eu\/hu\/galeria\/levai-vadasznapok-gyerekek-az-erdeszek-baratai\/\">K\u00e9pt\u00e1r<\/a><\/h2>\n<p><em>\u201eA\u00a0<a href=\"https:\/\/hu.wikipedia.org\/wiki\/Garam\">Garam<\/a>\u00a0v\u00f6lgy\u00e9ben,\u00a0<a href=\"https:\/\/hu.wikipedia.org\/wiki\/Selmecb%C3%A1nya\">Selmecb\u00e1ny\u00e1t\u00f3l<\/a>\u00a0l\u00e9gvonalban 34\u00a0km-re d\u00e9lnyugatra, a\u00a0<a href=\"https:\/\/hu.wikipedia.org\/w\/index.php?title=Selmeci-hegys%C3%A9g&amp;action=edit&amp;redlink=1\">Selmeci-hegys\u00e9g<\/a>\u00a0el\u0151ter\u00e9ben fekszik. <a href=\"https:\/\/hu.wikipedia.org\/wiki\/1347\">1347<\/a>-ben eml\u00edtik el\u0151sz\u00f6r \u201eLeua&#8221;\u00a0n\u00e9ven. Ez a\u00a0<a href=\"https:\/\/hu.wikipedia.org\/wiki\/Szl%C3%A1v_nyelvek\">szl\u00e1v<\/a>\u00a0Leva\u00a0szem\u00e9lyn\u00e9vb\u0151l sz\u00e1rmazik, amely a\u00a0<a href=\"https:\/\/hu.wikipedia.org\/wiki\/L%C5%91rinc\">L\u0151rinc<\/a>\u00a0szem\u00e9lyn\u00e9v v\u00e1ltozata. A v\u00e1ros az alacsony v\u00e1rdomb k\u00f6r\u00fcl alakult ki, amelyen kor\u00e1bban\u00a0<a href=\"https:\/\/hu.wikipedia.org\/wiki\/Kelt%C3%A1k\">kelta<\/a>\u00a0er\u0151d\u00edtm\u00e9ny \u00e1llott. <\/em>Ezt, \u00e9s sok m\u00e1s \u00e9rdekess\u00e9get tal\u00e1ltam L\u00e9v\u00e1r\u00f3l a Wikip\u00e9di\u00e1ban. Musz\u00e1j volt ut\u00e1nan\u00e9znem, mert ebbe a szlov\u00e1kiai kisv\u00e1rosba k\u00e9sz\u00fclt\u00fcnk h\u00fasz \u00f6t\u00f6dik \u00e9s hatodik oszt\u00e1lyos gyerekkel a L\u00e9vai vad\u00e1sz napok rendezv\u00e9ny\u00e9re 2019. m\u00e1jus 10-\u00e9n.\u201d nyilatkozta a H\u00e9halmi \u00e1ltal\u00e1nos iskola oszt\u00e1lyf\u00f6n\u00f6ke a k\u00f6sz\u00f6n\u00f6 level\u00e9ben.<\/p>\n<p>A szlov\u00e1k-magyar hat\u00e1ron \u00e9l\u0151 gyerekek r\u00e9szt vettek a \u201eGyerekek az erd\u00e9szek bar\u00e1tai\u201d c. projekt tev\u00e9kenys\u00e9gen, melyet az INTERREG V-A szlov\u00e1k-magyar egy\u00fcttm\u0171k\u00f6d\u00e9si program keret\u00e9ben az \u201eErd\u00e9szek a k\u00f6rnyezeti nevel\u00e9s\u00e9rt\u201d projekt keret\u00e9ben szerveztek. L\u00e9v\u00e1t a magyarorsz\u00e1gi H\u00e9halmi \u00e1ltal\u00e1nos iskola di\u00e1kjai l\u00e1togatt\u00e1k meg.<\/p>\n<p>A H\u00e9halmi \u00c1ltal\u00e1nos Iskola N\u00f3gr\u00e1d megye kis iskol\u00e1i k\u00f6z\u00e9 tartozik, ahov\u00e1 sok h\u00e1tr\u00e1nyos helyzet\u0171, neh\u00e9z anyagi k\u00f6r\u00fclm\u00e9nyek k\u00f6z\u00f6tt \u00e9l\u0151 gyermek j\u00e1r. Ez\u00e9rt is \u00f6r\u00fcltek a lehet\u0151s\u00e9gnek, hogy a gyerekek is r\u00e9szt vehettek ezen a programon. A L\u00e9vai vad\u00e1sz napokon a l\u00e9vai \u00fczem erd\u00e9szetei mutatkoztak be k\u00fcl\u00f6nb\u00f6z\u0151 programokkal. Rendeztek tr\u00f3feaki\u00e1ll\u00edt\u00e1st, fegyverbemutat\u00f3t, fot\u00f3- \u00e9s gyermekrajz-ki\u00e1ll\u00edt\u00e1st. A t\u00e9li stadionban pedig szakmai el\u0151ad\u00e1sok \u00e9s v\u00e1s\u00e1r is v\u00e1rt a r\u00e9sztvev\u0151kre. Ebbe a gazdag programba kapcsol\u00f3dtak be a szlov\u00e1kiai \u00e9s a magyar gyerekek j\u00e1t\u00e9kos form\u00e1ban. A helyi erd\u00e9szek ir\u00e1ny\u00edt\u00e1s\u00e1val t\u00f6bb csoportban forg\u00f3sz\u00ednpadszer\u0171en tev\u00e9kenykedtek a gyerekek, \u00e9lvezhett\u00e9k a j\u00e1t\u00e9kokat, testk\u00f6zelb\u0151l csod\u00e1lhatt\u00e1k meg a mad\u00e1rbemutat\u00f3 ragadoz\u00f3it, \u00e9szrev\u00e9tlen sz\u00edvt\u00e1k magukba a tud\u00e1st.<\/p>\n<p>A gyerekekhez k\u00f6zel \u00e1ll az erd\u0151, az \u00e1llatok, rovarok. A fi\u00fakat az olyan dolgok \u00e9rdeklik, ahol megmutathatj\u00e1k erej\u00fcket, b\u00e1tors\u00e1gukat. Ilyen volt p\u00e9ld\u00e1ul a k\u00f6t\u00e9lh\u00faz\u00e1s \u00e9s a r\u00f6nkh\u00faz\u00e1s is. Ez a j\u00e1t\u00e9kos virtuskod\u00e1s nagyon \u00e9lvezetes tud lenni. A l\u00e1nyok pedig megfigyel\u0151k\u00e9pess\u00e9g\u00fcket, tud\u00e1sukat, tapasztalataikat haszn\u00e1lhatt\u00e1k a f\u00e1k magvai \u00e9s levelei felismer\u00e9s\u00e9n\u00e9l valamint\u00a0 a \u00e1lat hang felismer\u00e9sn\u00e9l vagy a erd\u00e9szeti kv\u00edzben. Ilyen sz\u00f3rakoztat\u00f3 \u00e9s j\u00e1t\u00e9kos m\u00f3don tudtak tanulni valami \u00fajat az erd\u0151r\u0151l \u00e9s az \u00e9letr\u0151l benne, f\u00e1kr\u00f3l, \u00e1llatokr\u00f3l, madarakr\u00f3l, rovarokr\u00f3l. Ez pedig a tanul\u00e1s leghat\u00e9konyabb form\u00e1ja, a tud\u00e1s megszerz\u00e9s\u00e9nek leg\u00e9lvezetesebb m\u00f3dja, \u00e9s a megszerzett ismeretek is \u00edgy a legtart\u00f3sabbak. D\u00e9lut\u00e1n m\u00e9g a k\u00f6zeli v\u00e1rat is megh\u00f3d\u00edthat\u00e1k a gyerekek, amelyet maga Dob\u00f3 Istv\u00e1n is v\u00e9dett egy ideig katon\u00e1ival a t\u00f6r\u00f6k ellen. Itt a t\u00f6rt\u00e9nelmi ismereteink gyarapodtak a szakszer\u0171 el\u0151ad\u00e1s \u00e1ltal.<\/p>\n<p>Az eg\u00e9sz napos, j\u00f3l szervezett, sz\u00ednvonalas rendezv\u00e9nyen k\u00fcl\u00f6n\u00f6s figyelmet kaptak a magyar gyerekek. A folyamatos k\u00eds\u00e9ret \u00e9s tolm\u00e1csol\u00e1s seg\u00edtett a nyelvi akad\u00e1lyok lek\u00fczd\u00e9s\u00e9ben. \u00d6sszefoglalva, a projekt tev\u00e9kenys\u00e9g teljes m\u00e9rt\u00e9kben teljes\u00edtette a c\u00e9lj\u00e1t, hogy n\u00f6velje a fiatal gener\u00e1ci\u00f3 tudatoss\u00e1g\u00e1t, \u00e9s bemutassa az erd\u00e9szek munk\u00e1j\u00e1t, az erd\u0151t \u00e9s az \u00e9letet az er\u0151ben.<\/p>\n<p>&nbsp;<\/p>\n<p><strong>Ing. Nikoleta Nozdrovick\u00e1<\/strong><\/p>\n<p><a href=\"https:\/\/forestschools.eu\/wp-content\/uploads\/2020\/06\/loga-hu.png\"><img loading=\"lazy\" decoding=\"async\" class=\"alignnone wp-image-2836 size-full\" src=\"https:\/\/forestschools.eu\/wp-content\/uploads\/2020\/06\/loga-hu.png\" alt=\"\" width=\"1024\" height=\"124\" srcset=\"https:\/\/forestschools.eu\/wp-content\/uploads\/2020\/06\/loga-hu.png 1024w, https:\/\/forestschools.eu\/wp-content\/uploads\/2020\/06\/loga-hu-300x36.png 300w, https:\/\/forestschools.eu\/wp-content\/uploads\/2020\/06\/loga-hu-768x93.png 768w, https:\/\/forestschools.eu\/wp-content\/uploads\/2020\/06\/loga-hu-512x62.png 512w\" sizes=\"auto, (max-width: 1024px) 100vw, 1024px\" \/><\/a><\/p>\n","protected":false},"excerpt":{"rendered":"<p>Gyerekek az erd\u00e9szek bar\u00e1tai &#8211; K\u00e9pt\u00e1r \u201eA\u00a0Garam\u00a0v\u00f6lgy\u00e9ben,\u00a0Selmecb\u00e1ny\u00e1t\u00f3l\u00a0l\u00e9gvonalban 34\u00a0km-re d\u00e9lnyugatra, a\u00a0Selmeci-hegys\u00e9g\u00a0el\u0151ter\u00e9ben fekszik. 1347-ben eml\u00edtik el\u0151sz\u00f6r \u201eLeua&#8221;\u00a0n\u00e9ven&#8230;.<\/p>\n","protected":false},"author":2,"featured_media":0,"parent":2336,"menu_order":0,"comment_status":"closed","ping_status":"closed","template":"","meta":{"_acf_changed":false,"inline_featured_image":false,"footnotes":""},"class_list":["post-2373","page","type-page","status-publish","hentry"],"acf":[],"yoast_head":"<!-- This site is optimized with the Yoast SEO plugin v27.4 - https:\/\/yoast.com\/product\/yoast-seo-wordpress\/ -->\n<title>L\u00e9vai vad\u00e1sznapok \u2013 Gyerekek az erd\u00e9szek bar\u00e1tai - Forestschools.eu<\/title>\n<meta name=\"robots\" content=\"index, follow, max-snippet:-1, max-image-preview:large, max-video-preview:-1\" \/>\n<link rel=\"canonical\" href=\"https:\/\/forestschools.eu\/hu\/a-projektrol\/levai-vadasznapok-gyerekek-az-erdeszek-baratai\/\" \/>\n<meta property=\"og:locale\" content=\"hu_HU\" \/>\n<meta property=\"og:type\" content=\"article\" \/>\n<meta property=\"og:title\" content=\"L\u00e9vai vad\u00e1sznapok \u2013 Gyerekek az erd\u00e9szek bar\u00e1tai - Forestschools.eu\" \/>\n<meta property=\"og:description\" content=\"Gyerekek az erd\u00e9szek bar\u00e1tai &#8211; K\u00e9pt\u00e1r \u201eA\u00a0Garam\u00a0v\u00f6lgy\u00e9ben,\u00a0Selmecb\u00e1ny\u00e1t\u00f3l\u00a0l\u00e9gvonalban 34\u00a0km-re d\u00e9lnyugatra, a\u00a0Selmeci-hegys\u00e9g\u00a0el\u0151ter\u00e9ben fekszik. 1347-ben eml\u00edtik el\u0151sz\u00f6r \u201eLeua&#8221;\u00a0n\u00e9ven....\" \/>\n<meta property=\"og:url\" content=\"https:\/\/forestschools.eu\/hu\/a-projektrol\/levai-vadasznapok-gyerekek-az-erdeszek-baratai\/\" \/>\n<meta property=\"og:site_name\" content=\"Forestschools.eu\" \/>\n<meta property=\"article:publisher\" content=\"https:\/\/www.facebook.com\/LESYSRstatnypodnik\" \/>\n<meta property=\"article:modified_time\" content=\"2020-07-21T13:54:18+00:00\" \/>\n<meta property=\"og:image\" content=\"https:\/\/forestschools.eu\/wp-content\/uploads\/2020\/06\/loga-hu.png\" \/>\n<meta name=\"twitter:card\" content=\"summary_large_image\" \/>\n<meta name=\"twitter:label1\" content=\"Est. reading time\" \/>\n\t<meta name=\"twitter:data1\" content=\"3 minutes\" \/>\n<script type=\"application\/ld+json\" class=\"yoast-schema-graph\">{\"@context\":\"https:\\\/\\\/schema.org\",\"@graph\":[{\"@type\":\"WebPage\",\"@id\":\"https:\\\/\\\/forestschools.eu\\\/hu\\\/a-projektrol\\\/levai-vadasznapok-gyerekek-az-erdeszek-baratai\\\/\",\"url\":\"https:\\\/\\\/forestschools.eu\\\/hu\\\/a-projektrol\\\/levai-vadasznapok-gyerekek-az-erdeszek-baratai\\\/\",\"name\":\"L\u00e9vai vad\u00e1sznapok \u2013 Gyerekek az erd\u00e9szek bar\u00e1tai - Forestschools.eu\",\"isPartOf\":{\"@id\":\"https:\\\/\\\/forestschools.eu\\\/hu\\\/#website\"},\"primaryImageOfPage\":{\"@id\":\"https:\\\/\\\/forestschools.eu\\\/hu\\\/a-projektrol\\\/levai-vadasznapok-gyerekek-az-erdeszek-baratai\\\/#primaryimage\"},\"image\":{\"@id\":\"https:\\\/\\\/forestschools.eu\\\/hu\\\/a-projektrol\\\/levai-vadasznapok-gyerekek-az-erdeszek-baratai\\\/#primaryimage\"},\"thumbnailUrl\":\"https:\\\/\\\/forestschools.eu\\\/wp-content\\\/uploads\\\/2020\\\/06\\\/loga-hu.png\",\"datePublished\":\"2020-05-13T09:01:19+00:00\",\"dateModified\":\"2020-07-21T13:54:18+00:00\",\"breadcrumb\":{\"@id\":\"https:\\\/\\\/forestschools.eu\\\/hu\\\/a-projektrol\\\/levai-vadasznapok-gyerekek-az-erdeszek-baratai\\\/#breadcrumb\"},\"inLanguage\":\"hu-HU\",\"potentialAction\":[{\"@type\":\"ReadAction\",\"target\":[\"https:\\\/\\\/forestschools.eu\\\/hu\\\/a-projektrol\\\/levai-vadasznapok-gyerekek-az-erdeszek-baratai\\\/\"]}]},{\"@type\":\"ImageObject\",\"inLanguage\":\"hu-HU\",\"@id\":\"https:\\\/\\\/forestschools.eu\\\/hu\\\/a-projektrol\\\/levai-vadasznapok-gyerekek-az-erdeszek-baratai\\\/#primaryimage\",\"url\":\"https:\\\/\\\/forestschools.eu\\\/wp-content\\\/uploads\\\/2020\\\/06\\\/loga-hu.png\",\"contentUrl\":\"https:\\\/\\\/forestschools.eu\\\/wp-content\\\/uploads\\\/2020\\\/06\\\/loga-hu.png\"},{\"@type\":\"BreadcrumbList\",\"@id\":\"https:\\\/\\\/forestschools.eu\\\/hu\\\/a-projektrol\\\/levai-vadasznapok-gyerekek-az-erdeszek-baratai\\\/#breadcrumb\",\"itemListElement\":[{\"@type\":\"ListItem\",\"position\":1,\"name\":\"Home\",\"item\":\"https:\\\/\\\/forestschools.eu\\\/hu\\\/uvod\\\/\"},{\"@type\":\"ListItem\",\"position\":2,\"name\":\"A projektr\u0151l\",\"item\":\"https:\\\/\\\/forestschools.eu\\\/hu\\\/a-projektrol\\\/\"},{\"@type\":\"ListItem\",\"position\":3,\"name\":\"L\u00e9vai vad\u00e1sznapok \u2013 Gyerekek az erd\u00e9szek bar\u00e1tai\"}]},{\"@type\":\"WebSite\",\"@id\":\"https:\\\/\\\/forestschools.eu\\\/hu\\\/#website\",\"url\":\"https:\\\/\\\/forestschools.eu\\\/hu\\\/\",\"name\":\"Forestschools.eu\",\"description\":\"LESY SR, \u0161t\u00e1tny podnik organiza\u010dn\u00e1 zlo\u017eka OZ Podunajsko\",\"publisher\":{\"@id\":\"https:\\\/\\\/forestschools.eu\\\/hu\\\/#organization\"},\"potentialAction\":[{\"@type\":\"SearchAction\",\"target\":{\"@type\":\"EntryPoint\",\"urlTemplate\":\"https:\\\/\\\/forestschools.eu\\\/hu\\\/?s={search_term_string}\"},\"query-input\":{\"@type\":\"PropertyValueSpecification\",\"valueRequired\":true,\"valueName\":\"search_term_string\"}}],\"inLanguage\":\"hu-HU\"},{\"@type\":\"Organization\",\"@id\":\"https:\\\/\\\/forestschools.eu\\\/hu\\\/#organization\",\"name\":\"Forestschools.eu\",\"url\":\"https:\\\/\\\/forestschools.eu\\\/hu\\\/\",\"logo\":{\"@type\":\"ImageObject\",\"inLanguage\":\"hu-HU\",\"@id\":\"https:\\\/\\\/forestschools.eu\\\/hu\\\/#\\\/schema\\\/logo\\\/image\\\/\",\"url\":\"https:\\\/\\\/forestschools.eu\\\/wp-content\\\/uploads\\\/2020\\\/05\\\/logo.svg\",\"contentUrl\":\"https:\\\/\\\/forestschools.eu\\\/wp-content\\\/uploads\\\/2020\\\/05\\\/logo.svg\",\"caption\":\"Forestschools.eu\"},\"image\":{\"@id\":\"https:\\\/\\\/forestschools.eu\\\/hu\\\/#\\\/schema\\\/logo\\\/image\\\/\"},\"sameAs\":[\"https:\\\/\\\/www.facebook.com\\\/LESYSRstatnypodnik\"]}]}<\/script>\n<!-- \/ Yoast SEO plugin. -->","yoast_head_json":{"title":"L\u00e9vai vad\u00e1sznapok \u2013 Gyerekek az erd\u00e9szek bar\u00e1tai - Forestschools.eu","robots":{"index":"index","follow":"follow","max-snippet":"max-snippet:-1","max-image-preview":"max-image-preview:large","max-video-preview":"max-video-preview:-1"},"canonical":"https:\/\/forestschools.eu\/hu\/a-projektrol\/levai-vadasznapok-gyerekek-az-erdeszek-baratai\/","og_locale":"hu_HU","og_type":"article","og_title":"L\u00e9vai vad\u00e1sznapok \u2013 Gyerekek az erd\u00e9szek bar\u00e1tai - Forestschools.eu","og_description":"Gyerekek az erd\u00e9szek bar\u00e1tai &#8211; K\u00e9pt\u00e1r \u201eA\u00a0Garam\u00a0v\u00f6lgy\u00e9ben,\u00a0Selmecb\u00e1ny\u00e1t\u00f3l\u00a0l\u00e9gvonalban 34\u00a0km-re d\u00e9lnyugatra, a\u00a0Selmeci-hegys\u00e9g\u00a0el\u0151ter\u00e9ben fekszik. 1347-ben eml\u00edtik el\u0151sz\u00f6r \u201eLeua&#8221;\u00a0n\u00e9ven....","og_url":"https:\/\/forestschools.eu\/hu\/a-projektrol\/levai-vadasznapok-gyerekek-az-erdeszek-baratai\/","og_site_name":"Forestschools.eu","article_publisher":"https:\/\/www.facebook.com\/LESYSRstatnypodnik","article_modified_time":"2020-07-21T13:54:18+00:00","og_image":[{"url":"https:\/\/forestschools.eu\/wp-content\/uploads\/2020\/06\/loga-hu.png","type":"","width":"","height":""}],"twitter_card":"summary_large_image","twitter_misc":{"Est. reading time":"3 minutes"},"schema":{"@context":"https:\/\/schema.org","@graph":[{"@type":"WebPage","@id":"https:\/\/forestschools.eu\/hu\/a-projektrol\/levai-vadasznapok-gyerekek-az-erdeszek-baratai\/","url":"https:\/\/forestschools.eu\/hu\/a-projektrol\/levai-vadasznapok-gyerekek-az-erdeszek-baratai\/","name":"L\u00e9vai vad\u00e1sznapok \u2013 Gyerekek az erd\u00e9szek bar\u00e1tai - Forestschools.eu","isPartOf":{"@id":"https:\/\/forestschools.eu\/hu\/#website"},"primaryImageOfPage":{"@id":"https:\/\/forestschools.eu\/hu\/a-projektrol\/levai-vadasznapok-gyerekek-az-erdeszek-baratai\/#primaryimage"},"image":{"@id":"https:\/\/forestschools.eu\/hu\/a-projektrol\/levai-vadasznapok-gyerekek-az-erdeszek-baratai\/#primaryimage"},"thumbnailUrl":"https:\/\/forestschools.eu\/wp-content\/uploads\/2020\/06\/loga-hu.png","datePublished":"2020-05-13T09:01:19+00:00","dateModified":"2020-07-21T13:54:18+00:00","breadcrumb":{"@id":"https:\/\/forestschools.eu\/hu\/a-projektrol\/levai-vadasznapok-gyerekek-az-erdeszek-baratai\/#breadcrumb"},"inLanguage":"hu-HU","potentialAction":[{"@type":"ReadAction","target":["https:\/\/forestschools.eu\/hu\/a-projektrol\/levai-vadasznapok-gyerekek-az-erdeszek-baratai\/"]}]},{"@type":"ImageObject","inLanguage":"hu-HU","@id":"https:\/\/forestschools.eu\/hu\/a-projektrol\/levai-vadasznapok-gyerekek-az-erdeszek-baratai\/#primaryimage","url":"https:\/\/forestschools.eu\/wp-content\/uploads\/2020\/06\/loga-hu.png","contentUrl":"https:\/\/forestschools.eu\/wp-content\/uploads\/2020\/06\/loga-hu.png"},{"@type":"BreadcrumbList","@id":"https:\/\/forestschools.eu\/hu\/a-projektrol\/levai-vadasznapok-gyerekek-az-erdeszek-baratai\/#breadcrumb","itemListElement":[{"@type":"ListItem","position":1,"name":"Home","item":"https:\/\/forestschools.eu\/hu\/uvod\/"},{"@type":"ListItem","position":2,"name":"A projektr\u0151l","item":"https:\/\/forestschools.eu\/hu\/a-projektrol\/"},{"@type":"ListItem","position":3,"name":"L\u00e9vai vad\u00e1sznapok \u2013 Gyerekek az erd\u00e9szek bar\u00e1tai"}]},{"@type":"WebSite","@id":"https:\/\/forestschools.eu\/hu\/#website","url":"https:\/\/forestschools.eu\/hu\/","name":"Forestschools.eu","description":"LESY SR, \u0161t\u00e1tny podnik organiza\u010dn\u00e1 zlo\u017eka OZ Podunajsko","publisher":{"@id":"https:\/\/forestschools.eu\/hu\/#organization"},"potentialAction":[{"@type":"SearchAction","target":{"@type":"EntryPoint","urlTemplate":"https:\/\/forestschools.eu\/hu\/?s={search_term_string}"},"query-input":{"@type":"PropertyValueSpecification","valueRequired":true,"valueName":"search_term_string"}}],"inLanguage":"hu-HU"},{"@type":"Organization","@id":"https:\/\/forestschools.eu\/hu\/#organization","name":"Forestschools.eu","url":"https:\/\/forestschools.eu\/hu\/","logo":{"@type":"ImageObject","inLanguage":"hu-HU","@id":"https:\/\/forestschools.eu\/hu\/#\/schema\/logo\/image\/","url":"https:\/\/forestschools.eu\/wp-content\/uploads\/2020\/05\/logo.svg","contentUrl":"https:\/\/forestschools.eu\/wp-content\/uploads\/2020\/05\/logo.svg","caption":"Forestschools.eu"},"image":{"@id":"https:\/\/forestschools.eu\/hu\/#\/schema\/logo\/image\/"},"sameAs":["https:\/\/www.facebook.com\/LESYSRstatnypodnik"]}]}},"_links":{"self":[{"href":"https:\/\/forestschools.eu\/hu\/wp-json\/wp\/v2\/pages\/2373","targetHints":{"allow":["GET"]}}],"collection":[{"href":"https:\/\/forestschools.eu\/hu\/wp-json\/wp\/v2\/pages"}],"about":[{"href":"https:\/\/forestschools.eu\/hu\/wp-json\/wp\/v2\/types\/page"}],"author":[{"embeddable":true,"href":"https:\/\/forestschools.eu\/hu\/wp-json\/wp\/v2\/users\/2"}],"replies":[{"embeddable":true,"href":"https:\/\/forestschools.eu\/hu\/wp-json\/wp\/v2\/comments?post=2373"}],"version-history":[{"count":5,"href":"https:\/\/forestschools.eu\/hu\/wp-json\/wp\/v2\/pages\/2373\/revisions"}],"predecessor-version":[{"id":2934,"href":"https:\/\/forestschools.eu\/hu\/wp-json\/wp\/v2\/pages\/2373\/revisions\/2934"}],"up":[{"embeddable":true,"href":"https:\/\/forestschools.eu\/hu\/wp-json\/wp\/v2\/pages\/2336"}],"wp:attachment":[{"href":"https:\/\/forestschools.eu\/hu\/wp-json\/wp\/v2\/media?parent=2373"}],"curies":[{"name":"wp","href":"https:\/\/api.w.org\/{rel}","templated":true}]}}