{"id":2340,"date":"2020-05-13T10:53:36","date_gmt":"2020-05-13T08:53:36","guid":{"rendered":"https:\/\/forestschools.eu\/o-projekte\/lesnici-a-slniecko\/"},"modified":"2020-07-21T15:49:54","modified_gmt":"2020-07-21T13:49:54","slug":"erdeszek-es-a-napocska","status":"publish","type":"page","link":"https:\/\/forestschools.eu\/hu\/a-projektrol\/erdeszek-es-a-napocska\/","title":{"rendered":"Erd\u00e9szek \u00e9s a Napocska"},"content":{"rendered":"<h2><strong>Erd\u00e9szek \u00e9s a Napocska &#8211; <a href=\"https:\/\/forestschools.eu\/hu\/galeria\/erdeszek-es-a-napocska\/\">K\u00e9pt\u00e1r<\/a><\/strong><\/h2>\n<p>J\u00falius elej\u00e9n t\u00f6bb mint egy tucat Down-szindr\u00f3m\u00e1s gyerek vett r\u00e9szt az &#8220;Erd\u00e9szek \u00e9s a Napo\u010dk\u00e1k&#8221; esem\u00e9nyen, amelyet az &#8220;Erd\u00e9szek \u00a0a\u00a0k\u00f6rnyzettudatoss\u00e1k figyelm\u00e9nek felkelt\u00e9se&#8221; r\u00e9szek\u00e9nt hajtottak v\u00e9gre. Egynapos kir\u00e1ndul\u00e1s r\u00e9szek\u00e9nt megl\u00e1togatt\u00e1k a Katalinpusztai L\u00e1togat\u00f3k\u00f6zpontot \u00e9s az Erdei Iskol\u00e1t a szlov\u00e1k-magyar hat\u00e1r k\u00f6zel\u00e9ben. A &#8220;Napo\u010dk\u00e1kat&#8221; L\u00e9vab\u00f3l val\u00f3 indul\u00e1s ut\u00e1n, t\u00f6bb mint egy \u00f3r\u00e1s utaz\u00e1s v\u00e1rt Katalinpuszt\u00e1ra. Meg\u00e9rkez\u00e9s ut\u00e1n Kemenes Rita, a l\u00e1togat\u00f3k\u00f6zpont \u00e9s az erdei iskola igazgat\u00f3ja, valamint az Ipolyerd\u0151 Zrt. magyarorsz\u00e1gi projektmenedzsere Pint\u00e9r Zolt\u00e1n, is melegen \u00fcdv\u00f6z\u00f6lte \u0151ket. A kir\u00e1ndul\u00e1son a gyermekek \u00e9s tan\u00e1raik mellett a Lesy SR \u0161.p. OZ Levice erd\u00e9szeti tan\u00e1rai is r\u00e9szt vettek,\u00a0 nevezetesen Ing. Gr\u00f3f Peter \u00e9s Ing. Vl\u010d\u00e1kov\u00e1 M\u00e1ria (Pe\u0165o b\u00e1csi \u00e9s Maja n\u00e9ni) \u00e9s a\u00a0slov\u00e1k projektmenedzser Ing. Nikoleta Nozdrovick\u00e1.<\/p>\n<p>Az els\u0151 tev\u00e9kenys\u00e9g amelyben a gyerekek r\u00e9szt vettek, egy &#8220;kedvtel\u00e9sb\u0151l tartott show&#8221; azaz \u00e1llatsimogat\u00f3. Erd\u00e9sz b\u00e1csi olyan \u00e1llatokat hozott mag\u00e1val, amelyeket emberek \u00e9s gyerekek kedvtel\u00e9sb\u0151l is tarthatnak, \u00e9s \u00e9rdekes t\u00e9nyeket \u00e9s inform\u00e1ci\u00f3kat k\u00f6z\u00f6lt r\u00f3luk. A gyerekek t\u00f6bbek k\u00f6z\u00f6tt l\u00e1thattak s\u00fcndiszn\u00f3t, vad\u00e1szg\u00f6r\u00e9nyt, h\u00e9j\u00e1t \u00e9s a f\u00fclesbaglyot. A legnagyobb sikert azonban az a bagoly \u00e9rte el, amelyet a gyerekek kez\u00fck\u00f6n tarthattak. Ezt k\u00f6vette a vonatoz\u00e1s &#8220;Dani hangya&#8221; erdei kisvas\u00faton \u00e9s a k\u00f6z\u00f6s eb\u00e9d. Eb\u00e9d ut\u00e1n a gyerekek, tan\u00e1rok \u00e9s erd\u0151tan\u00e1rok k\u00eds\u00e9ret\u00e9ben s\u00e9t\u00e1lni mentek az erdei oktat\u00e1si tan\u00f6sv\u00e9nyen. Itt megfigyelhett\u00e9k a k\u00f6rnyez\u0151 term\u00e9szetet \u00e9s megismerhett\u00e9k a k\u00f6zeli t\u00e1jat. Az Ipoly Erd\u0151 Zrt. munkat\u00e1rsa seg\u00edtett k\u00f6zelebb hozni az \u00e9letet a erd\u0151ben.<\/p>\n<p>Ennek az esem\u00e9nynek k\u00f6sz\u00f6nhet\u0151en az erd\u0151 \u00e9s az erd\u0151gazd\u00e1lkod\u00e1s a gyermekek k\u00f6zvetlen k\u00f6zel\u00e9be \u00a0ker\u00fclt. Az INTERREG Szlov\u00e1k K\u00f6zt\u00e1rsas\u00e1g-Magyarorsz\u00e1g Egy\u00fcttm\u0171k\u00f6d\u00e9si Program keret\u00e9ben megval\u00f3sult kir\u00e1ndul\u00e1s a &#8220;Napo\u010dk\u00e1kal&#8221; \u00a0nagyon sz\u00f3rakoztat\u00f3 \u00e9s informat\u00edv volt minden r\u00e9sztvev\u0151 sz\u00e1m\u00e1ra. A gazdag programoknak k\u00f6sz\u00f6nhet\u0151en a gyerekek el tudtak feledkezni a mindennapi gondokr\u00f3l, \u00e9s megismerhet\u00e9k az erd\u0151t \u00e9s az \u00e1llatokat k\u00f6zvetlen\u00fcl a term\u00e9szetben, amimek nagyon \u00f6r\u00fcltek. A tal\u00e1lkoz\u00f3 v\u00e9g\u00e9n elmondhatom, hogy az \u00e1llamhat\u00e1rok ellen\u00e9re mindenkit \u00a0egyes\u00edtett a term\u00e9szet szeretete.<\/p>\n<p>&nbsp;<\/p>\n<p>Ing. Nikoleta Nozdrovick\u00e1<\/p>\n<p>EU Projekt Oszt\u00e1ly<\/p>\n<p><a href=\"https:\/\/forestschools.eu\/wp-content\/uploads\/2020\/06\/loga-hu.png\"><img loading=\"lazy\" decoding=\"async\" class=\"alignnone wp-image-2836 size-full\" src=\"https:\/\/forestschools.eu\/wp-content\/uploads\/2020\/06\/loga-hu.png\" alt=\"\" width=\"1024\" height=\"124\" srcset=\"https:\/\/forestschools.eu\/wp-content\/uploads\/2020\/06\/loga-hu.png 1024w, https:\/\/forestschools.eu\/wp-content\/uploads\/2020\/06\/loga-hu-300x36.png 300w, https:\/\/forestschools.eu\/wp-content\/uploads\/2020\/06\/loga-hu-768x93.png 768w, https:\/\/forestschools.eu\/wp-content\/uploads\/2020\/06\/loga-hu-512x62.png 512w\" sizes=\"auto, (max-width: 1024px) 100vw, 1024px\" \/><\/a><\/p>\n<p><strong>A cikk tartalma nem k\u00e9pviseli az Eur\u00f3pai Uni\u00f3 hivatalos v\u00e9lem\u00e9ny\u00e9t.<\/strong><\/p>\n<p><a href=\"https:\/\/www.skhu.eu\"><strong>www.skhu.eu<\/strong><\/a><\/p>\n<p>&nbsp;<\/p>\n<p>&nbsp;<\/p>\n","protected":false},"excerpt":{"rendered":"<p>Erd\u00e9szek \u00e9s a Napocska &#8211; K\u00e9pt\u00e1r J\u00falius elej\u00e9n t\u00f6bb mint egy tucat Down-szindr\u00f3m\u00e1s gyerek vett&#8230;<\/p>\n","protected":false},"author":2,"featured_media":0,"parent":2336,"menu_order":0,"comment_status":"closed","ping_status":"closed","template":"","meta":{"_acf_changed":false,"inline_featured_image":false,"footnotes":""},"class_list":["post-2340","page","type-page","status-publish","hentry"],"acf":[],"yoast_head":"<!-- This site is optimized with the Yoast SEO plugin v27.4 - https:\/\/yoast.com\/product\/yoast-seo-wordpress\/ -->\n<title>Erd\u00e9szek \u00e9s a Napocska - Forestschools.eu<\/title>\n<meta name=\"robots\" content=\"index, follow, max-snippet:-1, max-image-preview:large, max-video-preview:-1\" \/>\n<link rel=\"canonical\" href=\"https:\/\/forestschools.eu\/hu\/a-projektrol\/erdeszek-es-a-napocska\/\" \/>\n<meta property=\"og:locale\" content=\"hu_HU\" \/>\n<meta property=\"og:type\" content=\"article\" \/>\n<meta property=\"og:title\" content=\"Erd\u00e9szek \u00e9s a Napocska - Forestschools.eu\" \/>\n<meta property=\"og:description\" content=\"Erd\u00e9szek \u00e9s a Napocska &#8211; K\u00e9pt\u00e1r J\u00falius elej\u00e9n t\u00f6bb mint egy tucat Down-szindr\u00f3m\u00e1s gyerek vett...\" \/>\n<meta property=\"og:url\" content=\"https:\/\/forestschools.eu\/hu\/a-projektrol\/erdeszek-es-a-napocska\/\" \/>\n<meta property=\"og:site_name\" content=\"Forestschools.eu\" \/>\n<meta property=\"article:publisher\" content=\"https:\/\/www.facebook.com\/LESYSRstatnypodnik\" \/>\n<meta property=\"article:modified_time\" content=\"2020-07-21T13:49:54+00:00\" \/>\n<meta property=\"og:image\" content=\"https:\/\/forestschools.eu\/wp-content\/uploads\/2020\/06\/loga-hu.png\" \/>\n<meta name=\"twitter:card\" content=\"summary_large_image\" \/>\n<meta name=\"twitter:label1\" content=\"Est. reading time\" \/>\n\t<meta name=\"twitter:data1\" content=\"3 minutes\" \/>\n<script type=\"application\/ld+json\" class=\"yoast-schema-graph\">{\"@context\":\"https:\\\/\\\/schema.org\",\"@graph\":[{\"@type\":\"WebPage\",\"@id\":\"https:\\\/\\\/forestschools.eu\\\/hu\\\/a-projektrol\\\/erdeszek-es-a-napocska\\\/\",\"url\":\"https:\\\/\\\/forestschools.eu\\\/hu\\\/a-projektrol\\\/erdeszek-es-a-napocska\\\/\",\"name\":\"Erd\u00e9szek \u00e9s a Napocska - Forestschools.eu\",\"isPartOf\":{\"@id\":\"https:\\\/\\\/forestschools.eu\\\/hu\\\/#website\"},\"primaryImageOfPage\":{\"@id\":\"https:\\\/\\\/forestschools.eu\\\/hu\\\/a-projektrol\\\/erdeszek-es-a-napocska\\\/#primaryimage\"},\"image\":{\"@id\":\"https:\\\/\\\/forestschools.eu\\\/hu\\\/a-projektrol\\\/erdeszek-es-a-napocska\\\/#primaryimage\"},\"thumbnailUrl\":\"https:\\\/\\\/forestschools.eu\\\/wp-content\\\/uploads\\\/2020\\\/06\\\/loga-hu.png\",\"datePublished\":\"2020-05-13T08:53:36+00:00\",\"dateModified\":\"2020-07-21T13:49:54+00:00\",\"breadcrumb\":{\"@id\":\"https:\\\/\\\/forestschools.eu\\\/hu\\\/a-projektrol\\\/erdeszek-es-a-napocska\\\/#breadcrumb\"},\"inLanguage\":\"hu-HU\",\"potentialAction\":[{\"@type\":\"ReadAction\",\"target\":[\"https:\\\/\\\/forestschools.eu\\\/hu\\\/a-projektrol\\\/erdeszek-es-a-napocska\\\/\"]}]},{\"@type\":\"ImageObject\",\"inLanguage\":\"hu-HU\",\"@id\":\"https:\\\/\\\/forestschools.eu\\\/hu\\\/a-projektrol\\\/erdeszek-es-a-napocska\\\/#primaryimage\",\"url\":\"https:\\\/\\\/forestschools.eu\\\/wp-content\\\/uploads\\\/2020\\\/06\\\/loga-hu.png\",\"contentUrl\":\"https:\\\/\\\/forestschools.eu\\\/wp-content\\\/uploads\\\/2020\\\/06\\\/loga-hu.png\"},{\"@type\":\"BreadcrumbList\",\"@id\":\"https:\\\/\\\/forestschools.eu\\\/hu\\\/a-projektrol\\\/erdeszek-es-a-napocska\\\/#breadcrumb\",\"itemListElement\":[{\"@type\":\"ListItem\",\"position\":1,\"name\":\"Home\",\"item\":\"https:\\\/\\\/forestschools.eu\\\/hu\\\/uvod\\\/\"},{\"@type\":\"ListItem\",\"position\":2,\"name\":\"A projektr\u0151l\",\"item\":\"https:\\\/\\\/forestschools.eu\\\/hu\\\/a-projektrol\\\/\"},{\"@type\":\"ListItem\",\"position\":3,\"name\":\"Erd\u00e9szek \u00e9s a Napocska\"}]},{\"@type\":\"WebSite\",\"@id\":\"https:\\\/\\\/forestschools.eu\\\/hu\\\/#website\",\"url\":\"https:\\\/\\\/forestschools.eu\\\/hu\\\/\",\"name\":\"Forestschools.eu\",\"description\":\"LESY SR, \u0161t\u00e1tny podnik organiza\u010dn\u00e1 zlo\u017eka OZ Podunajsko\",\"publisher\":{\"@id\":\"https:\\\/\\\/forestschools.eu\\\/hu\\\/#organization\"},\"potentialAction\":[{\"@type\":\"SearchAction\",\"target\":{\"@type\":\"EntryPoint\",\"urlTemplate\":\"https:\\\/\\\/forestschools.eu\\\/hu\\\/?s={search_term_string}\"},\"query-input\":{\"@type\":\"PropertyValueSpecification\",\"valueRequired\":true,\"valueName\":\"search_term_string\"}}],\"inLanguage\":\"hu-HU\"},{\"@type\":\"Organization\",\"@id\":\"https:\\\/\\\/forestschools.eu\\\/hu\\\/#organization\",\"name\":\"Forestschools.eu\",\"url\":\"https:\\\/\\\/forestschools.eu\\\/hu\\\/\",\"logo\":{\"@type\":\"ImageObject\",\"inLanguage\":\"hu-HU\",\"@id\":\"https:\\\/\\\/forestschools.eu\\\/hu\\\/#\\\/schema\\\/logo\\\/image\\\/\",\"url\":\"https:\\\/\\\/forestschools.eu\\\/wp-content\\\/uploads\\\/2020\\\/05\\\/logo.svg\",\"contentUrl\":\"https:\\\/\\\/forestschools.eu\\\/wp-content\\\/uploads\\\/2020\\\/05\\\/logo.svg\",\"caption\":\"Forestschools.eu\"},\"image\":{\"@id\":\"https:\\\/\\\/forestschools.eu\\\/hu\\\/#\\\/schema\\\/logo\\\/image\\\/\"},\"sameAs\":[\"https:\\\/\\\/www.facebook.com\\\/LESYSRstatnypodnik\"]}]}<\/script>\n<!-- \/ Yoast SEO plugin. -->","yoast_head_json":{"title":"Erd\u00e9szek \u00e9s a Napocska - Forestschools.eu","robots":{"index":"index","follow":"follow","max-snippet":"max-snippet:-1","max-image-preview":"max-image-preview:large","max-video-preview":"max-video-preview:-1"},"canonical":"https:\/\/forestschools.eu\/hu\/a-projektrol\/erdeszek-es-a-napocska\/","og_locale":"hu_HU","og_type":"article","og_title":"Erd\u00e9szek \u00e9s a Napocska - Forestschools.eu","og_description":"Erd\u00e9szek \u00e9s a Napocska &#8211; K\u00e9pt\u00e1r J\u00falius elej\u00e9n t\u00f6bb mint egy tucat Down-szindr\u00f3m\u00e1s gyerek vett...","og_url":"https:\/\/forestschools.eu\/hu\/a-projektrol\/erdeszek-es-a-napocska\/","og_site_name":"Forestschools.eu","article_publisher":"https:\/\/www.facebook.com\/LESYSRstatnypodnik","article_modified_time":"2020-07-21T13:49:54+00:00","og_image":[{"url":"https:\/\/forestschools.eu\/wp-content\/uploads\/2020\/06\/loga-hu.png","type":"","width":"","height":""}],"twitter_card":"summary_large_image","twitter_misc":{"Est. reading time":"3 minutes"},"schema":{"@context":"https:\/\/schema.org","@graph":[{"@type":"WebPage","@id":"https:\/\/forestschools.eu\/hu\/a-projektrol\/erdeszek-es-a-napocska\/","url":"https:\/\/forestschools.eu\/hu\/a-projektrol\/erdeszek-es-a-napocska\/","name":"Erd\u00e9szek \u00e9s a Napocska - Forestschools.eu","isPartOf":{"@id":"https:\/\/forestschools.eu\/hu\/#website"},"primaryImageOfPage":{"@id":"https:\/\/forestschools.eu\/hu\/a-projektrol\/erdeszek-es-a-napocska\/#primaryimage"},"image":{"@id":"https:\/\/forestschools.eu\/hu\/a-projektrol\/erdeszek-es-a-napocska\/#primaryimage"},"thumbnailUrl":"https:\/\/forestschools.eu\/wp-content\/uploads\/2020\/06\/loga-hu.png","datePublished":"2020-05-13T08:53:36+00:00","dateModified":"2020-07-21T13:49:54+00:00","breadcrumb":{"@id":"https:\/\/forestschools.eu\/hu\/a-projektrol\/erdeszek-es-a-napocska\/#breadcrumb"},"inLanguage":"hu-HU","potentialAction":[{"@type":"ReadAction","target":["https:\/\/forestschools.eu\/hu\/a-projektrol\/erdeszek-es-a-napocska\/"]}]},{"@type":"ImageObject","inLanguage":"hu-HU","@id":"https:\/\/forestschools.eu\/hu\/a-projektrol\/erdeszek-es-a-napocska\/#primaryimage","url":"https:\/\/forestschools.eu\/wp-content\/uploads\/2020\/06\/loga-hu.png","contentUrl":"https:\/\/forestschools.eu\/wp-content\/uploads\/2020\/06\/loga-hu.png"},{"@type":"BreadcrumbList","@id":"https:\/\/forestschools.eu\/hu\/a-projektrol\/erdeszek-es-a-napocska\/#breadcrumb","itemListElement":[{"@type":"ListItem","position":1,"name":"Home","item":"https:\/\/forestschools.eu\/hu\/uvod\/"},{"@type":"ListItem","position":2,"name":"A projektr\u0151l","item":"https:\/\/forestschools.eu\/hu\/a-projektrol\/"},{"@type":"ListItem","position":3,"name":"Erd\u00e9szek \u00e9s a Napocska"}]},{"@type":"WebSite","@id":"https:\/\/forestschools.eu\/hu\/#website","url":"https:\/\/forestschools.eu\/hu\/","name":"Forestschools.eu","description":"LESY SR, \u0161t\u00e1tny podnik organiza\u010dn\u00e1 zlo\u017eka OZ Podunajsko","publisher":{"@id":"https:\/\/forestschools.eu\/hu\/#organization"},"potentialAction":[{"@type":"SearchAction","target":{"@type":"EntryPoint","urlTemplate":"https:\/\/forestschools.eu\/hu\/?s={search_term_string}"},"query-input":{"@type":"PropertyValueSpecification","valueRequired":true,"valueName":"search_term_string"}}],"inLanguage":"hu-HU"},{"@type":"Organization","@id":"https:\/\/forestschools.eu\/hu\/#organization","name":"Forestschools.eu","url":"https:\/\/forestschools.eu\/hu\/","logo":{"@type":"ImageObject","inLanguage":"hu-HU","@id":"https:\/\/forestschools.eu\/hu\/#\/schema\/logo\/image\/","url":"https:\/\/forestschools.eu\/wp-content\/uploads\/2020\/05\/logo.svg","contentUrl":"https:\/\/forestschools.eu\/wp-content\/uploads\/2020\/05\/logo.svg","caption":"Forestschools.eu"},"image":{"@id":"https:\/\/forestschools.eu\/hu\/#\/schema\/logo\/image\/"},"sameAs":["https:\/\/www.facebook.com\/LESYSRstatnypodnik"]}]}},"_links":{"self":[{"href":"https:\/\/forestschools.eu\/hu\/wp-json\/wp\/v2\/pages\/2340","targetHints":{"allow":["GET"]}}],"collection":[{"href":"https:\/\/forestschools.eu\/hu\/wp-json\/wp\/v2\/pages"}],"about":[{"href":"https:\/\/forestschools.eu\/hu\/wp-json\/wp\/v2\/types\/page"}],"author":[{"embeddable":true,"href":"https:\/\/forestschools.eu\/hu\/wp-json\/wp\/v2\/users\/2"}],"replies":[{"embeddable":true,"href":"https:\/\/forestschools.eu\/hu\/wp-json\/wp\/v2\/comments?post=2340"}],"version-history":[{"count":7,"href":"https:\/\/forestschools.eu\/hu\/wp-json\/wp\/v2\/pages\/2340\/revisions"}],"predecessor-version":[{"id":2927,"href":"https:\/\/forestschools.eu\/hu\/wp-json\/wp\/v2\/pages\/2340\/revisions\/2927"}],"up":[{"embeddable":true,"href":"https:\/\/forestschools.eu\/hu\/wp-json\/wp\/v2\/pages\/2336"}],"wp:attachment":[{"href":"https:\/\/forestschools.eu\/hu\/wp-json\/wp\/v2\/media?parent=2340"}],"curies":[{"name":"wp","href":"https:\/\/api.w.org\/{rel}","templated":true}]}}