{"id":2339,"date":"2020-05-13T10:50:47","date_gmt":"2020-05-13T08:50:47","guid":{"rendered":"https:\/\/forestschools.eu\/o-projekte\/exkurzia-lesnych-pedagogov-po-lesnych-skolach-v-madarsku\/"},"modified":"2020-07-21T15:48:42","modified_gmt":"2020-07-21T13:48:42","slug":"erdopedagogusok-szakmai-kirandulasa-az-erdeszeti-iskolakban-magyarorszagon","status":"publish","type":"page","link":"https:\/\/forestschools.eu\/hu\/a-projektrol\/erdopedagogusok-szakmai-kirandulasa-az-erdeszeti-iskolakban-magyarorszagon\/","title":{"rendered":"Erd\u0151pedag\u00f3gusok szakmai kir\u00e1ndul\u00e1sa az erd\u00e9szeti iskol\u00e1kban Magyarorsz\u00e1gon"},"content":{"rendered":"<h2><strong>Az erdei iskol\u00e1kban Magyarorsz\u00e1gon &#8211;\u00a0<\/strong><a href=\"https:\/\/forestschools.eu\/hu\/galeria\/erdopedagogusok-szakmai-kirandulasa-az-erdeszeti-iskolakban-magyarorszagon\/\">K\u00e9pt\u00e1r<\/a><\/h2>\n<p>A LESY SR k\u00f6zel h\u00e1rom tucat alkalmazottja, k\u00fcl\u00f6n\u00f6s tekintettel az erdei pedag\u00f3gusokra, kir\u00e1ndul\u00e1son vett r\u00e9szt a magyar erd\u00e9szeti iskol\u00e1kban, gyakorlati bemutat\u00f3kkal \u00e1prilis v\u00e9g\u00e9n. A k\u00e9tnapos tart\u00f3zkod\u00e1s alatt h\u00e1rom akkredit\u00e1lt erdei iskol\u00e1t l\u00e1togattak meg:<\/p>\n<ul>\n<li>Domszky P\u00e1l Erd\u00e9szeti Erdei Iskola \u00e9s Matracsz\u00e1ll\u00e1s,<\/li>\n<li>Kemenci Erdei M\u00fazeumvas\u00fat,<\/li>\n<li>Katalinpusztai Kir\u00e1ndul\u00f3k\u00f6zpont \u00e9s Erdei Iskola<\/li>\n<\/ul>\n<p>A magyarorsz\u00e1gi erd\u00e9szek \u00f6tletei felhaszn\u00e1l\u00e1s\u00e1t a LESY SR \u00e1llami v\u00e1llalat k\u00f6r\u00fclm\u00e9nyei k\u00f6z\u00f6tt koll\u00e9g\u00e1ink az \u201eErd\u00e9szek a k\u00f6rnyezeti nevel\u00e9s\u00e9rt\u201d c\u00edm\u0171 projektnek k\u00f6sz\u00f6nhetik. Mely az Ipoly Erd\u0151 Zrt. \u00e9s a LESY SR \u00e1llami v\u00e1llalat egy\u00fcttm\u0171k\u00f6d\u00e9s\u00e9nek k\u00f6sz\u00f6nhet\u0151en az INTERREG V-A Szlov\u00e1kia-Magyarorsz\u00e1g egy\u00fcttm\u0171k\u00f6d\u00e9si program keret\u00e9n bel\u00fcl val\u00f3sult meg. Err\u0151l a projektr\u0151l egy p\u00e1r inform\u00e1ci\u00f3t az \u201eErd\u00e9sz\u201d \u00fajs\u00e1g m\u00e1rciusi sz\u00e1m\u00e1ban hoztunk.<\/p>\n<p>&#8220;A kemencei erd\u00e9szeti m\u00fazeumban gyerekek sz\u00e1m\u00e1ra k\u00e9sz\u00edtett egy programot, mely kapcs\u00e1n egy r\u00f6vid vasutaz\u00e1s v\u00e1rt a gyerekekre majd egy turista kir\u00e1ndul\u00e1s, amelynek sor\u00e1n a magyar koll\u00e9g\u00e1k elmagyar\u00e1zt\u00e1k a gyerekeknek a turisztikai jelz\u00e9sek fontoss\u00e1g\u00e1t, \u00e9s elmagyar\u00e1zt\u00e1k nekik az erd\u0151gazd\u00e1lkod\u00e1s fontoss\u00e1g\u00e1t, valamint a B\u00f6rzs\u00f6ny-hegys\u00e9g v\u00e9dett ter\u00fcletein val\u00f3 gazd\u00e1lkod\u00e1s felt\u00e9teleit \u00e9s hasonl\u00f3k. K\u00e9s\u0151bb este Pusk\u00e1s Lajos (az OEE erd\u00e9szeti erdei iskola szakoszt\u00e1ly eln\u00f6ke) bemutatta a magyar erd\u00e9szeti erdei iskol\u00e1k \u00e1llapot\u00e1t, a m\u00faltjukat, jelen\u00fcket \u00e9s a j\u00f6v\u0151 perspekt\u00edv\u00e1it,\u201d r\u00f6viden \u00f6sszefoglalta Nikoleta Nozdrovikck\u00e1 az EU projektek szakoszt\u00e1j\u00e1b\u00f3l.<\/p>\n<p>Arr\u00f3l a t\u00e9nyr\u0151l, hogy a magyar erd\u00e9szek el\u0151bbre haladtak a nyilv\u00e1noss\u00e1ggal val\u00f3 munk\u00e1ban, de f\u0151leg az anyagbiztos\u00edt\u00e1sban a szlov\u00e1kokhoz k\u00e9pest, a koll\u00e9g\u00e1ink meggy\u0151z\u0151dhettek a m\u00e1sodik napon is Katalinpuszt\u00e1n ahol Kemenes Rita bemutatta a Katalinpusztai l\u00e1togat\u00f3k\u00f6zpontot \u00e9s az erdei iskol\u00e1t, a programokat, tev\u00e9kenys\u00e9geket, aktivit\u00e1sokat, valamit, a tematikus napokat.<\/p>\n<p>\u00c9s mi volt Nozdrovick\u00e1 szerint az el\u0151nye az utaz\u00e1snak? &#8220;K\u00fcl\u00f6n\u00f6sen a tapasztalatcsere, inspir\u00e1ci\u00f3 gy\u0171jt\u00e9s a magyar oldalr\u00f3l, hiszen a nyilv\u00e1nos\u00e1ggal val\u00f3 tev\u00e9kenys\u00e9geik fejlettebbek, mint min\u00e1lunk.&#8221; &#8211; tette hozz\u00e1.<\/p>\n<p>Martina Koval\u010d\u00edkov\u00e1 a Be\u0148u\u0161-i \u00fczemr\u0151l azt nyilatkozta, hogy szerinte a Ny\u00edrjesi F\u0171v\u00e9szkert \u00e9s Vadaspark volt a cseresznye a torta tetej\u00e9n mely 22 ha-on ter\u00fcl el, majdnem 600 fajta n\u00f6v\u00e9nnyel 3 kontinensr\u0151l (Eur\u00f3pa, \u00c1zsia \u00e9s \u00c9szak-Amerika). Ebben a 15ha-os parkban a hazai nagyvad fajokon k\u00edv\u00fcl exotikus \u00e1llatokat is tartanak, mint pl. emukat, alpak\u00e1kat, Benett-kengurukat valamint orm\u00e1nyos medv\u00e9ket.<\/p>\n<p>&#8220;\u00d6sszess\u00e9g\u00e9ben elmondhatom, hogy a d\u00e9li szomsz\u00e9daink magas szint\u0171 munk\u00e1t v\u00e9geznek a nyilv\u00e1noss\u00e1ggal val\u00f3 kapcsolatban. Rengeteg p\u00e9nzt fektettek be r\u00e9gi \u00e9p\u00fcletek (vad\u00e1szh\u00e1zak, gazdas\u00e1gi \u00e9p\u00fcletek, negyedek &#8230;) rekonstrukci\u00f3j\u00e1ba vagy \u00faj k\u00f6zpontok \u00e9p\u00edt\u00e9s\u00e9be. nagy m\u00e9rt\u00e9kben seg\u00edtette munk\u00e1jukat a Magyar Korm\u00e1ny mely az \u201eOrsz\u00e1gos k\u00e9k k\u00f6r\u201d seg\u00edts\u00e9g\u00e9vel buzd\u00edtotta\u00a0 a lakoss\u00e1got, hogy l\u00e1togass\u00e1k a term\u00e9szetet (gyalog, v\u00edzen, l\u00f3 h\u00e1ton, biciklin\u2026) azzal a c\u00e9llal hogy minden 40 km szakaszon biztos\u00edtson a turist\u00e1k sz\u00e1m\u00e1ra sz\u00e1l\u00e1s lehet\u0151s\u00e9get.<\/p>\n<p>&nbsp;<\/p>\n<p>K\u00edv\u00e1njuk hogy egy kicsit k\u00f6zelebb jussunk ehez az \u00e1llapothoz. Az els\u0151 l\u00e9p\u00e9st a v\u00e1llalatunk m\u00e1r megtette a L\u00e9vai erdei iskola ki\u00e9p\u00edt\u00e9s\u00e9vel.<\/p>\n<p>&nbsp;<\/p>\n<p><iframe loading=\"lazy\" src=\"\/\/www.youtube.com\/embed\/8by5Ve2jNYg?feature=emb_title\" width=\"700\" height=\"393\" allowfullscreen=\"allowfullscreen\"><\/iframe><\/p>\n","protected":false},"excerpt":{"rendered":"<p>Az erdei iskol\u00e1kban Magyarorsz\u00e1gon &#8211;\u00a0K\u00e9pt\u00e1r A LESY SR k\u00f6zel h\u00e1rom tucat alkalmazottja, k\u00fcl\u00f6n\u00f6s tekintettel az&#8230;<\/p>\n","protected":false},"author":2,"featured_media":0,"parent":2336,"menu_order":0,"comment_status":"closed","ping_status":"closed","template":"","meta":{"_acf_changed":false,"inline_featured_image":false,"footnotes":""},"class_list":["post-2339","page","type-page","status-publish","hentry"],"acf":[],"yoast_head":"<!-- This site is optimized with the Yoast SEO plugin v27.4 - https:\/\/yoast.com\/product\/yoast-seo-wordpress\/ -->\n<title>Erd\u0151pedag\u00f3gusok szakmai kir\u00e1ndul\u00e1sa az erd\u00e9szeti iskol\u00e1kban Magyarorsz\u00e1gon - Forestschools.eu<\/title>\n<meta name=\"robots\" content=\"index, follow, max-snippet:-1, max-image-preview:large, max-video-preview:-1\" \/>\n<link rel=\"canonical\" href=\"https:\/\/forestschools.eu\/hu\/a-projektrol\/erdopedagogusok-szakmai-kirandulasa-az-erdeszeti-iskolakban-magyarorszagon\/\" \/>\n<meta property=\"og:locale\" content=\"hu_HU\" \/>\n<meta property=\"og:type\" content=\"article\" \/>\n<meta property=\"og:title\" content=\"Erd\u0151pedag\u00f3gusok szakmai kir\u00e1ndul\u00e1sa az erd\u00e9szeti iskol\u00e1kban Magyarorsz\u00e1gon - Forestschools.eu\" \/>\n<meta property=\"og:description\" content=\"Az erdei iskol\u00e1kban Magyarorsz\u00e1gon &#8211;\u00a0K\u00e9pt\u00e1r A LESY SR k\u00f6zel h\u00e1rom tucat alkalmazottja, k\u00fcl\u00f6n\u00f6s tekintettel az...\" \/>\n<meta property=\"og:url\" content=\"https:\/\/forestschools.eu\/hu\/a-projektrol\/erdopedagogusok-szakmai-kirandulasa-az-erdeszeti-iskolakban-magyarorszagon\/\" \/>\n<meta property=\"og:site_name\" content=\"Forestschools.eu\" \/>\n<meta property=\"article:publisher\" content=\"https:\/\/www.facebook.com\/LESYSRstatnypodnik\" \/>\n<meta property=\"article:modified_time\" content=\"2020-07-21T13:48:42+00:00\" \/>\n<meta name=\"twitter:card\" content=\"summary_large_image\" \/>\n<meta name=\"twitter:label1\" content=\"Est. reading time\" \/>\n\t<meta name=\"twitter:data1\" content=\"3 minutes\" \/>\n<script type=\"application\/ld+json\" class=\"yoast-schema-graph\">{\"@context\":\"https:\\\/\\\/schema.org\",\"@graph\":[{\"@type\":\"WebPage\",\"@id\":\"https:\\\/\\\/forestschools.eu\\\/hu\\\/a-projektrol\\\/erdopedagogusok-szakmai-kirandulasa-az-erdeszeti-iskolakban-magyarorszagon\\\/\",\"url\":\"https:\\\/\\\/forestschools.eu\\\/hu\\\/a-projektrol\\\/erdopedagogusok-szakmai-kirandulasa-az-erdeszeti-iskolakban-magyarorszagon\\\/\",\"name\":\"Erd\u0151pedag\u00f3gusok szakmai kir\u00e1ndul\u00e1sa az erd\u00e9szeti iskol\u00e1kban Magyarorsz\u00e1gon - Forestschools.eu\",\"isPartOf\":{\"@id\":\"https:\\\/\\\/forestschools.eu\\\/hu\\\/#website\"},\"datePublished\":\"2020-05-13T08:50:47+00:00\",\"dateModified\":\"2020-07-21T13:48:42+00:00\",\"breadcrumb\":{\"@id\":\"https:\\\/\\\/forestschools.eu\\\/hu\\\/a-projektrol\\\/erdopedagogusok-szakmai-kirandulasa-az-erdeszeti-iskolakban-magyarorszagon\\\/#breadcrumb\"},\"inLanguage\":\"hu-HU\",\"potentialAction\":[{\"@type\":\"ReadAction\",\"target\":[\"https:\\\/\\\/forestschools.eu\\\/hu\\\/a-projektrol\\\/erdopedagogusok-szakmai-kirandulasa-az-erdeszeti-iskolakban-magyarorszagon\\\/\"]}]},{\"@type\":\"BreadcrumbList\",\"@id\":\"https:\\\/\\\/forestschools.eu\\\/hu\\\/a-projektrol\\\/erdopedagogusok-szakmai-kirandulasa-az-erdeszeti-iskolakban-magyarorszagon\\\/#breadcrumb\",\"itemListElement\":[{\"@type\":\"ListItem\",\"position\":1,\"name\":\"Home\",\"item\":\"https:\\\/\\\/forestschools.eu\\\/hu\\\/uvod\\\/\"},{\"@type\":\"ListItem\",\"position\":2,\"name\":\"A projektr\u0151l\",\"item\":\"https:\\\/\\\/forestschools.eu\\\/hu\\\/a-projektrol\\\/\"},{\"@type\":\"ListItem\",\"position\":3,\"name\":\"Erd\u0151pedag\u00f3gusok szakmai kir\u00e1ndul\u00e1sa az erd\u00e9szeti iskol\u00e1kban Magyarorsz\u00e1gon\"}]},{\"@type\":\"WebSite\",\"@id\":\"https:\\\/\\\/forestschools.eu\\\/hu\\\/#website\",\"url\":\"https:\\\/\\\/forestschools.eu\\\/hu\\\/\",\"name\":\"Forestschools.eu\",\"description\":\"LESY SR, \u0161t\u00e1tny podnik organiza\u010dn\u00e1 zlo\u017eka OZ Podunajsko\",\"publisher\":{\"@id\":\"https:\\\/\\\/forestschools.eu\\\/hu\\\/#organization\"},\"potentialAction\":[{\"@type\":\"SearchAction\",\"target\":{\"@type\":\"EntryPoint\",\"urlTemplate\":\"https:\\\/\\\/forestschools.eu\\\/hu\\\/?s={search_term_string}\"},\"query-input\":{\"@type\":\"PropertyValueSpecification\",\"valueRequired\":true,\"valueName\":\"search_term_string\"}}],\"inLanguage\":\"hu-HU\"},{\"@type\":\"Organization\",\"@id\":\"https:\\\/\\\/forestschools.eu\\\/hu\\\/#organization\",\"name\":\"Forestschools.eu\",\"url\":\"https:\\\/\\\/forestschools.eu\\\/hu\\\/\",\"logo\":{\"@type\":\"ImageObject\",\"inLanguage\":\"hu-HU\",\"@id\":\"https:\\\/\\\/forestschools.eu\\\/hu\\\/#\\\/schema\\\/logo\\\/image\\\/\",\"url\":\"https:\\\/\\\/forestschools.eu\\\/wp-content\\\/uploads\\\/2020\\\/05\\\/logo.svg\",\"contentUrl\":\"https:\\\/\\\/forestschools.eu\\\/wp-content\\\/uploads\\\/2020\\\/05\\\/logo.svg\",\"caption\":\"Forestschools.eu\"},\"image\":{\"@id\":\"https:\\\/\\\/forestschools.eu\\\/hu\\\/#\\\/schema\\\/logo\\\/image\\\/\"},\"sameAs\":[\"https:\\\/\\\/www.facebook.com\\\/LESYSRstatnypodnik\"]}]}<\/script>\n<!-- \/ Yoast SEO plugin. -->","yoast_head_json":{"title":"Erd\u0151pedag\u00f3gusok szakmai kir\u00e1ndul\u00e1sa az erd\u00e9szeti iskol\u00e1kban Magyarorsz\u00e1gon - Forestschools.eu","robots":{"index":"index","follow":"follow","max-snippet":"max-snippet:-1","max-image-preview":"max-image-preview:large","max-video-preview":"max-video-preview:-1"},"canonical":"https:\/\/forestschools.eu\/hu\/a-projektrol\/erdopedagogusok-szakmai-kirandulasa-az-erdeszeti-iskolakban-magyarorszagon\/","og_locale":"hu_HU","og_type":"article","og_title":"Erd\u0151pedag\u00f3gusok szakmai kir\u00e1ndul\u00e1sa az erd\u00e9szeti iskol\u00e1kban Magyarorsz\u00e1gon - Forestschools.eu","og_description":"Az erdei iskol\u00e1kban Magyarorsz\u00e1gon &#8211;\u00a0K\u00e9pt\u00e1r A LESY SR k\u00f6zel h\u00e1rom tucat alkalmazottja, k\u00fcl\u00f6n\u00f6s tekintettel az...","og_url":"https:\/\/forestschools.eu\/hu\/a-projektrol\/erdopedagogusok-szakmai-kirandulasa-az-erdeszeti-iskolakban-magyarorszagon\/","og_site_name":"Forestschools.eu","article_publisher":"https:\/\/www.facebook.com\/LESYSRstatnypodnik","article_modified_time":"2020-07-21T13:48:42+00:00","twitter_card":"summary_large_image","twitter_misc":{"Est. reading time":"3 minutes"},"schema":{"@context":"https:\/\/schema.org","@graph":[{"@type":"WebPage","@id":"https:\/\/forestschools.eu\/hu\/a-projektrol\/erdopedagogusok-szakmai-kirandulasa-az-erdeszeti-iskolakban-magyarorszagon\/","url":"https:\/\/forestschools.eu\/hu\/a-projektrol\/erdopedagogusok-szakmai-kirandulasa-az-erdeszeti-iskolakban-magyarorszagon\/","name":"Erd\u0151pedag\u00f3gusok szakmai kir\u00e1ndul\u00e1sa az erd\u00e9szeti iskol\u00e1kban Magyarorsz\u00e1gon - Forestschools.eu","isPartOf":{"@id":"https:\/\/forestschools.eu\/hu\/#website"},"datePublished":"2020-05-13T08:50:47+00:00","dateModified":"2020-07-21T13:48:42+00:00","breadcrumb":{"@id":"https:\/\/forestschools.eu\/hu\/a-projektrol\/erdopedagogusok-szakmai-kirandulasa-az-erdeszeti-iskolakban-magyarorszagon\/#breadcrumb"},"inLanguage":"hu-HU","potentialAction":[{"@type":"ReadAction","target":["https:\/\/forestschools.eu\/hu\/a-projektrol\/erdopedagogusok-szakmai-kirandulasa-az-erdeszeti-iskolakban-magyarorszagon\/"]}]},{"@type":"BreadcrumbList","@id":"https:\/\/forestschools.eu\/hu\/a-projektrol\/erdopedagogusok-szakmai-kirandulasa-az-erdeszeti-iskolakban-magyarorszagon\/#breadcrumb","itemListElement":[{"@type":"ListItem","position":1,"name":"Home","item":"https:\/\/forestschools.eu\/hu\/uvod\/"},{"@type":"ListItem","position":2,"name":"A projektr\u0151l","item":"https:\/\/forestschools.eu\/hu\/a-projektrol\/"},{"@type":"ListItem","position":3,"name":"Erd\u0151pedag\u00f3gusok szakmai kir\u00e1ndul\u00e1sa az erd\u00e9szeti iskol\u00e1kban Magyarorsz\u00e1gon"}]},{"@type":"WebSite","@id":"https:\/\/forestschools.eu\/hu\/#website","url":"https:\/\/forestschools.eu\/hu\/","name":"Forestschools.eu","description":"LESY SR, \u0161t\u00e1tny podnik organiza\u010dn\u00e1 zlo\u017eka OZ Podunajsko","publisher":{"@id":"https:\/\/forestschools.eu\/hu\/#organization"},"potentialAction":[{"@type":"SearchAction","target":{"@type":"EntryPoint","urlTemplate":"https:\/\/forestschools.eu\/hu\/?s={search_term_string}"},"query-input":{"@type":"PropertyValueSpecification","valueRequired":true,"valueName":"search_term_string"}}],"inLanguage":"hu-HU"},{"@type":"Organization","@id":"https:\/\/forestschools.eu\/hu\/#organization","name":"Forestschools.eu","url":"https:\/\/forestschools.eu\/hu\/","logo":{"@type":"ImageObject","inLanguage":"hu-HU","@id":"https:\/\/forestschools.eu\/hu\/#\/schema\/logo\/image\/","url":"https:\/\/forestschools.eu\/wp-content\/uploads\/2020\/05\/logo.svg","contentUrl":"https:\/\/forestschools.eu\/wp-content\/uploads\/2020\/05\/logo.svg","caption":"Forestschools.eu"},"image":{"@id":"https:\/\/forestschools.eu\/hu\/#\/schema\/logo\/image\/"},"sameAs":["https:\/\/www.facebook.com\/LESYSRstatnypodnik"]}]}},"_links":{"self":[{"href":"https:\/\/forestschools.eu\/hu\/wp-json\/wp\/v2\/pages\/2339","targetHints":{"allow":["GET"]}}],"collection":[{"href":"https:\/\/forestschools.eu\/hu\/wp-json\/wp\/v2\/pages"}],"about":[{"href":"https:\/\/forestschools.eu\/hu\/wp-json\/wp\/v2\/types\/page"}],"author":[{"embeddable":true,"href":"https:\/\/forestschools.eu\/hu\/wp-json\/wp\/v2\/users\/2"}],"replies":[{"embeddable":true,"href":"https:\/\/forestschools.eu\/hu\/wp-json\/wp\/v2\/comments?post=2339"}],"version-history":[{"count":4,"href":"https:\/\/forestschools.eu\/hu\/wp-json\/wp\/v2\/pages\/2339\/revisions"}],"predecessor-version":[{"id":2924,"href":"https:\/\/forestschools.eu\/hu\/wp-json\/wp\/v2\/pages\/2339\/revisions\/2924"}],"up":[{"embeddable":true,"href":"https:\/\/forestschools.eu\/hu\/wp-json\/wp\/v2\/pages\/2336"}],"wp:attachment":[{"href":"https:\/\/forestschools.eu\/hu\/wp-json\/wp\/v2\/media?parent=2339"}],"curies":[{"name":"wp","href":"https:\/\/api.w.org\/{rel}","templated":true}]}}