{"id":2427,"date":"2020-05-05T23:16:06","date_gmt":"2020-05-05T21:16:06","guid":{"rendered":"https:\/\/forestschools.eu\/uvod\/"},"modified":"2021-05-28T20:42:09","modified_gmt":"2021-05-28T18:42:09","slug":"uvod","status":"publish","type":"page","link":"https:\/\/forestschools.eu\/en\/","title":{"rendered":"Home"},"content":{"rendered":"","protected":false},"excerpt":{"rendered":"","protected":false},"author":1,"featured_media":0,"parent":0,"menu_order":0,"comment_status":"closed","ping_status":"closed","template":"template\/tpl-flexible-content.php","meta":{"_acf_changed":false,"inline_featured_image":false,"footnotes":""},"class_list":["post-2427","page","type-page","status-publish","hentry"],"acf":[],"yoast_head":"<!-- This site is optimized with the Yoast SEO plugin v27.4 - https:\/\/yoast.com\/product\/yoast-seo-wordpress\/ -->\n<title>Forest Schools - Lesy Levice od\u0161tepn\u00fd z\u00e1vod Lesy SR<\/title>\n<meta name=\"description\" content=\"Lesn\u00e1 \u0161kola je s\u00fa\u010das\u0165ou cezhrani\u010dn\u00e9ho projektu s ma\u010farsk\u00fdmi lesn\u00edkmi z Ipoly Erd\u00f6. Jedine\u010dn\u00fd projekt Lesnej \u0161koly Od\u0161tepn\u00e9ho z\u00e1vodu v Leviciach.\" \/>\n<meta name=\"robots\" content=\"index, follow, max-snippet:-1, max-image-preview:large, max-video-preview:-1\" \/>\n<link rel=\"canonical\" href=\"https:\/\/forestschools.eu\/en\/\" \/>\n<meta property=\"og:locale\" content=\"en_US\" \/>\n<meta property=\"og:type\" content=\"article\" \/>\n<meta property=\"og:title\" content=\"Forest Schools - Lesy Levice od\u0161tepn\u00fd z\u00e1vod Lesy SR\" \/>\n<meta property=\"og:description\" content=\"Lesn\u00e1 \u0161kola je s\u00fa\u010das\u0165ou cezhrani\u010dn\u00e9ho projektu s ma\u010farsk\u00fdmi lesn\u00edkmi z Ipoly Erd\u00f6. Jedine\u010dn\u00fd projekt Lesnej \u0161koly Od\u0161tepn\u00e9ho z\u00e1vodu v Leviciach.\" \/>\n<meta property=\"og:url\" content=\"https:\/\/forestschools.eu\/en\/\" \/>\n<meta property=\"og:site_name\" content=\"Forestschools.eu\" \/>\n<meta property=\"article:publisher\" content=\"https:\/\/www.facebook.com\/LESYSRstatnypodnik\" \/>\n<meta property=\"article:modified_time\" content=\"2021-05-28T18:42:09+00:00\" \/>\n<meta name=\"twitter:card\" content=\"summary_large_image\" \/>\n<script type=\"application\/ld+json\" class=\"yoast-schema-graph\">{\"@context\":\"https:\\\/\\\/schema.org\",\"@graph\":[{\"@type\":\"WebPage\",\"@id\":\"https:\\\/\\\/forestschools.eu\\\/en\\\/\",\"url\":\"https:\\\/\\\/forestschools.eu\\\/en\\\/\",\"name\":\"Forest Schools - Lesy Levice od\u0161tepn\u00fd z\u00e1vod Lesy SR\",\"isPartOf\":{\"@id\":\"https:\\\/\\\/forestschools.eu\\\/en\\\/#website\"},\"datePublished\":\"2020-05-05T21:16:06+00:00\",\"dateModified\":\"2021-05-28T18:42:09+00:00\",\"description\":\"Lesn\u00e1 \u0161kola je s\u00fa\u010das\u0165ou cezhrani\u010dn\u00e9ho projektu s ma\u010farsk\u00fdmi lesn\u00edkmi z Ipoly Erd\u00f6. Jedine\u010dn\u00fd projekt Lesnej \u0161koly Od\u0161tepn\u00e9ho z\u00e1vodu v Leviciach.\",\"breadcrumb\":{\"@id\":\"https:\\\/\\\/forestschools.eu\\\/en\\\/#breadcrumb\"},\"inLanguage\":\"en-US\",\"potentialAction\":[{\"@type\":\"ReadAction\",\"target\":[\"https:\\\/\\\/forestschools.eu\\\/en\\\/\"]}]},{\"@type\":\"BreadcrumbList\",\"@id\":\"https:\\\/\\\/forestschools.eu\\\/en\\\/#breadcrumb\",\"itemListElement\":[{\"@type\":\"ListItem\",\"position\":1,\"name\":\"Home\",\"item\":\"https:\\\/\\\/forestschools.eu\\\/en\\\/uvod\\\/\"},{\"@type\":\"ListItem\",\"position\":2,\"name\":\"Home\"}]},{\"@type\":\"WebSite\",\"@id\":\"https:\\\/\\\/forestschools.eu\\\/en\\\/#website\",\"url\":\"https:\\\/\\\/forestschools.eu\\\/en\\\/\",\"name\":\"Forestschools.eu\",\"description\":\"LESY SR, \u0161t\u00e1tny podnik organiza\u010dn\u00e1 zlo\u017eka OZ Podunajsko\",\"publisher\":{\"@id\":\"https:\\\/\\\/forestschools.eu\\\/en\\\/#organization\"},\"potentialAction\":[{\"@type\":\"SearchAction\",\"target\":{\"@type\":\"EntryPoint\",\"urlTemplate\":\"https:\\\/\\\/forestschools.eu\\\/en\\\/?s={search_term_string}\"},\"query-input\":{\"@type\":\"PropertyValueSpecification\",\"valueRequired\":true,\"valueName\":\"search_term_string\"}}],\"inLanguage\":\"en-US\"},{\"@type\":\"Organization\",\"@id\":\"https:\\\/\\\/forestschools.eu\\\/en\\\/#organization\",\"name\":\"Forestschools.eu\",\"url\":\"https:\\\/\\\/forestschools.eu\\\/en\\\/\",\"logo\":{\"@type\":\"ImageObject\",\"inLanguage\":\"en-US\",\"@id\":\"https:\\\/\\\/forestschools.eu\\\/en\\\/#\\\/schema\\\/logo\\\/image\\\/\",\"url\":\"https:\\\/\\\/forestschools.eu\\\/wp-content\\\/uploads\\\/2020\\\/05\\\/logo.svg\",\"contentUrl\":\"https:\\\/\\\/forestschools.eu\\\/wp-content\\\/uploads\\\/2020\\\/05\\\/logo.svg\",\"caption\":\"Forestschools.eu\"},\"image\":{\"@id\":\"https:\\\/\\\/forestschools.eu\\\/en\\\/#\\\/schema\\\/logo\\\/image\\\/\"},\"sameAs\":[\"https:\\\/\\\/www.facebook.com\\\/LESYSRstatnypodnik\"]}]}<\/script>\n<!-- \/ Yoast SEO plugin. -->","yoast_head_json":{"title":"Forest Schools - Lesy Levice od\u0161tepn\u00fd z\u00e1vod Lesy SR","description":"Lesn\u00e1 \u0161kola je s\u00fa\u010das\u0165ou cezhrani\u010dn\u00e9ho projektu s ma\u010farsk\u00fdmi lesn\u00edkmi z Ipoly Erd\u00f6. Jedine\u010dn\u00fd projekt Lesnej \u0161koly Od\u0161tepn\u00e9ho z\u00e1vodu v Leviciach.","robots":{"index":"index","follow":"follow","max-snippet":"max-snippet:-1","max-image-preview":"max-image-preview:large","max-video-preview":"max-video-preview:-1"},"canonical":"https:\/\/forestschools.eu\/en\/","og_locale":"en_US","og_type":"article","og_title":"Forest Schools - Lesy Levice od\u0161tepn\u00fd z\u00e1vod Lesy SR","og_description":"Lesn\u00e1 \u0161kola je s\u00fa\u010das\u0165ou cezhrani\u010dn\u00e9ho projektu s ma\u010farsk\u00fdmi lesn\u00edkmi z Ipoly Erd\u00f6. Jedine\u010dn\u00fd projekt Lesnej \u0161koly Od\u0161tepn\u00e9ho z\u00e1vodu v Leviciach.","og_url":"https:\/\/forestschools.eu\/en\/","og_site_name":"Forestschools.eu","article_publisher":"https:\/\/www.facebook.com\/LESYSRstatnypodnik","article_modified_time":"2021-05-28T18:42:09+00:00","twitter_card":"summary_large_image","schema":{"@context":"https:\/\/schema.org","@graph":[{"@type":"WebPage","@id":"https:\/\/forestschools.eu\/en\/","url":"https:\/\/forestschools.eu\/en\/","name":"Forest Schools - Lesy Levice od\u0161tepn\u00fd z\u00e1vod Lesy SR","isPartOf":{"@id":"https:\/\/forestschools.eu\/en\/#website"},"datePublished":"2020-05-05T21:16:06+00:00","dateModified":"2021-05-28T18:42:09+00:00","description":"Lesn\u00e1 \u0161kola je s\u00fa\u010das\u0165ou cezhrani\u010dn\u00e9ho projektu s ma\u010farsk\u00fdmi lesn\u00edkmi z Ipoly Erd\u00f6. Jedine\u010dn\u00fd projekt Lesnej \u0161koly Od\u0161tepn\u00e9ho z\u00e1vodu v Leviciach.","breadcrumb":{"@id":"https:\/\/forestschools.eu\/en\/#breadcrumb"},"inLanguage":"en-US","potentialAction":[{"@type":"ReadAction","target":["https:\/\/forestschools.eu\/en\/"]}]},{"@type":"BreadcrumbList","@id":"https:\/\/forestschools.eu\/en\/#breadcrumb","itemListElement":[{"@type":"ListItem","position":1,"name":"Home","item":"https:\/\/forestschools.eu\/en\/uvod\/"},{"@type":"ListItem","position":2,"name":"Home"}]},{"@type":"WebSite","@id":"https:\/\/forestschools.eu\/en\/#website","url":"https:\/\/forestschools.eu\/en\/","name":"Forestschools.eu","description":"LESY SR, \u0161t\u00e1tny podnik organiza\u010dn\u00e1 zlo\u017eka OZ Podunajsko","publisher":{"@id":"https:\/\/forestschools.eu\/en\/#organization"},"potentialAction":[{"@type":"SearchAction","target":{"@type":"EntryPoint","urlTemplate":"https:\/\/forestschools.eu\/en\/?s={search_term_string}"},"query-input":{"@type":"PropertyValueSpecification","valueRequired":true,"valueName":"search_term_string"}}],"inLanguage":"en-US"},{"@type":"Organization","@id":"https:\/\/forestschools.eu\/en\/#organization","name":"Forestschools.eu","url":"https:\/\/forestschools.eu\/en\/","logo":{"@type":"ImageObject","inLanguage":"en-US","@id":"https:\/\/forestschools.eu\/en\/#\/schema\/logo\/image\/","url":"https:\/\/forestschools.eu\/wp-content\/uploads\/2020\/05\/logo.svg","contentUrl":"https:\/\/forestschools.eu\/wp-content\/uploads\/2020\/05\/logo.svg","caption":"Forestschools.eu"},"image":{"@id":"https:\/\/forestschools.eu\/en\/#\/schema\/logo\/image\/"},"sameAs":["https:\/\/www.facebook.com\/LESYSRstatnypodnik"]}]}},"_links":{"self":[{"href":"https:\/\/forestschools.eu\/en\/wp-json\/wp\/v2\/pages\/2427","targetHints":{"allow":["GET"]}}],"collection":[{"href":"https:\/\/forestschools.eu\/en\/wp-json\/wp\/v2\/pages"}],"about":[{"href":"https:\/\/forestschools.eu\/en\/wp-json\/wp\/v2\/types\/page"}],"author":[{"embeddable":true,"href":"https:\/\/forestschools.eu\/en\/wp-json\/wp\/v2\/users\/1"}],"replies":[{"embeddable":true,"href":"https:\/\/forestschools.eu\/en\/wp-json\/wp\/v2\/comments?post=2427"}],"version-history":[{"count":11,"href":"https:\/\/forestschools.eu\/en\/wp-json\/wp\/v2\/pages\/2427\/revisions"}],"predecessor-version":[{"id":3321,"href":"https:\/\/forestschools.eu\/en\/wp-json\/wp\/v2\/pages\/2427\/revisions\/3321"}],"wp:attachment":[{"href":"https:\/\/forestschools.eu\/en\/wp-json\/wp\/v2\/media?parent=2427"}],"curies":[{"name":"wp","href":"https:\/\/api.w.org\/{rel}","templated":true}]}}