{"id":2383,"date":"2020-05-13T11:10:45","date_gmt":"2020-05-13T09:10:45","guid":{"rendered":"https:\/\/forestschools.eu\/o-projekte\/zuhracka-pre-vsetkych-deti-priatelia-polovnikov\/"},"modified":"2020-07-21T16:21:09","modified_gmt":"2020-07-21T14:21:09","slug":"zuhracka-for-all-child-hubert","status":"publish","type":"page","link":"https:\/\/forestschools.eu\/en\/about-the-project\/zuhracka-for-all-child-hubert\/","title":{"rendered":"\u017duhra\u010dka for all \u2013 Child Hubert"},"content":{"rendered":"<h2>Experience based learning at \u017duhra\u010dka &#8211; <a href=\"https:\/\/forestschools.eu\/en\/galeria\/zuhracka-for-all-child-hubert\/\">Gallery<\/a><\/h2>\n<p>As usual, when you decide to organize an open-air event, the weather is always the most uncertain element. And so, on May 21, we eagerly awaited whether we managed to choose the right day to organize the second year of the &#8220;\u017duhra\u010dka pro v\u0161echny&#8221; event. After all, last week it was pouring in like a mess, and if it were to continue on this day, it would be a pity for all of us, both the organizers &#8211; Levice Branch Plant and the Regional Forestry Chamber Bratislava, as well as schools and schoolchildren who took part in participating. this new experiential-educational event.<\/p>\n<p>As stated in the invitation for primary schools near \u017duhra\u010dka, the active use of the hunting lodge \u017duhra\u010dky as an object of our war history in the importance of SNP, protection of our beautiful nature, for patriotic and ecological education of our children and youth from Levice and surrounding villages is the highest priority of the event organizers. In other words, \u017duhra\u010dka deserves to remain a public place so that it does not fall into private hands.<\/p>\n<p>Again, there was something to offer primary school students. The following teams of forest teachers from branch plants presented themselves at fifteen locations: Levice, Topo\u013e\u010dianky, Prievidza and Sobrance. This year we also had a forest pedagogue from the General Directorate of Bansk\u00e1 Bystrica. The Association of Taxpayers of Slovakia presented how forest management plans are being prepared, according to which professional forest management, restoration, logging but also afforestation are carried out in forests at a site dedicated to forestry taxation. Another, no less interesting area was the provision of first aid in the forest with practical demonstrations. Thanks to the volunteers of the Slovak Red Cross, Levice Territorial Association, she is responsible for her expert interpretation of this topic. At the TANAP state forest site, Janko Slivinsk\u00fd presented the necessity of active participation of foresters in the rescue of Tatra forests, which is threatened by the calamity calamity. The sick forest cannot fulfill societal functions.<\/p>\n<p>A kind of hottie has traditionally been a place where the honorary chairman of the hunting association, Jozef Hl\u00e1snik, talks to children about forest and field animals in the forest, imitates their sounds and is able to establish a friendly relationship with them in an engaging competitive form. At the end of the event, members of the TASSAT association presented practical demonstrations of the fighting between Soviet and German military units, which took place during the Second World War in the vicinity of \u017duhra\u010dka. The enrichment of this year was a computer presentation of the history of the origin and construction of the \u017duhra\u010dka manor, which was prepared by the employees of the state archive Nitra &#8211; Levice workplace. The presentation of history was all the more fascinating because it took place in an old military tent, which was lent to us for the event by Jozef Hostinsk\u00fd &#8211; TASSAT association. Historian Margar\u00e9ta Nov\u00e1kov\u00e1 from the Tekovsk\u00e9 Museum in Levice also prepared materials on history in Hungarian, as schoolchildren from Hungary took part in this event as part of the Cross-Border Cooperation project.<\/p>\n<p>The whole day was accompanied by nice weather, good mood and cheerful laughter of children. And so we all received, regardless of age, a number of pleasant and instructive experiences, knowledge and inspirations from the event &#8220;\u017duhra\u010dka pro v\u0161echny&#8221;. Many thanks to all participating employees of LSR \u0161.p. and partner organizations of this project.<\/p>\n<p>Finally, here is one of the many responses to this event<\/p>\n<p>&#8220;We visited the \u017duhra\u010dka for All event for the first time and we really liked it. The foresters prepared a very interesting, engaging and informative program for the children. Pupils learned about the history of \u017duhra\u010dka and saw with their own eyes examples of struggles from the SNP. The habitats from cynology were diversified, where the children learned about the need and work of hunting dogs. These were especially interesting for the youngest children. We also competed in various physical activities, some even tried sawing wood for the first time. Such experiential learning was unique to us and our students. The provision of first aid was also very interesting. Thanks to SRC volunteers in Levice, we learned how to provide first aid in various situations. On the manikin, the children could try a heart massage and mouth-to-mouth breathing. The event was organized at a high level, attended by many primary schools and all were satisfied. We thank the organizers for a beautiful event in the beautiful surroundings of \u017duhra\u010dka. We will attend similar activities.<\/p>\n<p>&nbsp;<\/p>\n<p><strong>Mgr. Monika Gr\u00f3fov\u00e1, Z\u0160 s M\u0160 \u010cajkov<\/strong><\/p>\n<p>Ing. Jana Sta\u0148ov\u00e1, Vice-President of the Regional Forestry Chamber Bratislava<\/p>\n","protected":false},"excerpt":{"rendered":"<p>Experience based learning at \u017duhra\u010dka &#8211; Gallery As usual, when you decide to organize an&#8230;<\/p>\n","protected":false},"author":2,"featured_media":0,"parent":2337,"menu_order":0,"comment_status":"closed","ping_status":"closed","template":"","meta":{"_acf_changed":false,"inline_featured_image":false,"footnotes":""},"class_list":["post-2383","page","type-page","status-publish","hentry"],"acf":[],"yoast_head":"<!-- This site is optimized with the Yoast SEO plugin v27.4 - https:\/\/yoast.com\/product\/yoast-seo-wordpress\/ -->\n<title>\u017duhra\u010dka for all \u2013 Child Hubert - Forestschools.eu<\/title>\n<meta name=\"robots\" content=\"index, follow, max-snippet:-1, max-image-preview:large, max-video-preview:-1\" \/>\n<link rel=\"canonical\" href=\"https:\/\/forestschools.eu\/en\/about-the-project\/zuhracka-for-all-child-hubert\/\" \/>\n<meta property=\"og:locale\" content=\"en_US\" \/>\n<meta property=\"og:type\" content=\"article\" \/>\n<meta property=\"og:title\" content=\"\u017duhra\u010dka for all \u2013 Child Hubert - Forestschools.eu\" \/>\n<meta property=\"og:description\" content=\"Experience based learning at \u017duhra\u010dka &#8211; Gallery As usual, when you decide to organize an...\" \/>\n<meta property=\"og:url\" content=\"https:\/\/forestschools.eu\/en\/about-the-project\/zuhracka-for-all-child-hubert\/\" \/>\n<meta property=\"og:site_name\" content=\"Forestschools.eu\" \/>\n<meta property=\"article:publisher\" content=\"https:\/\/www.facebook.com\/LESYSRstatnypodnik\" \/>\n<meta property=\"article:modified_time\" content=\"2020-07-21T14:21:09+00:00\" \/>\n<meta name=\"twitter:card\" content=\"summary_large_image\" \/>\n<meta name=\"twitter:label1\" content=\"Est. reading time\" \/>\n\t<meta name=\"twitter:data1\" content=\"4 minutes\" \/>\n<script type=\"application\/ld+json\" class=\"yoast-schema-graph\">{\"@context\":\"https:\\\/\\\/schema.org\",\"@graph\":[{\"@type\":\"WebPage\",\"@id\":\"https:\\\/\\\/forestschools.eu\\\/en\\\/about-the-project\\\/zuhracka-for-all-child-hubert\\\/\",\"url\":\"https:\\\/\\\/forestschools.eu\\\/en\\\/about-the-project\\\/zuhracka-for-all-child-hubert\\\/\",\"name\":\"\u017duhra\u010dka for all \u2013 Child Hubert - Forestschools.eu\",\"isPartOf\":{\"@id\":\"https:\\\/\\\/forestschools.eu\\\/en\\\/#website\"},\"datePublished\":\"2020-05-13T09:10:45+00:00\",\"dateModified\":\"2020-07-21T14:21:09+00:00\",\"breadcrumb\":{\"@id\":\"https:\\\/\\\/forestschools.eu\\\/en\\\/about-the-project\\\/zuhracka-for-all-child-hubert\\\/#breadcrumb\"},\"inLanguage\":\"en-US\",\"potentialAction\":[{\"@type\":\"ReadAction\",\"target\":[\"https:\\\/\\\/forestschools.eu\\\/en\\\/about-the-project\\\/zuhracka-for-all-child-hubert\\\/\"]}]},{\"@type\":\"BreadcrumbList\",\"@id\":\"https:\\\/\\\/forestschools.eu\\\/en\\\/about-the-project\\\/zuhracka-for-all-child-hubert\\\/#breadcrumb\",\"itemListElement\":[{\"@type\":\"ListItem\",\"position\":1,\"name\":\"Home\",\"item\":\"https:\\\/\\\/forestschools.eu\\\/en\\\/uvod\\\/\"},{\"@type\":\"ListItem\",\"position\":2,\"name\":\"About the Project\",\"item\":\"https:\\\/\\\/forestschools.eu\\\/en\\\/about-the-project\\\/\"},{\"@type\":\"ListItem\",\"position\":3,\"name\":\"\u017duhra\u010dka for all \u2013 Child Hubert\"}]},{\"@type\":\"WebSite\",\"@id\":\"https:\\\/\\\/forestschools.eu\\\/en\\\/#website\",\"url\":\"https:\\\/\\\/forestschools.eu\\\/en\\\/\",\"name\":\"Forestschools.eu\",\"description\":\"LESY SR, \u0161t\u00e1tny podnik organiza\u010dn\u00e1 zlo\u017eka OZ Podunajsko\",\"publisher\":{\"@id\":\"https:\\\/\\\/forestschools.eu\\\/en\\\/#organization\"},\"potentialAction\":[{\"@type\":\"SearchAction\",\"target\":{\"@type\":\"EntryPoint\",\"urlTemplate\":\"https:\\\/\\\/forestschools.eu\\\/en\\\/?s={search_term_string}\"},\"query-input\":{\"@type\":\"PropertyValueSpecification\",\"valueRequired\":true,\"valueName\":\"search_term_string\"}}],\"inLanguage\":\"en-US\"},{\"@type\":\"Organization\",\"@id\":\"https:\\\/\\\/forestschools.eu\\\/en\\\/#organization\",\"name\":\"Forestschools.eu\",\"url\":\"https:\\\/\\\/forestschools.eu\\\/en\\\/\",\"logo\":{\"@type\":\"ImageObject\",\"inLanguage\":\"en-US\",\"@id\":\"https:\\\/\\\/forestschools.eu\\\/en\\\/#\\\/schema\\\/logo\\\/image\\\/\",\"url\":\"https:\\\/\\\/forestschools.eu\\\/wp-content\\\/uploads\\\/2020\\\/05\\\/logo.svg\",\"contentUrl\":\"https:\\\/\\\/forestschools.eu\\\/wp-content\\\/uploads\\\/2020\\\/05\\\/logo.svg\",\"caption\":\"Forestschools.eu\"},\"image\":{\"@id\":\"https:\\\/\\\/forestschools.eu\\\/en\\\/#\\\/schema\\\/logo\\\/image\\\/\"},\"sameAs\":[\"https:\\\/\\\/www.facebook.com\\\/LESYSRstatnypodnik\"]}]}<\/script>\n<!-- \/ Yoast SEO plugin. -->","yoast_head_json":{"title":"\u017duhra\u010dka for all \u2013 Child Hubert - Forestschools.eu","robots":{"index":"index","follow":"follow","max-snippet":"max-snippet:-1","max-image-preview":"max-image-preview:large","max-video-preview":"max-video-preview:-1"},"canonical":"https:\/\/forestschools.eu\/en\/about-the-project\/zuhracka-for-all-child-hubert\/","og_locale":"en_US","og_type":"article","og_title":"\u017duhra\u010dka for all \u2013 Child Hubert - Forestschools.eu","og_description":"Experience based learning at \u017duhra\u010dka &#8211; Gallery As usual, when you decide to organize an...","og_url":"https:\/\/forestschools.eu\/en\/about-the-project\/zuhracka-for-all-child-hubert\/","og_site_name":"Forestschools.eu","article_publisher":"https:\/\/www.facebook.com\/LESYSRstatnypodnik","article_modified_time":"2020-07-21T14:21:09+00:00","twitter_card":"summary_large_image","twitter_misc":{"Est. reading time":"4 minutes"},"schema":{"@context":"https:\/\/schema.org","@graph":[{"@type":"WebPage","@id":"https:\/\/forestschools.eu\/en\/about-the-project\/zuhracka-for-all-child-hubert\/","url":"https:\/\/forestschools.eu\/en\/about-the-project\/zuhracka-for-all-child-hubert\/","name":"\u017duhra\u010dka for all \u2013 Child Hubert - Forestschools.eu","isPartOf":{"@id":"https:\/\/forestschools.eu\/en\/#website"},"datePublished":"2020-05-13T09:10:45+00:00","dateModified":"2020-07-21T14:21:09+00:00","breadcrumb":{"@id":"https:\/\/forestschools.eu\/en\/about-the-project\/zuhracka-for-all-child-hubert\/#breadcrumb"},"inLanguage":"en-US","potentialAction":[{"@type":"ReadAction","target":["https:\/\/forestschools.eu\/en\/about-the-project\/zuhracka-for-all-child-hubert\/"]}]},{"@type":"BreadcrumbList","@id":"https:\/\/forestschools.eu\/en\/about-the-project\/zuhracka-for-all-child-hubert\/#breadcrumb","itemListElement":[{"@type":"ListItem","position":1,"name":"Home","item":"https:\/\/forestschools.eu\/en\/uvod\/"},{"@type":"ListItem","position":2,"name":"About the Project","item":"https:\/\/forestschools.eu\/en\/about-the-project\/"},{"@type":"ListItem","position":3,"name":"\u017duhra\u010dka for all \u2013 Child Hubert"}]},{"@type":"WebSite","@id":"https:\/\/forestschools.eu\/en\/#website","url":"https:\/\/forestschools.eu\/en\/","name":"Forestschools.eu","description":"LESY SR, \u0161t\u00e1tny podnik organiza\u010dn\u00e1 zlo\u017eka OZ Podunajsko","publisher":{"@id":"https:\/\/forestschools.eu\/en\/#organization"},"potentialAction":[{"@type":"SearchAction","target":{"@type":"EntryPoint","urlTemplate":"https:\/\/forestschools.eu\/en\/?s={search_term_string}"},"query-input":{"@type":"PropertyValueSpecification","valueRequired":true,"valueName":"search_term_string"}}],"inLanguage":"en-US"},{"@type":"Organization","@id":"https:\/\/forestschools.eu\/en\/#organization","name":"Forestschools.eu","url":"https:\/\/forestschools.eu\/en\/","logo":{"@type":"ImageObject","inLanguage":"en-US","@id":"https:\/\/forestschools.eu\/en\/#\/schema\/logo\/image\/","url":"https:\/\/forestschools.eu\/wp-content\/uploads\/2020\/05\/logo.svg","contentUrl":"https:\/\/forestschools.eu\/wp-content\/uploads\/2020\/05\/logo.svg","caption":"Forestschools.eu"},"image":{"@id":"https:\/\/forestschools.eu\/en\/#\/schema\/logo\/image\/"},"sameAs":["https:\/\/www.facebook.com\/LESYSRstatnypodnik"]}]}},"_links":{"self":[{"href":"https:\/\/forestschools.eu\/en\/wp-json\/wp\/v2\/pages\/2383","targetHints":{"allow":["GET"]}}],"collection":[{"href":"https:\/\/forestschools.eu\/en\/wp-json\/wp\/v2\/pages"}],"about":[{"href":"https:\/\/forestschools.eu\/en\/wp-json\/wp\/v2\/types\/page"}],"author":[{"embeddable":true,"href":"https:\/\/forestschools.eu\/en\/wp-json\/wp\/v2\/users\/2"}],"replies":[{"embeddable":true,"href":"https:\/\/forestschools.eu\/en\/wp-json\/wp\/v2\/comments?post=2383"}],"version-history":[{"count":3,"href":"https:\/\/forestschools.eu\/en\/wp-json\/wp\/v2\/pages\/2383\/revisions"}],"predecessor-version":[{"id":2950,"href":"https:\/\/forestschools.eu\/en\/wp-json\/wp\/v2\/pages\/2383\/revisions\/2950"}],"up":[{"embeddable":true,"href":"https:\/\/forestschools.eu\/en\/wp-json\/wp\/v2\/pages\/2337"}],"wp:attachment":[{"href":"https:\/\/forestschools.eu\/en\/wp-json\/wp\/v2\/media?parent=2383"}],"curies":[{"name":"wp","href":"https:\/\/api.w.org\/{rel}","templated":true}]}}