{"id":2380,"date":"2020-05-13T11:21:57","date_gmt":"2020-05-13T09:21:57","guid":{"rendered":"https:\/\/forestschools.eu\/o-projekte\/vymenne-pobyty-deti-v-madarsku\/"},"modified":"2020-07-21T16:16:26","modified_gmt":"2020-07-21T14:16:26","slug":"exchange-stays-for-children-in-hungary","status":"publish","type":"page","link":"https:\/\/forestschools.eu\/en\/about-the-project\/exchange-stays-for-children-in-hungary\/","title":{"rendered":"Exchange stays for children in Hungary"},"content":{"rendered":"<h2><strong>The cross &#8211; border program continued in the autumn <\/strong> &#8211; <a href=\"https:\/\/forestschools.eu\/en\/galeria\/exchange-stays-for-children-in-hungary-2\/\">Gallery 1<\/a> &#8211; <a href=\"https:\/\/forestschools.eu\/en\/galeria\/exchange-stays-for-children-in-hungary\/\">Gallery 2<\/a><\/h2>\n<p><em>At the end of September Ipoly Erd\u0151 Zrt. (Ipe\u013esk\u00e9 lesy a.s.) hosted 109 Slovak pupils during two exchange stays. Children between the ages of 10 and 12 and their accompanying teachers visited the Somosk\u0151 area. At the end of October, the state enterprise LESY SR also accepted ninety children and their guides who visited St. Anton. On these occasions, young pupils were able to participate in a meaningful program co-financed by European Union contributions.<\/em><\/p>\n<p><em>Both professional excursions were part of the Slovak-Hungarian cooperation project entitled &#8220;Foresters for raising public environmental awareness&#8221; between the partners of LESY SR, \u0161. p. (OZ Levice) and Ipoly Erd\u0151 Zrt .. Within the implementation of the project LESY SR, \u0161. p. is building a unique forest school in Levice and the already existing visitor center and forest school in Somosk\u0151 is being developed on the Hungarian side. In addition, both partners have already organized several professional exchange events in recent months.<\/em><\/p>\n<p><em>Guests from Slovakia were welcomed by Ipoly Erd\u0151 Zrt Magdolna Farkasn\u00e9 Parditka, Public Care Officer, and Zolt\u00e1n Pint\u00e9r, Project Manager. Participants were informed about the project, the simultaneous completion of the Visitor Center and attractions in the area.<\/em><\/p>\n<p><em>The Somosk\u0151 visitor center offers a wonderful panoramic view, which Slovak students could also enjoy. At the same time, two castles are visible &#8211; Somosk\u0151 and Salg\u00f3. The landscape is unique: in front of the Tatra silhouette you can see the Karancs mountain range and the Medves plateau, then the M\u00e1tra and B\u00fckk mountains. In nice sunny weather, participants went to a nearby zoo. Here the students moved to watch the domestic game. The next stop was the conquest of Somosk\u0151 Castle.<\/em><\/p>\n<p><em>During the second day of the excursion, the group visited Salg\u00f3 Castle and the &#8220;Witch&#8217;s Stone&#8221;. Along the way, Zolt\u00e1n Moln\u00e1r, chairman of the Somosk\u0151 Environmental Education Center, provided interesting information on forest flora, fauna, geological formations and the history of the surroundings.<\/em><\/p>\n<p><em>After an exhausting hike in the afternoon, guests from Slovakia took part in the &#8220;Lifestyle&#8221; nature trail programs in Somosk\u0151. On the next day of the exchange, those interested could try out creative workshops &#8211; pottery, felting and carving.<\/em><\/p>\n<p><em>Thanks to the educational trail, visitors had the opportunity to get acquainted with the history of the Krepuska family from XIX-XX. century with a significant period in the history of the village and at the same time learned about the values \u200b\u200bof the environment. Near the Visitor Center on Dob\u00f3 Istv\u00e1n Street is an interactive farmyard, which serves to demonstrate the similarities and differences in farming today and during the Krepuskov family, ie in the XIX-XX centuries. This form of farm presentation can inspire visitors to sustainability and, by engaging visitors in experiential life and promoting the values \u200b\u200bof agriculture, can help society lead an environmentally friendly lifestyle.<\/em><\/p>\n<p><em>Exchange stays continued in the autumn in Slovakia. Approximately 90 pupils and teachers from two primary schools in Salg\u00f3tarj\u00e1n traveled to St. Anton, where they had the opportunity to visit the local manor house. Here, as a thank you, the Hungarian students attending the choir sang beautiful songs to the hosts. In addition, the participants of the exchange stay visited the area of \u200b\u200bBansk\u00e1 \u0160tiavnica and the Maximil\u00e1n Hill Primary School in \u0160tiavnick\u00e9 Bany, where they had the opportunity to get acquainted with falconry. Pupils at the school learn falconry as a compulsory subject and also provide demonstrations of training with predators to visitors. Their mini zoo amazed every little guest, because there are parrots, monkeys and even caimans.<\/em><\/p>\n<p><em>What could best describe the experiences of students as their handwritten letters to the organizer Ipoly Erd\u0151 Zrt .:<\/em><\/p>\n<p><em>&#8220;I really liked the variety of animals, we saw huge parrots, eagles, vultures and a small rainforest, where three little monkeys jumped. We also saw fish and caimans in the aquarium. In the yard in the stables we had the opportunity to observe the horses that could be fed and stroked. Unfortunately, we didn&#8217;t have time to ride them because we had to get back on the bus, where we all got a little attention. My friends and I took a lot of photos and gained a lot of experience. \u201cVanessza Ol\u00e1h 5. B Pet\u0151fi Elementary School<\/em><\/p>\n<p><em>&#8220;\u2026 We came to the first stop of our trip, to the manor house of the Koh\u00e1ry family in Sv\u00e4t\u00fd Anton. Our guides were very nice, they showed us the manor, we saw beautiful rooms, clothes and furniture. In the end, our tour of the main guide (the director of the mansion) imitating the sounds of animals was really fun, we even had the task to find out which animal he imitated. Our choir also showed its talent and sang a few songs from the repertoire for our hosts as a thank you.<\/em><\/p>\n<h6><em>Another stop was a visit to the primary school in \u0160tiavnick\u00e9 Bany, where students are required to learn, among other things, falconry uniquely throughout Central Europe. They showed us a short falconry show, which we all really enjoyed. They then accompanied us through the school, where we met a lot of animals. We saw a lot of monkeys, turtles, parrots<\/em> <em>and horses cared for by children who study there. At the end of our trip, our hosts waited with little attention. Each participant received a ruler, a magnet and a pen. We thanked for the hospitality, programs, gifts and went home.<\/em><\/h6>\n<h6><em>\u00a0<\/em><\/h6>\n<h6><em>I really liked this day, I&#8217;m very glad they took me on this trip. It was a nice experience for me! Ilona Kov\u00e1cs 8th grade of Pet\u0151fi S\u00e1ndor Elementary School<\/em><\/h6>\n<h6><em>Subsequently, two more exchange stays with Hungarian and Slovak participants will be organized in the spring, so that a total of 450 people will take part in environmental education programs. The project entitled &#8220;Foresters to increase environmental education of the public&#8221; SKHU \/ 1601 \/ 1.1 \/ 009 is co-financed by the European Union and the European Regional Development Fund.<\/em><\/h6>\n","protected":false},"excerpt":{"rendered":"<p>The cross &#8211; border program continued in the autumn &#8211; Gallery 1 &#8211; Gallery 2&#8230;<\/p>\n","protected":false},"author":2,"featured_media":0,"parent":2337,"menu_order":0,"comment_status":"closed","ping_status":"closed","template":"","meta":{"_acf_changed":false,"inline_featured_image":false,"footnotes":""},"class_list":["post-2380","page","type-page","status-publish","hentry"],"acf":[],"yoast_head":"<!-- This site is optimized with the Yoast SEO plugin v27.4 - https:\/\/yoast.com\/product\/yoast-seo-wordpress\/ -->\n<title>Exchange stays for children in Hungary - Forestschools.eu<\/title>\n<meta name=\"robots\" content=\"index, follow, max-snippet:-1, max-image-preview:large, max-video-preview:-1\" \/>\n<link rel=\"canonical\" href=\"https:\/\/forestschools.eu\/en\/about-the-project\/exchange-stays-for-children-in-hungary\/\" \/>\n<meta property=\"og:locale\" content=\"en_US\" \/>\n<meta property=\"og:type\" content=\"article\" \/>\n<meta property=\"og:title\" content=\"Exchange stays for children in Hungary - Forestschools.eu\" \/>\n<meta property=\"og:description\" content=\"The cross &#8211; border program continued in the autumn &#8211; Gallery 1 &#8211; Gallery 2...\" \/>\n<meta property=\"og:url\" content=\"https:\/\/forestschools.eu\/en\/about-the-project\/exchange-stays-for-children-in-hungary\/\" \/>\n<meta property=\"og:site_name\" content=\"Forestschools.eu\" \/>\n<meta property=\"article:publisher\" content=\"https:\/\/www.facebook.com\/LESYSRstatnypodnik\" \/>\n<meta property=\"article:modified_time\" content=\"2020-07-21T14:16:26+00:00\" \/>\n<meta name=\"twitter:card\" content=\"summary_large_image\" \/>\n<meta name=\"twitter:label1\" content=\"Est. reading time\" \/>\n\t<meta name=\"twitter:data1\" content=\"5 minutes\" \/>\n<script type=\"application\/ld+json\" class=\"yoast-schema-graph\">{\"@context\":\"https:\\\/\\\/schema.org\",\"@graph\":[{\"@type\":\"WebPage\",\"@id\":\"https:\\\/\\\/forestschools.eu\\\/en\\\/about-the-project\\\/exchange-stays-for-children-in-hungary\\\/\",\"url\":\"https:\\\/\\\/forestschools.eu\\\/en\\\/about-the-project\\\/exchange-stays-for-children-in-hungary\\\/\",\"name\":\"Exchange stays for children in Hungary - Forestschools.eu\",\"isPartOf\":{\"@id\":\"https:\\\/\\\/forestschools.eu\\\/en\\\/#website\"},\"datePublished\":\"2020-05-13T09:21:57+00:00\",\"dateModified\":\"2020-07-21T14:16:26+00:00\",\"breadcrumb\":{\"@id\":\"https:\\\/\\\/forestschools.eu\\\/en\\\/about-the-project\\\/exchange-stays-for-children-in-hungary\\\/#breadcrumb\"},\"inLanguage\":\"en-US\",\"potentialAction\":[{\"@type\":\"ReadAction\",\"target\":[\"https:\\\/\\\/forestschools.eu\\\/en\\\/about-the-project\\\/exchange-stays-for-children-in-hungary\\\/\"]}]},{\"@type\":\"BreadcrumbList\",\"@id\":\"https:\\\/\\\/forestschools.eu\\\/en\\\/about-the-project\\\/exchange-stays-for-children-in-hungary\\\/#breadcrumb\",\"itemListElement\":[{\"@type\":\"ListItem\",\"position\":1,\"name\":\"Home\",\"item\":\"https:\\\/\\\/forestschools.eu\\\/en\\\/uvod\\\/\"},{\"@type\":\"ListItem\",\"position\":2,\"name\":\"About the Project\",\"item\":\"https:\\\/\\\/forestschools.eu\\\/en\\\/about-the-project\\\/\"},{\"@type\":\"ListItem\",\"position\":3,\"name\":\"Exchange stays for children in Hungary\"}]},{\"@type\":\"WebSite\",\"@id\":\"https:\\\/\\\/forestschools.eu\\\/en\\\/#website\",\"url\":\"https:\\\/\\\/forestschools.eu\\\/en\\\/\",\"name\":\"Forestschools.eu\",\"description\":\"LESY SR, \u0161t\u00e1tny podnik organiza\u010dn\u00e1 zlo\u017eka OZ Podunajsko\",\"publisher\":{\"@id\":\"https:\\\/\\\/forestschools.eu\\\/en\\\/#organization\"},\"potentialAction\":[{\"@type\":\"SearchAction\",\"target\":{\"@type\":\"EntryPoint\",\"urlTemplate\":\"https:\\\/\\\/forestschools.eu\\\/en\\\/?s={search_term_string}\"},\"query-input\":{\"@type\":\"PropertyValueSpecification\",\"valueRequired\":true,\"valueName\":\"search_term_string\"}}],\"inLanguage\":\"en-US\"},{\"@type\":\"Organization\",\"@id\":\"https:\\\/\\\/forestschools.eu\\\/en\\\/#organization\",\"name\":\"Forestschools.eu\",\"url\":\"https:\\\/\\\/forestschools.eu\\\/en\\\/\",\"logo\":{\"@type\":\"ImageObject\",\"inLanguage\":\"en-US\",\"@id\":\"https:\\\/\\\/forestschools.eu\\\/en\\\/#\\\/schema\\\/logo\\\/image\\\/\",\"url\":\"https:\\\/\\\/forestschools.eu\\\/wp-content\\\/uploads\\\/2020\\\/05\\\/logo.svg\",\"contentUrl\":\"https:\\\/\\\/forestschools.eu\\\/wp-content\\\/uploads\\\/2020\\\/05\\\/logo.svg\",\"caption\":\"Forestschools.eu\"},\"image\":{\"@id\":\"https:\\\/\\\/forestschools.eu\\\/en\\\/#\\\/schema\\\/logo\\\/image\\\/\"},\"sameAs\":[\"https:\\\/\\\/www.facebook.com\\\/LESYSRstatnypodnik\"]}]}<\/script>\n<!-- \/ Yoast SEO plugin. -->","yoast_head_json":{"title":"Exchange stays for children in Hungary - Forestschools.eu","robots":{"index":"index","follow":"follow","max-snippet":"max-snippet:-1","max-image-preview":"max-image-preview:large","max-video-preview":"max-video-preview:-1"},"canonical":"https:\/\/forestschools.eu\/en\/about-the-project\/exchange-stays-for-children-in-hungary\/","og_locale":"en_US","og_type":"article","og_title":"Exchange stays for children in Hungary - Forestschools.eu","og_description":"The cross &#8211; border program continued in the autumn &#8211; Gallery 1 &#8211; Gallery 2...","og_url":"https:\/\/forestschools.eu\/en\/about-the-project\/exchange-stays-for-children-in-hungary\/","og_site_name":"Forestschools.eu","article_publisher":"https:\/\/www.facebook.com\/LESYSRstatnypodnik","article_modified_time":"2020-07-21T14:16:26+00:00","twitter_card":"summary_large_image","twitter_misc":{"Est. reading time":"5 minutes"},"schema":{"@context":"https:\/\/schema.org","@graph":[{"@type":"WebPage","@id":"https:\/\/forestschools.eu\/en\/about-the-project\/exchange-stays-for-children-in-hungary\/","url":"https:\/\/forestschools.eu\/en\/about-the-project\/exchange-stays-for-children-in-hungary\/","name":"Exchange stays for children in Hungary - Forestschools.eu","isPartOf":{"@id":"https:\/\/forestschools.eu\/en\/#website"},"datePublished":"2020-05-13T09:21:57+00:00","dateModified":"2020-07-21T14:16:26+00:00","breadcrumb":{"@id":"https:\/\/forestschools.eu\/en\/about-the-project\/exchange-stays-for-children-in-hungary\/#breadcrumb"},"inLanguage":"en-US","potentialAction":[{"@type":"ReadAction","target":["https:\/\/forestschools.eu\/en\/about-the-project\/exchange-stays-for-children-in-hungary\/"]}]},{"@type":"BreadcrumbList","@id":"https:\/\/forestschools.eu\/en\/about-the-project\/exchange-stays-for-children-in-hungary\/#breadcrumb","itemListElement":[{"@type":"ListItem","position":1,"name":"Home","item":"https:\/\/forestschools.eu\/en\/uvod\/"},{"@type":"ListItem","position":2,"name":"About the Project","item":"https:\/\/forestschools.eu\/en\/about-the-project\/"},{"@type":"ListItem","position":3,"name":"Exchange stays for children in Hungary"}]},{"@type":"WebSite","@id":"https:\/\/forestschools.eu\/en\/#website","url":"https:\/\/forestschools.eu\/en\/","name":"Forestschools.eu","description":"LESY SR, \u0161t\u00e1tny podnik organiza\u010dn\u00e1 zlo\u017eka OZ Podunajsko","publisher":{"@id":"https:\/\/forestschools.eu\/en\/#organization"},"potentialAction":[{"@type":"SearchAction","target":{"@type":"EntryPoint","urlTemplate":"https:\/\/forestschools.eu\/en\/?s={search_term_string}"},"query-input":{"@type":"PropertyValueSpecification","valueRequired":true,"valueName":"search_term_string"}}],"inLanguage":"en-US"},{"@type":"Organization","@id":"https:\/\/forestschools.eu\/en\/#organization","name":"Forestschools.eu","url":"https:\/\/forestschools.eu\/en\/","logo":{"@type":"ImageObject","inLanguage":"en-US","@id":"https:\/\/forestschools.eu\/en\/#\/schema\/logo\/image\/","url":"https:\/\/forestschools.eu\/wp-content\/uploads\/2020\/05\/logo.svg","contentUrl":"https:\/\/forestschools.eu\/wp-content\/uploads\/2020\/05\/logo.svg","caption":"Forestschools.eu"},"image":{"@id":"https:\/\/forestschools.eu\/en\/#\/schema\/logo\/image\/"},"sameAs":["https:\/\/www.facebook.com\/LESYSRstatnypodnik"]}]}},"_links":{"self":[{"href":"https:\/\/forestschools.eu\/en\/wp-json\/wp\/v2\/pages\/2380","targetHints":{"allow":["GET"]}}],"collection":[{"href":"https:\/\/forestschools.eu\/en\/wp-json\/wp\/v2\/pages"}],"about":[{"href":"https:\/\/forestschools.eu\/en\/wp-json\/wp\/v2\/types\/page"}],"author":[{"embeddable":true,"href":"https:\/\/forestschools.eu\/en\/wp-json\/wp\/v2\/users\/2"}],"replies":[{"embeddable":true,"href":"https:\/\/forestschools.eu\/en\/wp-json\/wp\/v2\/comments?post=2380"}],"version-history":[{"count":3,"href":"https:\/\/forestschools.eu\/en\/wp-json\/wp\/v2\/pages\/2380\/revisions"}],"predecessor-version":[{"id":2948,"href":"https:\/\/forestschools.eu\/en\/wp-json\/wp\/v2\/pages\/2380\/revisions\/2948"}],"up":[{"embeddable":true,"href":"https:\/\/forestschools.eu\/en\/wp-json\/wp\/v2\/pages\/2337"}],"wp:attachment":[{"href":"https:\/\/forestschools.eu\/en\/wp-json\/wp\/v2\/media?parent=2380"}],"curies":[{"name":"wp","href":"https:\/\/api.w.org\/{rel}","templated":true}]}}