{"id":2375,"date":"2020-05-13T13:16:38","date_gmt":"2020-05-13T11:16:38","guid":{"rendered":"https:\/\/forestschools.eu\/o-projekte\/seminar-lesnych-pedagogov\/"},"modified":"2020-07-21T16:09:45","modified_gmt":"2020-07-21T14:09:45","slug":"seminar-of-forest-pedagogues","status":"publish","type":"page","link":"https:\/\/forestschools.eu\/en\/about-the-project\/seminar-of-forest-pedagogues\/","title":{"rendered":"Seminar of forest pedagogues"},"content":{"rendered":"<h2><strong>Seminar of forest pedagogues<\/strong> &#8211; <a href=\"https:\/\/forestschools.eu\/en\/galeria\/seminar-of-forest-pedagogues\/\">Gallery<\/a><\/h2>\n<p>NLC &#8211; Institute of Forest Counseling and Education in Zvolen regularly organizes the Educational Program, which includes the Seminar of Forest Pedagogy.<\/p>\n<p>In the period from September to November, the Seminar of Forest Pedagogy was also held in three gatherings, which was organized within the project entitled &#8220;Foresters for raising public environmental awareness&#8221; SK-HU FPREST SCHOOLS (SKHU \/ 1601 \/ 1.1 \/ 009) of cross-border cooperation Interreg VA Slovak Republic &#8211; Hungary. It was attended by 20 new applicants &#8211; foresters and foresters. The first gathering took place in the premises of a beautiful hunting manor in Pal\u00e1rikov from 10 September to 12 September 2019. The second gathering lasted from 1 October to 3 October 2019 in the building of OZ Levice. The end of the whole course was the third training camp in Tur\u010dianske Teplice in the Lesn\u00edk Hotel on November 29 and 30, 2019. The program, which was compiled by lecturers from NLC, was professional and interesting. Lectures and practical demonstrations were given by experts from the NLC in Zvolen, Matej Bel University in Bansk\u00e1 Bystrica, the Catholic University in Ru\u017eomberok and the University of Pre\u0161ov in Pre\u0161ov. They attractively introduced the course participants to the issues of forest pedagogy, general and special pedagogy, developmental psychology, environmental ethics and media communication. The program was enriched by a lecture by the head of the Forestry School of Forestry and Mattress Accommodation in Bernecebar\u00e1t (Hungary), Pesek Bea, who introduced the seminar participants in an engaging way to the current situation of forest pedagogy in Hungary. The meeting with the Hungarian lecturer also served as an exchange of experiences between the two project partners.<\/p>\n<p>Thanks to lecturers from NLC, future forest teachers were able to verify the acquired theoretical knowledge in the field in the form of various practical activities and games. They make it easier to get closer to different target groups. It was interesting to prepare a model Forest Walk, for which everyone was preparing together. It was practically carried out in the kindergarten in Levice.<\/p>\n<p>The forest pedagogy seminar ended with a test, which tested the acquired knowledge of all participants and also with an individual presentation of the Forest Walk, which everyone completed with a specific target group.<\/p>\n<p>On November 30, 2019, forest pedagogy was enriched by 20 successful newcomers who know how to use their head, hands and heart \u263a.<\/p>\n<p>The forest pedagogy seminar was held in a very good atmosphere, friendship, strengthening relations and mutual cooperation. After all, it shouldn&#8217;t be any other among the foresters.<\/p>\n<p>Good luck!<\/p>\n<p>&nbsp;<\/p>\n<p><strong>Ing. Sl\u00e1vka Pavlov\u00e1 (head of the future forest school in Levice)<\/strong><\/p>\n<p><strong>Ing. Nikoleta Nozdrovick\u00e1 (project manager)<\/strong><\/p>\n<p><strong> \u00a0<\/strong><\/p>\n<p>&nbsp;<\/p>\n","protected":false},"excerpt":{"rendered":"<p>Seminar of forest pedagogues &#8211; Gallery NLC &#8211; Institute of Forest Counseling and Education in&#8230;<\/p>\n","protected":false},"author":2,"featured_media":0,"parent":2337,"menu_order":0,"comment_status":"closed","ping_status":"closed","template":"","meta":{"_acf_changed":false,"inline_featured_image":false,"footnotes":""},"class_list":["post-2375","page","type-page","status-publish","hentry"],"acf":[],"yoast_head":"<!-- This site is optimized with the Yoast SEO plugin v27.4 - https:\/\/yoast.com\/product\/yoast-seo-wordpress\/ -->\n<title>Seminar of forest pedagogues - Forestschools.eu<\/title>\n<meta name=\"robots\" content=\"index, follow, max-snippet:-1, max-image-preview:large, max-video-preview:-1\" \/>\n<link rel=\"canonical\" href=\"https:\/\/forestschools.eu\/en\/about-the-project\/seminar-of-forest-pedagogues\/\" \/>\n<meta property=\"og:locale\" content=\"en_US\" \/>\n<meta property=\"og:type\" content=\"article\" \/>\n<meta property=\"og:title\" content=\"Seminar of forest pedagogues - Forestschools.eu\" \/>\n<meta property=\"og:description\" content=\"Seminar of forest pedagogues &#8211; Gallery NLC &#8211; Institute of Forest Counseling and Education in...\" \/>\n<meta property=\"og:url\" content=\"https:\/\/forestschools.eu\/en\/about-the-project\/seminar-of-forest-pedagogues\/\" \/>\n<meta property=\"og:site_name\" content=\"Forestschools.eu\" \/>\n<meta property=\"article:publisher\" content=\"https:\/\/www.facebook.com\/LESYSRstatnypodnik\" \/>\n<meta property=\"article:modified_time\" content=\"2020-07-21T14:09:45+00:00\" \/>\n<meta name=\"twitter:card\" content=\"summary_large_image\" \/>\n<meta name=\"twitter:label1\" content=\"Est. reading time\" \/>\n\t<meta name=\"twitter:data1\" content=\"2 minutes\" \/>\n<script type=\"application\/ld+json\" class=\"yoast-schema-graph\">{\"@context\":\"https:\\\/\\\/schema.org\",\"@graph\":[{\"@type\":\"WebPage\",\"@id\":\"https:\\\/\\\/forestschools.eu\\\/en\\\/about-the-project\\\/seminar-of-forest-pedagogues\\\/\",\"url\":\"https:\\\/\\\/forestschools.eu\\\/en\\\/about-the-project\\\/seminar-of-forest-pedagogues\\\/\",\"name\":\"Seminar of forest pedagogues - Forestschools.eu\",\"isPartOf\":{\"@id\":\"https:\\\/\\\/forestschools.eu\\\/en\\\/#website\"},\"datePublished\":\"2020-05-13T11:16:38+00:00\",\"dateModified\":\"2020-07-21T14:09:45+00:00\",\"breadcrumb\":{\"@id\":\"https:\\\/\\\/forestschools.eu\\\/en\\\/about-the-project\\\/seminar-of-forest-pedagogues\\\/#breadcrumb\"},\"inLanguage\":\"en-US\",\"potentialAction\":[{\"@type\":\"ReadAction\",\"target\":[\"https:\\\/\\\/forestschools.eu\\\/en\\\/about-the-project\\\/seminar-of-forest-pedagogues\\\/\"]}]},{\"@type\":\"BreadcrumbList\",\"@id\":\"https:\\\/\\\/forestschools.eu\\\/en\\\/about-the-project\\\/seminar-of-forest-pedagogues\\\/#breadcrumb\",\"itemListElement\":[{\"@type\":\"ListItem\",\"position\":1,\"name\":\"Home\",\"item\":\"https:\\\/\\\/forestschools.eu\\\/en\\\/uvod\\\/\"},{\"@type\":\"ListItem\",\"position\":2,\"name\":\"About the Project\",\"item\":\"https:\\\/\\\/forestschools.eu\\\/en\\\/about-the-project\\\/\"},{\"@type\":\"ListItem\",\"position\":3,\"name\":\"Seminar of forest pedagogues\"}]},{\"@type\":\"WebSite\",\"@id\":\"https:\\\/\\\/forestschools.eu\\\/en\\\/#website\",\"url\":\"https:\\\/\\\/forestschools.eu\\\/en\\\/\",\"name\":\"Forestschools.eu\",\"description\":\"LESY SR, \u0161t\u00e1tny podnik organiza\u010dn\u00e1 zlo\u017eka OZ Podunajsko\",\"publisher\":{\"@id\":\"https:\\\/\\\/forestschools.eu\\\/en\\\/#organization\"},\"potentialAction\":[{\"@type\":\"SearchAction\",\"target\":{\"@type\":\"EntryPoint\",\"urlTemplate\":\"https:\\\/\\\/forestschools.eu\\\/en\\\/?s={search_term_string}\"},\"query-input\":{\"@type\":\"PropertyValueSpecification\",\"valueRequired\":true,\"valueName\":\"search_term_string\"}}],\"inLanguage\":\"en-US\"},{\"@type\":\"Organization\",\"@id\":\"https:\\\/\\\/forestschools.eu\\\/en\\\/#organization\",\"name\":\"Forestschools.eu\",\"url\":\"https:\\\/\\\/forestschools.eu\\\/en\\\/\",\"logo\":{\"@type\":\"ImageObject\",\"inLanguage\":\"en-US\",\"@id\":\"https:\\\/\\\/forestschools.eu\\\/en\\\/#\\\/schema\\\/logo\\\/image\\\/\",\"url\":\"https:\\\/\\\/forestschools.eu\\\/wp-content\\\/uploads\\\/2020\\\/05\\\/logo.svg\",\"contentUrl\":\"https:\\\/\\\/forestschools.eu\\\/wp-content\\\/uploads\\\/2020\\\/05\\\/logo.svg\",\"caption\":\"Forestschools.eu\"},\"image\":{\"@id\":\"https:\\\/\\\/forestschools.eu\\\/en\\\/#\\\/schema\\\/logo\\\/image\\\/\"},\"sameAs\":[\"https:\\\/\\\/www.facebook.com\\\/LESYSRstatnypodnik\"]}]}<\/script>\n<!-- \/ Yoast SEO plugin. -->","yoast_head_json":{"title":"Seminar of forest pedagogues - Forestschools.eu","robots":{"index":"index","follow":"follow","max-snippet":"max-snippet:-1","max-image-preview":"max-image-preview:large","max-video-preview":"max-video-preview:-1"},"canonical":"https:\/\/forestschools.eu\/en\/about-the-project\/seminar-of-forest-pedagogues\/","og_locale":"en_US","og_type":"article","og_title":"Seminar of forest pedagogues - Forestschools.eu","og_description":"Seminar of forest pedagogues &#8211; Gallery NLC &#8211; Institute of Forest Counseling and Education in...","og_url":"https:\/\/forestschools.eu\/en\/about-the-project\/seminar-of-forest-pedagogues\/","og_site_name":"Forestschools.eu","article_publisher":"https:\/\/www.facebook.com\/LESYSRstatnypodnik","article_modified_time":"2020-07-21T14:09:45+00:00","twitter_card":"summary_large_image","twitter_misc":{"Est. reading time":"2 minutes"},"schema":{"@context":"https:\/\/schema.org","@graph":[{"@type":"WebPage","@id":"https:\/\/forestschools.eu\/en\/about-the-project\/seminar-of-forest-pedagogues\/","url":"https:\/\/forestschools.eu\/en\/about-the-project\/seminar-of-forest-pedagogues\/","name":"Seminar of forest pedagogues - Forestschools.eu","isPartOf":{"@id":"https:\/\/forestschools.eu\/en\/#website"},"datePublished":"2020-05-13T11:16:38+00:00","dateModified":"2020-07-21T14:09:45+00:00","breadcrumb":{"@id":"https:\/\/forestschools.eu\/en\/about-the-project\/seminar-of-forest-pedagogues\/#breadcrumb"},"inLanguage":"en-US","potentialAction":[{"@type":"ReadAction","target":["https:\/\/forestschools.eu\/en\/about-the-project\/seminar-of-forest-pedagogues\/"]}]},{"@type":"BreadcrumbList","@id":"https:\/\/forestschools.eu\/en\/about-the-project\/seminar-of-forest-pedagogues\/#breadcrumb","itemListElement":[{"@type":"ListItem","position":1,"name":"Home","item":"https:\/\/forestschools.eu\/en\/uvod\/"},{"@type":"ListItem","position":2,"name":"About the Project","item":"https:\/\/forestschools.eu\/en\/about-the-project\/"},{"@type":"ListItem","position":3,"name":"Seminar of forest pedagogues"}]},{"@type":"WebSite","@id":"https:\/\/forestschools.eu\/en\/#website","url":"https:\/\/forestschools.eu\/en\/","name":"Forestschools.eu","description":"LESY SR, \u0161t\u00e1tny podnik organiza\u010dn\u00e1 zlo\u017eka OZ Podunajsko","publisher":{"@id":"https:\/\/forestschools.eu\/en\/#organization"},"potentialAction":[{"@type":"SearchAction","target":{"@type":"EntryPoint","urlTemplate":"https:\/\/forestschools.eu\/en\/?s={search_term_string}"},"query-input":{"@type":"PropertyValueSpecification","valueRequired":true,"valueName":"search_term_string"}}],"inLanguage":"en-US"},{"@type":"Organization","@id":"https:\/\/forestschools.eu\/en\/#organization","name":"Forestschools.eu","url":"https:\/\/forestschools.eu\/en\/","logo":{"@type":"ImageObject","inLanguage":"en-US","@id":"https:\/\/forestschools.eu\/en\/#\/schema\/logo\/image\/","url":"https:\/\/forestschools.eu\/wp-content\/uploads\/2020\/05\/logo.svg","contentUrl":"https:\/\/forestschools.eu\/wp-content\/uploads\/2020\/05\/logo.svg","caption":"Forestschools.eu"},"image":{"@id":"https:\/\/forestschools.eu\/en\/#\/schema\/logo\/image\/"},"sameAs":["https:\/\/www.facebook.com\/LESYSRstatnypodnik"]}]}},"_links":{"self":[{"href":"https:\/\/forestschools.eu\/en\/wp-json\/wp\/v2\/pages\/2375","targetHints":{"allow":["GET"]}}],"collection":[{"href":"https:\/\/forestschools.eu\/en\/wp-json\/wp\/v2\/pages"}],"about":[{"href":"https:\/\/forestschools.eu\/en\/wp-json\/wp\/v2\/types\/page"}],"author":[{"embeddable":true,"href":"https:\/\/forestschools.eu\/en\/wp-json\/wp\/v2\/users\/2"}],"replies":[{"embeddable":true,"href":"https:\/\/forestschools.eu\/en\/wp-json\/wp\/v2\/comments?post=2375"}],"version-history":[{"count":3,"href":"https:\/\/forestschools.eu\/en\/wp-json\/wp\/v2\/pages\/2375\/revisions"}],"predecessor-version":[{"id":2944,"href":"https:\/\/forestschools.eu\/en\/wp-json\/wp\/v2\/pages\/2375\/revisions\/2944"}],"up":[{"embeddable":true,"href":"https:\/\/forestschools.eu\/en\/wp-json\/wp\/v2\/pages\/2337"}],"wp:attachment":[{"href":"https:\/\/forestschools.eu\/en\/wp-json\/wp\/v2\/media?parent=2375"}],"curies":[{"name":"wp","href":"https:\/\/api.w.org\/{rel}","templated":true}]}}