{"id":2341,"date":"2020-05-13T10:53:36","date_gmt":"2020-05-13T08:53:36","guid":{"rendered":"https:\/\/forestschools.eu\/o-projekte\/lesnici-a-slniecko\/"},"modified":"2020-07-21T16:05:17","modified_gmt":"2020-07-21T14:05:17","slug":"foresters-and-the-sun","status":"publish","type":"page","link":"https:\/\/forestschools.eu\/en\/about-the-project\/foresters-and-the-sun\/","title":{"rendered":"Foresters and the Sun"},"content":{"rendered":"<h2>Foresters and the Sun<strong> &#8211; <a href=\"https:\/\/forestschools.eu\/en\/galeria\/foresters-and-the-sun\/\">Gallery<\/a><\/strong><\/h2>\n<p>At the beginning of July, more than a dozen children with Down Syndrome took part in the &#8220;Foresters and the Sun&#8221; activity, which was implemented as part of the &#8220;Forests to Raise Public Environmental Awareness&#8221; project. As part of a one-day excursion, they visited the Visitor Center and the Forest Forest School in Katalinpuszta near the Slovak-Hungarian border.<\/p>\n<p>After the joint departure from Lev\u00edce &#8220;Slnie\u010dka&#8221;, a journey of more than an hour to Katalinpuszta was waiting. After the arrival of everyone, the director of the visitor center and forest school, Rita Kemenes, and the project manager of the project for the Hungarian side from Ipoly, Erd\u0151 Zrt, warmly welcomed. Zolt\u00e1n Pint\u00e9r.<\/p>\n<p>In addition to children and their teachers, the excursion was also attended by forest teachers from Lesy SR, \u0161. p. OZ Levice namely Ing. Peter Gr\u00f3f and Ing. M\u00e1ria Vl\u010d\u00e1kov\u00e1 (Uncle Pe\u0165o and Aunt Maja) and project assistant Ing. Nikoleta Nozdrovick\u00e1.<\/p>\n<p>The first activity in which the children participated was a &#8220;pet show&#8221; called animal smoothing plant. Uncle the forester brought with him animals that the children could pet and provided some interesting facts and information about them. Among other things, the children could see the hedgehog, the ferret, the hawk and the eared mouse. The greatest success, however, was the owl that the children could hold on their hands. This was followed by a ride on the &#8220;Ant Dani&#8221; forest railway and a joint lunch. After lunch, the children, accompanied by teachers and forest teachers, went for a walk on the forest educational trail. Here they could observe the surrounding nature and get to know the landscape. The forester in the Ipe\u013e Forest (Ipoly Erd\u0151 Zrt.) Helped to bring life in the forest closer.<\/p>\n<p>Thanks to this event, the forest and forestry came to the immediate vicinity of children. The excursion with &#8220;Sunflowers&#8221; realized within the INTERREG Slovak Republic-Hungary Cooperation Program was very fun and informative for all participants. Thanks to the rich program, children could forget about everyday worries and get to know the forest and animals directly in nature, which they were very happy about. At the end of the meeting, I can say that despite the state borders, we were all united by a love of nature.<\/p>\n<p>Ing. Nikoleta Nozdrovick\u00e1<\/p>\n<p>EU Projects Department<\/p>\n<p>The content of this article does not represent the official opinion of the European Union.<\/p>\n<p>www.skhu.eu<\/p>\n<p><a href=\"https:\/\/forestschools.eu\/wp-content\/uploads\/2020\/07\/loga-en.png\"><img loading=\"lazy\" decoding=\"async\" class=\"alignnone size-full wp-image-2908\" src=\"https:\/\/forestschools.eu\/wp-content\/uploads\/2020\/07\/loga-en.png\" alt=\"\" width=\"947\" height=\"129\" srcset=\"https:\/\/forestschools.eu\/wp-content\/uploads\/2020\/07\/loga-en.png 947w, https:\/\/forestschools.eu\/wp-content\/uploads\/2020\/07\/loga-en-300x41.png 300w, https:\/\/forestschools.eu\/wp-content\/uploads\/2020\/07\/loga-en-768x105.png 768w, https:\/\/forestschools.eu\/wp-content\/uploads\/2020\/07\/loga-en-473x64.png 473w\" sizes=\"auto, (max-width: 947px) 100vw, 947px\" \/><\/a><\/p>\n<p>&nbsp;<\/p>\n<p>&nbsp;<\/p>\n","protected":false},"excerpt":{"rendered":"<p>Foresters and the Sun &#8211; Gallery At the beginning of July, more than a dozen&#8230;<\/p>\n","protected":false},"author":2,"featured_media":0,"parent":2337,"menu_order":0,"comment_status":"closed","ping_status":"closed","template":"","meta":{"_acf_changed":false,"inline_featured_image":false,"footnotes":""},"class_list":["post-2341","page","type-page","status-publish","hentry"],"acf":[],"yoast_head":"<!-- This site is optimized with the Yoast SEO plugin v27.4 - https:\/\/yoast.com\/product\/yoast-seo-wordpress\/ -->\n<title>Foresters and the Sun - Forestschools.eu<\/title>\n<meta name=\"robots\" content=\"index, follow, max-snippet:-1, max-image-preview:large, max-video-preview:-1\" \/>\n<link rel=\"canonical\" href=\"https:\/\/forestschools.eu\/en\/about-the-project\/foresters-and-the-sun\/\" \/>\n<meta property=\"og:locale\" content=\"en_US\" \/>\n<meta property=\"og:type\" content=\"article\" \/>\n<meta property=\"og:title\" content=\"Foresters and the Sun - Forestschools.eu\" \/>\n<meta property=\"og:description\" content=\"Foresters and the Sun &#8211; Gallery At the beginning of July, more than a dozen...\" \/>\n<meta property=\"og:url\" content=\"https:\/\/forestschools.eu\/en\/about-the-project\/foresters-and-the-sun\/\" \/>\n<meta property=\"og:site_name\" content=\"Forestschools.eu\" \/>\n<meta property=\"article:publisher\" content=\"https:\/\/www.facebook.com\/LESYSRstatnypodnik\" \/>\n<meta property=\"article:modified_time\" content=\"2020-07-21T14:05:17+00:00\" \/>\n<meta property=\"og:image\" content=\"https:\/\/forestschools.eu\/wp-content\/uploads\/2020\/07\/loga-en.png\" \/>\n<meta name=\"twitter:card\" content=\"summary_large_image\" \/>\n<meta name=\"twitter:label1\" content=\"Est. reading time\" \/>\n\t<meta name=\"twitter:data1\" content=\"2 minutes\" \/>\n<script type=\"application\/ld+json\" class=\"yoast-schema-graph\">{\"@context\":\"https:\\\/\\\/schema.org\",\"@graph\":[{\"@type\":\"WebPage\",\"@id\":\"https:\\\/\\\/forestschools.eu\\\/en\\\/about-the-project\\\/foresters-and-the-sun\\\/\",\"url\":\"https:\\\/\\\/forestschools.eu\\\/en\\\/about-the-project\\\/foresters-and-the-sun\\\/\",\"name\":\"Foresters and the Sun - Forestschools.eu\",\"isPartOf\":{\"@id\":\"https:\\\/\\\/forestschools.eu\\\/en\\\/#website\"},\"primaryImageOfPage\":{\"@id\":\"https:\\\/\\\/forestschools.eu\\\/en\\\/about-the-project\\\/foresters-and-the-sun\\\/#primaryimage\"},\"image\":{\"@id\":\"https:\\\/\\\/forestschools.eu\\\/en\\\/about-the-project\\\/foresters-and-the-sun\\\/#primaryimage\"},\"thumbnailUrl\":\"https:\\\/\\\/forestschools.eu\\\/wp-content\\\/uploads\\\/2020\\\/07\\\/loga-en.png\",\"datePublished\":\"2020-05-13T08:53:36+00:00\",\"dateModified\":\"2020-07-21T14:05:17+00:00\",\"breadcrumb\":{\"@id\":\"https:\\\/\\\/forestschools.eu\\\/en\\\/about-the-project\\\/foresters-and-the-sun\\\/#breadcrumb\"},\"inLanguage\":\"en-US\",\"potentialAction\":[{\"@type\":\"ReadAction\",\"target\":[\"https:\\\/\\\/forestschools.eu\\\/en\\\/about-the-project\\\/foresters-and-the-sun\\\/\"]}]},{\"@type\":\"ImageObject\",\"inLanguage\":\"en-US\",\"@id\":\"https:\\\/\\\/forestschools.eu\\\/en\\\/about-the-project\\\/foresters-and-the-sun\\\/#primaryimage\",\"url\":\"https:\\\/\\\/forestschools.eu\\\/wp-content\\\/uploads\\\/2020\\\/07\\\/loga-en.png\",\"contentUrl\":\"https:\\\/\\\/forestschools.eu\\\/wp-content\\\/uploads\\\/2020\\\/07\\\/loga-en.png\"},{\"@type\":\"BreadcrumbList\",\"@id\":\"https:\\\/\\\/forestschools.eu\\\/en\\\/about-the-project\\\/foresters-and-the-sun\\\/#breadcrumb\",\"itemListElement\":[{\"@type\":\"ListItem\",\"position\":1,\"name\":\"Home\",\"item\":\"https:\\\/\\\/forestschools.eu\\\/en\\\/uvod\\\/\"},{\"@type\":\"ListItem\",\"position\":2,\"name\":\"About the Project\",\"item\":\"https:\\\/\\\/forestschools.eu\\\/en\\\/about-the-project\\\/\"},{\"@type\":\"ListItem\",\"position\":3,\"name\":\"Foresters and the Sun\"}]},{\"@type\":\"WebSite\",\"@id\":\"https:\\\/\\\/forestschools.eu\\\/en\\\/#website\",\"url\":\"https:\\\/\\\/forestschools.eu\\\/en\\\/\",\"name\":\"Forestschools.eu\",\"description\":\"LESY SR, \u0161t\u00e1tny podnik organiza\u010dn\u00e1 zlo\u017eka OZ Podunajsko\",\"publisher\":{\"@id\":\"https:\\\/\\\/forestschools.eu\\\/en\\\/#organization\"},\"potentialAction\":[{\"@type\":\"SearchAction\",\"target\":{\"@type\":\"EntryPoint\",\"urlTemplate\":\"https:\\\/\\\/forestschools.eu\\\/en\\\/?s={search_term_string}\"},\"query-input\":{\"@type\":\"PropertyValueSpecification\",\"valueRequired\":true,\"valueName\":\"search_term_string\"}}],\"inLanguage\":\"en-US\"},{\"@type\":\"Organization\",\"@id\":\"https:\\\/\\\/forestschools.eu\\\/en\\\/#organization\",\"name\":\"Forestschools.eu\",\"url\":\"https:\\\/\\\/forestschools.eu\\\/en\\\/\",\"logo\":{\"@type\":\"ImageObject\",\"inLanguage\":\"en-US\",\"@id\":\"https:\\\/\\\/forestschools.eu\\\/en\\\/#\\\/schema\\\/logo\\\/image\\\/\",\"url\":\"https:\\\/\\\/forestschools.eu\\\/wp-content\\\/uploads\\\/2020\\\/05\\\/logo.svg\",\"contentUrl\":\"https:\\\/\\\/forestschools.eu\\\/wp-content\\\/uploads\\\/2020\\\/05\\\/logo.svg\",\"caption\":\"Forestschools.eu\"},\"image\":{\"@id\":\"https:\\\/\\\/forestschools.eu\\\/en\\\/#\\\/schema\\\/logo\\\/image\\\/\"},\"sameAs\":[\"https:\\\/\\\/www.facebook.com\\\/LESYSRstatnypodnik\"]}]}<\/script>\n<!-- \/ Yoast SEO plugin. -->","yoast_head_json":{"title":"Foresters and the Sun - Forestschools.eu","robots":{"index":"index","follow":"follow","max-snippet":"max-snippet:-1","max-image-preview":"max-image-preview:large","max-video-preview":"max-video-preview:-1"},"canonical":"https:\/\/forestschools.eu\/en\/about-the-project\/foresters-and-the-sun\/","og_locale":"en_US","og_type":"article","og_title":"Foresters and the Sun - Forestschools.eu","og_description":"Foresters and the Sun &#8211; Gallery At the beginning of July, more than a dozen...","og_url":"https:\/\/forestschools.eu\/en\/about-the-project\/foresters-and-the-sun\/","og_site_name":"Forestschools.eu","article_publisher":"https:\/\/www.facebook.com\/LESYSRstatnypodnik","article_modified_time":"2020-07-21T14:05:17+00:00","og_image":[{"url":"https:\/\/forestschools.eu\/wp-content\/uploads\/2020\/07\/loga-en.png","type":"","width":"","height":""}],"twitter_card":"summary_large_image","twitter_misc":{"Est. reading time":"2 minutes"},"schema":{"@context":"https:\/\/schema.org","@graph":[{"@type":"WebPage","@id":"https:\/\/forestschools.eu\/en\/about-the-project\/foresters-and-the-sun\/","url":"https:\/\/forestschools.eu\/en\/about-the-project\/foresters-and-the-sun\/","name":"Foresters and the Sun - Forestschools.eu","isPartOf":{"@id":"https:\/\/forestschools.eu\/en\/#website"},"primaryImageOfPage":{"@id":"https:\/\/forestschools.eu\/en\/about-the-project\/foresters-and-the-sun\/#primaryimage"},"image":{"@id":"https:\/\/forestschools.eu\/en\/about-the-project\/foresters-and-the-sun\/#primaryimage"},"thumbnailUrl":"https:\/\/forestschools.eu\/wp-content\/uploads\/2020\/07\/loga-en.png","datePublished":"2020-05-13T08:53:36+00:00","dateModified":"2020-07-21T14:05:17+00:00","breadcrumb":{"@id":"https:\/\/forestschools.eu\/en\/about-the-project\/foresters-and-the-sun\/#breadcrumb"},"inLanguage":"en-US","potentialAction":[{"@type":"ReadAction","target":["https:\/\/forestschools.eu\/en\/about-the-project\/foresters-and-the-sun\/"]}]},{"@type":"ImageObject","inLanguage":"en-US","@id":"https:\/\/forestschools.eu\/en\/about-the-project\/foresters-and-the-sun\/#primaryimage","url":"https:\/\/forestschools.eu\/wp-content\/uploads\/2020\/07\/loga-en.png","contentUrl":"https:\/\/forestschools.eu\/wp-content\/uploads\/2020\/07\/loga-en.png"},{"@type":"BreadcrumbList","@id":"https:\/\/forestschools.eu\/en\/about-the-project\/foresters-and-the-sun\/#breadcrumb","itemListElement":[{"@type":"ListItem","position":1,"name":"Home","item":"https:\/\/forestschools.eu\/en\/uvod\/"},{"@type":"ListItem","position":2,"name":"About the Project","item":"https:\/\/forestschools.eu\/en\/about-the-project\/"},{"@type":"ListItem","position":3,"name":"Foresters and the Sun"}]},{"@type":"WebSite","@id":"https:\/\/forestschools.eu\/en\/#website","url":"https:\/\/forestschools.eu\/en\/","name":"Forestschools.eu","description":"LESY SR, \u0161t\u00e1tny podnik organiza\u010dn\u00e1 zlo\u017eka OZ Podunajsko","publisher":{"@id":"https:\/\/forestschools.eu\/en\/#organization"},"potentialAction":[{"@type":"SearchAction","target":{"@type":"EntryPoint","urlTemplate":"https:\/\/forestschools.eu\/en\/?s={search_term_string}"},"query-input":{"@type":"PropertyValueSpecification","valueRequired":true,"valueName":"search_term_string"}}],"inLanguage":"en-US"},{"@type":"Organization","@id":"https:\/\/forestschools.eu\/en\/#organization","name":"Forestschools.eu","url":"https:\/\/forestschools.eu\/en\/","logo":{"@type":"ImageObject","inLanguage":"en-US","@id":"https:\/\/forestschools.eu\/en\/#\/schema\/logo\/image\/","url":"https:\/\/forestschools.eu\/wp-content\/uploads\/2020\/05\/logo.svg","contentUrl":"https:\/\/forestschools.eu\/wp-content\/uploads\/2020\/05\/logo.svg","caption":"Forestschools.eu"},"image":{"@id":"https:\/\/forestschools.eu\/en\/#\/schema\/logo\/image\/"},"sameAs":["https:\/\/www.facebook.com\/LESYSRstatnypodnik"]}]}},"_links":{"self":[{"href":"https:\/\/forestschools.eu\/en\/wp-json\/wp\/v2\/pages\/2341","targetHints":{"allow":["GET"]}}],"collection":[{"href":"https:\/\/forestschools.eu\/en\/wp-json\/wp\/v2\/pages"}],"about":[{"href":"https:\/\/forestschools.eu\/en\/wp-json\/wp\/v2\/types\/page"}],"author":[{"embeddable":true,"href":"https:\/\/forestschools.eu\/en\/wp-json\/wp\/v2\/users\/2"}],"replies":[{"embeddable":true,"href":"https:\/\/forestschools.eu\/en\/wp-json\/wp\/v2\/comments?post=2341"}],"version-history":[{"count":5,"href":"https:\/\/forestschools.eu\/en\/wp-json\/wp\/v2\/pages\/2341\/revisions"}],"predecessor-version":[{"id":2939,"href":"https:\/\/forestschools.eu\/en\/wp-json\/wp\/v2\/pages\/2341\/revisions\/2939"}],"up":[{"embeddable":true,"href":"https:\/\/forestschools.eu\/en\/wp-json\/wp\/v2\/pages\/2337"}],"wp:attachment":[{"href":"https:\/\/forestschools.eu\/en\/wp-json\/wp\/v2\/media?parent=2341"}],"curies":[{"name":"wp","href":"https:\/\/api.w.org\/{rel}","templated":true}]}}