{"id":2338,"date":"2020-05-13T10:50:47","date_gmt":"2020-05-13T08:50:47","guid":{"rendered":"https:\/\/forestschools.eu\/o-projekte\/exkurzia-lesnych-pedagogov-po-lesnych-skolach-v-madarsku\/"},"modified":"2020-07-21T16:03:44","modified_gmt":"2020-07-21T14:03:44","slug":"forest-pedagogy-workshop","status":"publish","type":"page","link":"https:\/\/forestschools.eu\/en\/about-the-project\/forest-pedagogy-workshop\/","title":{"rendered":"Forest pedagogy workshop"},"content":{"rendered":"<h2><strong>A trip to forest schools in Hungary &#8211; <\/strong><a href=\"https:\/\/forestschools.eu\/en\/galeria\/forest-pedagogy-workshop\/\">Gallery<\/a><\/h2>\n<p>At the end of April, almost three dozen employees of the LESY SR company, especially forest teachers, took part in an excursion to Hungarian forest schools with practical demonstrations of activities with children. During their two-day stay, they visited three accredited forestry schools:<\/p>\n<ul>\n<li>Mattress accommodation of P\u00e1la Domszke \u201eDomszky P\u00e1l Matracsz\u00e1ll\u00e1s\u201c,<\/li>\n<li>Forest Forest Museum in Kemence, N\u00edrje\u0161sk\u00e1 Botanick\u00e1 zahrada and Zveropark,<\/li>\n<li>Katalinpuszta Visitor Center and Forest School.<\/li>\n<\/ul>\n<p>Our colleagues sought inspiration for the use of the ideas of Hungarian foresters in the conditions of LESY SR, a state enterprise, thanks to the project &#8220;Foresters to increase the environmental awareness of the public&#8221;. It is implemented within the INTEEREG V-A Slovak Republic-Hungary Cooperation Program by the organizations FORESTS OF THE SLOVAK REPUBLIC, STATE ENTERPRISE, AND IPOLY ERD\u00d3 Zrt. We brought information about this project in the March issue of Lesn\u00edk.<\/p>\n<p>&#8220;We went to see the prepared program for children at the Museum of Forest Railway in Kemence, with a group of children we went on a forest railway trip, a tourist trip, during which Hungarian colleagues explained to children the importance of tourist signs and continuously explained the importance of forest management, management conditions. in the protected area of \u200b\u200bthe Borzs\u00f6ny Mountains, etc. Later in the evening, Lajos Pusk\u00e1s (Chairman of the Department for Forestry Schools of the National Forestry Society) introduced us to the state of the Hungarian Forestry Schools, their past, present and future perspectives, \u201dsummarized Nikoleta Nozdrovick\u00e1 from the EU Projects Department.<\/p>\n<p>Our colleagues were able to see for themselves that Hungarian foresters moved a little further than the Slovaks in working with the public, especially in their material security, the next day in Katalinpuszta, where Rita Kemenes introduced them to the Visitor Center and Forestry School in Katalinpuszta. their programs, activities, activities or thematic days.<\/p>\n<p>And what was the benefit of this journey according to Nozdrovick\u00e1? &#8220;Especially the exchange of experiences, inspiration from the Hungarian side, as they have publicly beneficial activities more developed than we are,&#8221; she added.<\/p>\n<p>According to Martina Koval\u010d\u00edkov\u00e1 from OZ Be\u0148u\u0161, the icing on the cake of this road was the Ny\u00edrje\u0161 Botanical Garden and zoo with an area of \u200b\u200b22 ha, with almost 600 species of plants from three continents (Europe, Asia and North America). In this 15-hectare facility, in addition to domestic ratites, exotic animals such as the brown emu, the alpaca llama, the red-necked kenuragura and the red-nosed kennel are kept.<\/p>\n<p>&#8220;Overall, I can say that the work with the public in our southern neighbors is carried out at a high level. They have invested considerable funds either in the reconstruction of old buildings (hunting lodges, farm buildings, quarters) or by building new centers. They were significantly helped in this by the Hungarian government, which, by announcing the &#8220;Blue Ribbon Hungary&#8221; program, motivated the public to get to know the country (on foot, by water, on horseback, by bike), while every effort is to provide tourists with the opportunity accommodation. &#8221;<\/p>\n<p>We want us to get at least a little closer to this state. Our company took its first step by building a forest school building at OZ Levice.<\/p>\n<p>&nbsp;<\/p>\n<p><iframe loading=\"lazy\" src=\"\/\/www.youtube.com\/embed\/8by5Ve2jNYg?feature=emb_title\" width=\"700\" height=\"393\" allowfullscreen=\"allowfullscreen\"><\/iframe><\/p>\n","protected":false},"excerpt":{"rendered":"<p>A trip to forest schools in Hungary &#8211; Gallery At the end of April, almost&#8230;<\/p>\n","protected":false},"author":2,"featured_media":0,"parent":2337,"menu_order":0,"comment_status":"closed","ping_status":"closed","template":"","meta":{"_acf_changed":false,"inline_featured_image":false,"footnotes":""},"class_list":["post-2338","page","type-page","status-publish","hentry"],"acf":[],"yoast_head":"<!-- This site is optimized with the Yoast SEO plugin v27.4 - https:\/\/yoast.com\/product\/yoast-seo-wordpress\/ -->\n<title>Forest pedagogy workshop - Forestschools.eu<\/title>\n<meta name=\"robots\" content=\"index, follow, max-snippet:-1, max-image-preview:large, max-video-preview:-1\" \/>\n<link rel=\"canonical\" href=\"https:\/\/forestschools.eu\/en\/about-the-project\/forest-pedagogy-workshop\/\" \/>\n<meta property=\"og:locale\" content=\"en_US\" \/>\n<meta property=\"og:type\" content=\"article\" \/>\n<meta property=\"og:title\" content=\"Forest pedagogy workshop - Forestschools.eu\" \/>\n<meta property=\"og:description\" content=\"A trip to forest schools in Hungary &#8211; Gallery At the end of April, almost...\" \/>\n<meta property=\"og:url\" content=\"https:\/\/forestschools.eu\/en\/about-the-project\/forest-pedagogy-workshop\/\" \/>\n<meta property=\"og:site_name\" content=\"Forestschools.eu\" \/>\n<meta property=\"article:publisher\" content=\"https:\/\/www.facebook.com\/LESYSRstatnypodnik\" \/>\n<meta property=\"article:modified_time\" content=\"2020-07-21T14:03:44+00:00\" \/>\n<meta name=\"twitter:card\" content=\"summary_large_image\" \/>\n<meta name=\"twitter:label1\" content=\"Est. reading time\" \/>\n\t<meta name=\"twitter:data1\" content=\"3 minutes\" \/>\n<script type=\"application\/ld+json\" class=\"yoast-schema-graph\">{\"@context\":\"https:\\\/\\\/schema.org\",\"@graph\":[{\"@type\":\"WebPage\",\"@id\":\"https:\\\/\\\/forestschools.eu\\\/en\\\/about-the-project\\\/forest-pedagogy-workshop\\\/\",\"url\":\"https:\\\/\\\/forestschools.eu\\\/en\\\/about-the-project\\\/forest-pedagogy-workshop\\\/\",\"name\":\"Forest pedagogy workshop - Forestschools.eu\",\"isPartOf\":{\"@id\":\"https:\\\/\\\/forestschools.eu\\\/en\\\/#website\"},\"datePublished\":\"2020-05-13T08:50:47+00:00\",\"dateModified\":\"2020-07-21T14:03:44+00:00\",\"breadcrumb\":{\"@id\":\"https:\\\/\\\/forestschools.eu\\\/en\\\/about-the-project\\\/forest-pedagogy-workshop\\\/#breadcrumb\"},\"inLanguage\":\"en-US\",\"potentialAction\":[{\"@type\":\"ReadAction\",\"target\":[\"https:\\\/\\\/forestschools.eu\\\/en\\\/about-the-project\\\/forest-pedagogy-workshop\\\/\"]}]},{\"@type\":\"BreadcrumbList\",\"@id\":\"https:\\\/\\\/forestschools.eu\\\/en\\\/about-the-project\\\/forest-pedagogy-workshop\\\/#breadcrumb\",\"itemListElement\":[{\"@type\":\"ListItem\",\"position\":1,\"name\":\"Home\",\"item\":\"https:\\\/\\\/forestschools.eu\\\/en\\\/uvod\\\/\"},{\"@type\":\"ListItem\",\"position\":2,\"name\":\"About the Project\",\"item\":\"https:\\\/\\\/forestschools.eu\\\/en\\\/about-the-project\\\/\"},{\"@type\":\"ListItem\",\"position\":3,\"name\":\"Forest pedagogy workshop\"}]},{\"@type\":\"WebSite\",\"@id\":\"https:\\\/\\\/forestschools.eu\\\/en\\\/#website\",\"url\":\"https:\\\/\\\/forestschools.eu\\\/en\\\/\",\"name\":\"Forestschools.eu\",\"description\":\"LESY SR, \u0161t\u00e1tny podnik organiza\u010dn\u00e1 zlo\u017eka OZ Podunajsko\",\"publisher\":{\"@id\":\"https:\\\/\\\/forestschools.eu\\\/en\\\/#organization\"},\"potentialAction\":[{\"@type\":\"SearchAction\",\"target\":{\"@type\":\"EntryPoint\",\"urlTemplate\":\"https:\\\/\\\/forestschools.eu\\\/en\\\/?s={search_term_string}\"},\"query-input\":{\"@type\":\"PropertyValueSpecification\",\"valueRequired\":true,\"valueName\":\"search_term_string\"}}],\"inLanguage\":\"en-US\"},{\"@type\":\"Organization\",\"@id\":\"https:\\\/\\\/forestschools.eu\\\/en\\\/#organization\",\"name\":\"Forestschools.eu\",\"url\":\"https:\\\/\\\/forestschools.eu\\\/en\\\/\",\"logo\":{\"@type\":\"ImageObject\",\"inLanguage\":\"en-US\",\"@id\":\"https:\\\/\\\/forestschools.eu\\\/en\\\/#\\\/schema\\\/logo\\\/image\\\/\",\"url\":\"https:\\\/\\\/forestschools.eu\\\/wp-content\\\/uploads\\\/2020\\\/05\\\/logo.svg\",\"contentUrl\":\"https:\\\/\\\/forestschools.eu\\\/wp-content\\\/uploads\\\/2020\\\/05\\\/logo.svg\",\"caption\":\"Forestschools.eu\"},\"image\":{\"@id\":\"https:\\\/\\\/forestschools.eu\\\/en\\\/#\\\/schema\\\/logo\\\/image\\\/\"},\"sameAs\":[\"https:\\\/\\\/www.facebook.com\\\/LESYSRstatnypodnik\"]}]}<\/script>\n<!-- \/ Yoast SEO plugin. -->","yoast_head_json":{"title":"Forest pedagogy workshop - Forestschools.eu","robots":{"index":"index","follow":"follow","max-snippet":"max-snippet:-1","max-image-preview":"max-image-preview:large","max-video-preview":"max-video-preview:-1"},"canonical":"https:\/\/forestschools.eu\/en\/about-the-project\/forest-pedagogy-workshop\/","og_locale":"en_US","og_type":"article","og_title":"Forest pedagogy workshop - Forestschools.eu","og_description":"A trip to forest schools in Hungary &#8211; Gallery At the end of April, almost...","og_url":"https:\/\/forestschools.eu\/en\/about-the-project\/forest-pedagogy-workshop\/","og_site_name":"Forestschools.eu","article_publisher":"https:\/\/www.facebook.com\/LESYSRstatnypodnik","article_modified_time":"2020-07-21T14:03:44+00:00","twitter_card":"summary_large_image","twitter_misc":{"Est. reading time":"3 minutes"},"schema":{"@context":"https:\/\/schema.org","@graph":[{"@type":"WebPage","@id":"https:\/\/forestschools.eu\/en\/about-the-project\/forest-pedagogy-workshop\/","url":"https:\/\/forestschools.eu\/en\/about-the-project\/forest-pedagogy-workshop\/","name":"Forest pedagogy workshop - Forestschools.eu","isPartOf":{"@id":"https:\/\/forestschools.eu\/en\/#website"},"datePublished":"2020-05-13T08:50:47+00:00","dateModified":"2020-07-21T14:03:44+00:00","breadcrumb":{"@id":"https:\/\/forestschools.eu\/en\/about-the-project\/forest-pedagogy-workshop\/#breadcrumb"},"inLanguage":"en-US","potentialAction":[{"@type":"ReadAction","target":["https:\/\/forestschools.eu\/en\/about-the-project\/forest-pedagogy-workshop\/"]}]},{"@type":"BreadcrumbList","@id":"https:\/\/forestschools.eu\/en\/about-the-project\/forest-pedagogy-workshop\/#breadcrumb","itemListElement":[{"@type":"ListItem","position":1,"name":"Home","item":"https:\/\/forestschools.eu\/en\/uvod\/"},{"@type":"ListItem","position":2,"name":"About the Project","item":"https:\/\/forestschools.eu\/en\/about-the-project\/"},{"@type":"ListItem","position":3,"name":"Forest pedagogy workshop"}]},{"@type":"WebSite","@id":"https:\/\/forestschools.eu\/en\/#website","url":"https:\/\/forestschools.eu\/en\/","name":"Forestschools.eu","description":"LESY SR, \u0161t\u00e1tny podnik organiza\u010dn\u00e1 zlo\u017eka OZ Podunajsko","publisher":{"@id":"https:\/\/forestschools.eu\/en\/#organization"},"potentialAction":[{"@type":"SearchAction","target":{"@type":"EntryPoint","urlTemplate":"https:\/\/forestschools.eu\/en\/?s={search_term_string}"},"query-input":{"@type":"PropertyValueSpecification","valueRequired":true,"valueName":"search_term_string"}}],"inLanguage":"en-US"},{"@type":"Organization","@id":"https:\/\/forestschools.eu\/en\/#organization","name":"Forestschools.eu","url":"https:\/\/forestschools.eu\/en\/","logo":{"@type":"ImageObject","inLanguage":"en-US","@id":"https:\/\/forestschools.eu\/en\/#\/schema\/logo\/image\/","url":"https:\/\/forestschools.eu\/wp-content\/uploads\/2020\/05\/logo.svg","contentUrl":"https:\/\/forestschools.eu\/wp-content\/uploads\/2020\/05\/logo.svg","caption":"Forestschools.eu"},"image":{"@id":"https:\/\/forestschools.eu\/en\/#\/schema\/logo\/image\/"},"sameAs":["https:\/\/www.facebook.com\/LESYSRstatnypodnik"]}]}},"_links":{"self":[{"href":"https:\/\/forestschools.eu\/en\/wp-json\/wp\/v2\/pages\/2338","targetHints":{"allow":["GET"]}}],"collection":[{"href":"https:\/\/forestschools.eu\/en\/wp-json\/wp\/v2\/pages"}],"about":[{"href":"https:\/\/forestschools.eu\/en\/wp-json\/wp\/v2\/types\/page"}],"author":[{"embeddable":true,"href":"https:\/\/forestschools.eu\/en\/wp-json\/wp\/v2\/users\/2"}],"replies":[{"embeddable":true,"href":"https:\/\/forestschools.eu\/en\/wp-json\/wp\/v2\/comments?post=2338"}],"version-history":[{"count":5,"href":"https:\/\/forestschools.eu\/en\/wp-json\/wp\/v2\/pages\/2338\/revisions"}],"predecessor-version":[{"id":2938,"href":"https:\/\/forestschools.eu\/en\/wp-json\/wp\/v2\/pages\/2338\/revisions\/2938"}],"up":[{"embeddable":true,"href":"https:\/\/forestschools.eu\/en\/wp-json\/wp\/v2\/pages\/2337"}],"wp:attachment":[{"href":"https:\/\/forestschools.eu\/en\/wp-json\/wp\/v2\/media?parent=2338"}],"curies":[{"name":"wp","href":"https:\/\/api.w.org\/{rel}","templated":true}]}}